{"id":1804,"date":"2013-02-24T19:13:19","date_gmt":"2013-02-24T18:13:19","guid":{"rendered":"http:\/\/www.rops-bialystok.pl\/rops\/?page_id=1804"},"modified":"2013-02-27T11:03:32","modified_gmt":"2013-02-27T10:03:32","slug":"dzial-polityki-spolecznej","status":"publish","type":"page","link":"https:\/\/rops-bialystok.pl\/rops\/?page_id=1804","title":{"rendered":"Dzia\u0142 polityki spo\u0142ecznej"},"content":{"rendered":"<div>Celem\u00a0dzia\u0142ania O\u015brodka jest realizacja zada\u0144 Samorz\u0105du Wojew\u00f3dztwa Podlaskiego w zakresie polityki spo\u0142ecznej, a w szczeg\u00f3lno\u015bci pomocy spo\u0142ecznej, profilaktyki i rozwi\u0105zywania problem\u00f3w alkoholowych, narkomanii, przeciwdzia\u0142ania wykluczeniu spo\u0142ecznemu, rehabilitacji spo\u0142ecznej i zawodowej os\u00f3b niepe\u0142nosprawnych, przeciwdzia\u0142ania przemocy, a tak\u017ce realizacja zada\u0144 w zakresie \u015bwiadcze\u0144 rodzinnych.<\/div>\n<div>Do zada\u0144 O\u015brodka nale\u017cy w szczeg\u00f3lno\u015bci:<\/div>\n<ul>\n<li>opracowanie, aktualizowanie, koordynowanie i realizacja strategii wojew\u00f3dzkiej w zakresie polityki spo\u0142ecznej b\u0119d\u0105cej integraln\u0105 cz\u0119\u015bci\u0105 strategii rozwoju wojew\u00f3dztwa obejmuj\u0105cej w szczeg\u00f3lno\u015bci programy: przeciwdzia\u0142ania wykluczeniu spo\u0142ecznemu, wyr\u00f3wnywania szans os\u00f3b niepe\u0142nosprawnych, pomocy spo\u0142ecznej, profilaktyki i rozwi\u0105zywania problem\u00f3w alkoholowych, przeciwdzia\u0142ania przemocy w rodzinie, wsp\u00f3\u0142pracy z organizacjami pozarz\u0105dowymi \u2013 po konsultacji z powiatami,<\/li>\n<li>organizowanie szkolenia i kszta\u0142cenia zawodowego s\u0142u\u017cb pomocy spo\u0142ecznej<\/li>\n<li>rozpoznawanie przyczyn ub\u00f3stwa oraz opracowywanie regionalnych program\u00f3w pomocy spo\u0142ecznej wspieraj\u0105cych samorz\u0105dy lokalne w dzia\u0142aniach na rzecz ograniczenia tego zjawiska,<\/li>\n<li>inspirowanie i promowanie nowych rozwi\u0105za\u0144 w zakresie pomocy spo\u0142ecznej,<\/li>\n<li>organizowanie i prowadzenie regionalnych jednostek organizacyjnych pomocy spo\u0142ecznej,<\/li>\n<li>prowadzenie banku danych o wolnych miejscach w ca\u0142odobowych plac\u00f3wkach opieku\u0144czo-wychowawczych na terenie wojew\u00f3dztwa podlaskiego,<\/li>\n<li>sporz\u0105dzanie sprawozdawczo\u015bci oraz przekazywanie jej Wojewodzie Podlaskiemu r\u00f3wnie\u017c w wersji elektronicznej, z zastosowaniem systemu teleinformatycznego,<\/li>\n<li>sporz\u0105dzanie bilansu potrzeb w zakresie pomocy spo\u0142ecznej i przekazywanie go Wojewodzie Podlaskiemu,<\/li>\n<li>podejmowanie dzia\u0142a\u0144 na rzecz profilaktyki i rozwi\u0105zywania problem\u00f3w alkoholowych i innych uzale\u017cnie\u0144 oraz przeciwdzia\u0142ania przemocy w rodzinie, w tym gospodarowanie \u015brodkami finansowymi pochodz\u0105cymi z op\u0142at za wydanie zezwole\u0144 na obr\u00f3t hurtowy napojami alkoholowymi do 18% zawarto\u015bci alkoholu,<\/li>\n<li>wsp\u00f3\u0142praca z organizacjami pozarz\u0105dowymi oraz podmiotami ko\u015bcielnymi dzia\u0142aj\u0105cymi w sektorze socjalnym,<\/li>\n<li>wsp\u00f3\u0142praca z\u00a0jednostkami administracji rz\u0105dowej i samorz\u0105dowej, uczelniami wy\u017cszymi, pracodawcami oraz innymi osobami prawnymi i fizycznymi przy realizacji zada\u0144,<\/li>\n<li>tworzenie i realizacja program\u00f3w wsp\u00f3\u0142finansowanych ze \u015brodk\u00f3w Unii Europejskiej i innych,<\/li>\n<li>realizacja spraw dotycz\u0105cych \u015bwiadcze\u0144 rodzinnych w ramach koordynacji system\u00f3w zabezpieczenia spo\u0142ecznego w przypadku przemieszczania si\u0119 os\u00f3b w granicach Unii Europejskiej, Europejskiego Obszaru Gospodarczego i Szwajcarii.<\/li>\n<\/ul>\n<hr style=\"width: 100%;\" width=\"100%\" \/>\n<h3>\u00a0<\/h3>\n<h3>Prawo dotycz\u0105ce pomocy spo\u0142ecznej:<\/h3>\n<ul>\n<li><a href=\"http:\/\/www.rops-bialystok.pl\/downloads\/ustawa_pomoc_spoleczna.pdf\">USTAWA z dnia 12 marca 2004 r. o pomocy spo\u0142ecznej<\/a><\/li>\n<li><a href=\"http:\/\/www.rops-bialystok.pl\/downloads\/ustawa_pozytek_wolontariat.pdf\">USTAWA z dnia 24 kwietnia 2003 r. o dzia\u0142alno\u015bci po\u017cytku publicznego i o wolontariacie<\/a><\/li>\n<li><a href=\"http:\/\/www.rops.wrotapodlasia.pl\/pl\/pomoc_spoleczna\/var\/resources\/48\/75\/31\/Ustawa_o_zatrudnieniu_socjalnym_1.pdf\">USTAWA z dnia 13 czerwca 2003 r. o zatrudnieniu socjalnym<\/a><\/li>\n<li><a href=\"http:\/\/www.rops.wrotapodlasia.pl\/pl\/pomoc_spoleczna\/var\/resources\/48\/75\/31\/w_sprawie_okreslenia_wzoru_oferty_podmiotu_uprawnionego_1.pdf\">ROZPORZ\u0104DZENIE MINISTRA POLITYKI SPO\u0141ECZNEJ\u00a0 z dnia 8 marca 2005 r.\u00a0<br \/> <\/a><a>w sprawie okre\u015blonego wzoru ofert podmiotu uprawnionego<\/a><\/li>\n<li><a href=\"http:\/\/www.rops.wrotapodlasia.pl\/pl\/pomoc_spoleczna\/var\/resources\/48\/75\/31\/w_sprawie_okreslenia_ramowego_wzoru_umowy.pdf\">ROZPORZ\u0104DZENIE MINISTRA POLITYKI SPO\u0141ECZNEJ\u00a0 z dnia 4 kwietnia 2005 r.\u00a0<br \/> <\/a><a>w sprawie okre\u015blenia ramowego wzoru umowy o realizacj\u0119 zadania z zakresu pomocy spo\u0142ecznej<\/a><\/li>\n<li><a href=\"http:\/\/www.rops.wrotapodlasia.pl\/pl\/pomoc_spoleczna\/var\/resources\/48\/75\/31\/w_spr._okr._wzoru_sprawozdania_z_realizacji_zad._z_ps.pdf\">ROZPORZ\u0104DZENIE MINISTRA POLITYKI SPO\u0141ECZNEJ\u00a0 z dnia 8 marca 2005 r.\u00a0<br \/> <\/a><a>w sprawie okre\u015blonego wzoru sprawozdania z realizacji zadania z zakresu pomocy spo\u0142ecznej<\/a><\/li>\n<li><a href=\"http:\/\/www.rops.wrotapodlasia.pl\/pl\/pomoc_spoleczna\/var\/resources\/48\/75\/31\/w_sprawie_specjalizacji_z_zakresu_organizacji_pomocy_spolecznej_1.pdf\">ROZPORZ\u0104DZENIE MINISTRA POLITYKI SPO\u0141ECZNEJ\u00a0 z dnia 22 wrze\u015bnia 2004 r.\u00a0<br \/> <\/a><a>w sprawie specjalizacji z zakresu organizacji pomocy spo\u0142ecznej<\/a><\/li>\n<li><a href=\"http:\/\/www.rops.wrotapodlasia.pl\/pl\/pomoc_spoleczna\/var\/resources\/48\/75\/31\/w_sprawie_specjalizacji_w_zawodzie_pracownik_socjalny_1.pdf\">ROZPORZ\u0104DZENIE MINISTRA POLITYKI SPO\u0141ECZNEJ\u00a0 z dnia 2 sierpnia 2005 r.\u00a0<br \/> <\/a><a>w sprawie specjalizacji w zawodzie pracownik socjalny<\/a><\/li>\n<li><a href=\"http:\/\/www.rops.wrotapodlasia.pl\/pl\/pomoc_spoleczna\/var\/resources\/48\/75\/31\/w_sprawie_nadzoru_i_kontroli_w_pomocy_spolecznej_1.pdf\">ROZPORZ\u0104DZENIE MINISTRA POLITYKI SPO\u0141ECZNEJ\u00a0 z dnia 23 marca 2005 r.\u00a0<br \/> <\/a><a>w sprawie nadzoru i kontroli w pomocy spo\u0142ecznej<\/a><\/li>\n<li><a href=\"http:\/\/www.rops.wrotapodlasia.pl\/pl\/pomoc_spoleczna\/var\/resources\/48\/75\/31\/w_sprawie_Rady_Pomocy_Spolecznej_1.pdf\">ROZPORZ\u0104DZENIE MINISTRA POLITYKI SPO\u0141ECZNEJ\u00a0 z dnia 17 grudnia 2004 r.\u00a0<br \/> <\/a><a>w<\/a> <a href=\"http:\/\/www.rops.wrotapodlasia.pl\/pl\/pomoc_spoleczna\/var\/resources\/48\/75\/31\/w_sprawie_Rady_Pomocy_Spolecznej_1.pdf\">sprawie Rady Pomocy Spo\u0142ecznej<\/a><\/li>\n<li><a href=\"http:\/\/www.rops.wrotapodlasia.pl\/pl\/pomoc_spoleczna\/var\/resources\/48\/75\/31\/w_sprawie_wzoru_kontraktu_socjalnego_1.pdf\">ROZPORZ\u0104DZENIE MINISTRA POLITYKI SPO\u0141ECZNEJ\u00a0 z dnia 1 marca 2005 r.\u00a0<br \/> <\/a><a>w sprawie wzoru kontraktu socjalnego<\/a><\/li>\n<li><a href=\"http:\/\/www.rops.wrotapodlasia.pl\/pl\/pomoc_spoleczna\/var\/resources\/48\/75\/31\/w_sprawie_rodzinnego_wywiadu_srodowiskowego_1.pdf\">ROZPORZ\u0104DZENIE MINISTRA POLITYKI SPO\u0141ECZNEJ\u00a0 z dnia 19 kwietnia 2005 r.\u00a0<br \/> <\/a><a>w sprawie rodzinnego wywiadu \u015brodowiskowego<\/a><\/li>\n<li><a href=\"http:\/\/www.rops.wrotapodlasia.pl\/pl\/pomoc_spoleczna\/var\/resources\/48\/75\/31\/w_sprawie_placowek_opiekunczo_wychowawczych_1.pdf\">ROZPORZ\u0104DZENIE MINISTRA PRACY I POLITYKI SPO\u0141ECZNEJ\u00a0 z dnia 19 pa\u017adziernika 2007 r.\u00a0<br \/> <\/a><a>w sprawie plac\u00f3wek opieku\u0144czo-wychowawczych<\/a><\/li>\n<li><a href=\"http:\/\/www.rops.wrotapodlasia.pl\/pl\/pomoc_spoleczna\/var\/resources\/48\/75\/31\/w_sprawie_rodzin_zastepczych_1.pdf\">ROZPORZ\u0104DZENIE MINISTRA POLITYKI SPO\u0141ECZNEJ\u00a0 z dnia 18 pa\u017adziernika 2004 r.\u00a0<br \/> <\/a><a>w sprawie rodzin zast\u0119pczych<\/a><\/li>\n<li><a href=\"http:\/\/www.rops.wrotapodlasia.pl\/pl\/pomoc_spoleczna\/var\/resources\/48\/75\/31\/w_sprawie_rodzinnych_domow_pomocy_1.pdf\">ROZPORZ\u0104DZENIE MINISTRA POLITYKI SPO\u0141ECZNEJ\u00a0 z dnia 28 lipca 2005 r.\u00a0<br \/> <\/a><a>w sprawie rodzinnych dom\u00f3w pomocy<\/a><\/li>\n<li><a href=\"http:\/\/www.rops.wrotapodlasia.pl\/pl\/pomoc_spoleczna\/var\/resources\/48\/75\/31\/w_sprawie_okreslenia_zryczaltowanej_kwoty_na_utrzymanie_dziecka.pdf\">ROZPORZ\u0104DZENIE MINISTRA POLITYKI SPO\u0141ECZNEJ\u00a0 z dnia 5 listopada 2004 r.\u00a0<br \/> <\/a><a>w sprawie okre\u015blenia zrycza\u0142towanej kwoty na utrzymanie dziecka oraz stawek na bie\u017c\u0105ce funkcjonowanie plac\u00f3wki rodzinnej<\/a><\/li>\n<li><a href=\"http:\/\/www.rops.wrotapodlasia.pl\/pl\/pomoc_spoleczna\/var\/resources\/48\/75\/31\/w_sprawie_przyznawania_nagrod_specjalnych.pdf\">ROZPORZ\u0104DZENIE MINISTRA POLITYKI SPO\u0141ECZNEJ\u00a0 z dnia 7 kwietnia 2005 r.\u00a0<br \/> <\/a><a>w sprawie przyznania nagr\u00f3d specjalnych w zakresie pomocy spo\u0142ecznej<\/a><\/li>\n<li><a href=\"http:\/\/www.rops.wrotapodlasia.pl\/pl\/pomoc_spoleczna\/var\/resources\/48\/75\/31\/w_sprawie_domow_pomocy_spolecznej_1.pdf\">ROZPORZ\u0104DZENIE MINISTRA POLITYKI SPO\u0141ECZNEJ\u00a0 z dnia 19 pa\u017adziernika 2005 r.\u00a0<br \/> <\/a><a>w sprawie dom\u00f3w pomocy spo\u0142ecznej<\/a><\/li>\n<\/ul>\n","protected":false},"excerpt":{"rendered":"<p>Celem\u00a0dzia\u0142ania O\u015brodka jest realizacja zada\u0144 Samorz\u0105du Wojew\u00f3dztwa Podlaskiego w zakresie polityki spo\u0142ecznej, a w szczeg\u00f3lno\u015bci pomocy spo\u0142ecznej, profilaktyki i rozwi\u0105zywania problem\u00f3w alkoholowych, narkomanii, przeciwdzia\u0142ania wykluczeniu spo\u0142ecznemu, rehabilitacji spo\u0142ecznej i zawodowej os\u00f3b niepe\u0142nosprawnych, przeciwdzia\u0142ania przemocy, a tak\u017ce realizacja zada\u0144 w zakresie \u015bwiadcze\u0144 rodzinnych. Do zada\u0144 O\u015brodka nale\u017cy w szczeg\u00f3lno\u015bci: opracowanie, aktualizowanie, koordynowanie i realizacja strategii wojew\u00f3dzkiej [&hellip;]<\/p>\n","protected":false},"author":12,"featured_media":0,"parent":0,"menu_order":0,"comment_status":"closed","ping_status":"closed","template":"","meta":{"ngg_post_thumbnail":0,"footnotes":""},"class_list":["post-1804","page","type-page","status-publish","hentry"],"_links":{"self":[{"href":"https:\/\/rops-bialystok.pl\/rops\/index.php?rest_route=\/wp\/v2\/pages\/1804","targetHints":{"allow":["GET"]}}],"collection":[{"href":"https:\/\/rops-bialystok.pl\/rops\/index.php?rest_route=\/wp\/v2\/pages"}],"about":[{"href":"https:\/\/rops-bialystok.pl\/rops\/index.php?rest_route=\/wp\/v2\/types\/page"}],"author":[{"embeddable":true,"href":"https:\/\/rops-bialystok.pl\/rops\/index.php?rest_route=\/wp\/v2\/users\/12"}],"replies":[{"embeddable":true,"href":"https:\/\/rops-bialystok.pl\/rops\/index.php?rest_route=%2Fwp%2Fv2%2Fcomments&post=1804"}],"version-history":[{"count":4,"href":"https:\/\/rops-bialystok.pl\/rops\/index.php?rest_route=\/wp\/v2\/pages\/1804\/revisions"}],"predecessor-version":[{"id":1939,"href":"https:\/\/rops-bialystok.pl\/rops\/index.php?rest_route=\/wp\/v2\/pages\/1804\/revisions\/1939"}],"wp:attachment":[{"href":"https:\/\/rops-bialystok.pl\/rops\/index.php?rest_route=%2Fwp%2Fv2%2Fmedia&parent=1804"}],"curies":[{"name":"wp","href":"https:\/\/api.w.org\/{rel}","templated":true}]}}