{"id":18312,"date":"2021-06-24T10:29:15","date_gmt":"2021-06-24T08:29:15","guid":{"rendered":"http:\/\/www.rops-bialystok.pl\/rops\/?page_id=18312"},"modified":"2023-04-04T13:49:50","modified_gmt":"2023-04-04T11:49:50","slug":"o-projekcie-pn-dac-to-czego-naprawde-potrzeba","status":"publish","type":"page","link":"https:\/\/rops-bialystok.pl\/rops\/?page_id=18312","title":{"rendered":"O projekcie pn. \u201eDa\u0107 to, czego naprawd\u0119 potrzeba\u201d"},"content":{"rendered":"<p><img loading=\"lazy\" decoding=\"async\" src=\"http:\/\/www.rops-bialystok.pl\/rops\/wp-content\/uploads\/2021\/06\/projekt-model-pompcy.png\" alt=\"Logo Projekt dofinansowany przez Uni\u0119 Europejsk\u0105 z Europejskiego programu na rzecz zatrudnienia i innowacji spo\u0142eczneych&quot;EaSI&quot; (2014-2020)\" width=\"574\" height=\"98\"\/>&nbsp;<\/p>\n<p>&nbsp;<\/p>\n<p>Regionalny O\u015brodek Polityki Spo\u0142ecznej w Bia\u0142ymstoku jest wsp\u00f3\u0142realizatorem projektu partnerskiego pn.:\u201dDa\u0107 to, czego naprawd\u0119 potrzeba\u201d \u2013 To give what is reallyneeded\u201d Innowacyjny model profesjonalnej opieki domowej nad osobami zale\u017cnymi, nieuleczalnie&nbsp; i przewlekle chorymi oraz wsparcia ich opiekun\u00f3w na terenach wiejskich, finansowanego przez Komisj\u0119 Europejsk\u0105 w ramach Europejskiego programu na rzecz zatrudnienia&nbsp; i innowacji spo\u0142ecznych (EaSI) 2014\u20132020 finansowanego ze \u015brodk\u00f3w Unii Europejskiej.<\/p>\n<p>Projekt realizowany jest przez 4 Partner\u00f3w tj.: Lidera &#8211; Fundacja Hospicjum Proroka Eliasza w Micha\u0142owie oraz Partner\u00f3w: Regionalny O\u015brodek Polityki Spo\u0142ecznej w Bia\u0142ymstoku, Instytut Rozwoju Wsi i Rolnictwa Polskiej Akademii Nauk oraz O\u015brodek Wspierania Organizacji Pozarz\u0105dowych w Bia\u0142ymstoku.<\/p>\n<p>Celem Projektu jest wypracowanie i wdro\u017cenie innowacyjnego modelu profesjonalnej opieki domowej nad osobami zale\u017cnymi, nieuleczalnie i przewlekle chorymi oraz wsparcia ich opiekun\u00f3w na terenach wiejskich. Dzia\u0142aniem innowacji obj\u0119tych zostanie 5 gmin (tj. gminy: Micha\u0142owo, Gr\u00f3dek, Zab\u0142ud\u00f3w, Narew i Narewka) oraz 2 powiaty (tj. powiat bia\u0142ostocki<br \/>\ni hajnowski) wojew\u00f3dztwa podlaskiego.<\/p>\n<p>Projekt realizowany b\u0119dzie do 29.02.2024 r. w formule partnerskiej, na podstawie umowy konsorcjum.<\/p>\n<p>Przedmiotowy projekt ma na celu:<\/p>\n<ul>\n<li>poprawienie dost\u0119pno\u015bci do opieki i jako\u015bci \u017cycia os\u00f3b przewlekle i nieuleczalnie chorych oraz ich opiekun\u00f3w (poprawienie jako\u015bci \u017cycia opiekun\u00f3w);<\/li>\n<li>stworzenie miejsca pracy daj\u0105cego cz\u0142onkom nowego zespo\u0142u hospicyjnego mo\u017cliwo\u015b\u0107 rozwoju, rado\u015b\u0107, satysfakcj\u0119 i poczucie sensu wykonywanej pracy;<\/li>\n<li>stworzenie modelu opieki nad osobami zale\u017cnymi i nieuleczalnie chorymi oraz ich opiekunami na wsiach, kt\u00f3ry jest racjonalniejszy ekonomicznie ni\u017c obecnie proponowany i daje si\u0119 multiplikowa\u0107 oraz powiela\u0107 w PL i EU oraz b\u0119dzie podstaw\u0105 do zmian w ustawodawstwie dotycz\u0105cym sprawowania takiej opieki.<\/li>\n<\/ul>\n<p>&nbsp;<\/p>\n<p>Zadaniem ROPS w Bia\u0142ymstoku b\u0119dzie moderowanie i wspieranie powstawania w miejscu realizacji projektu sieci wsp\u00f3\u0142pracy pomi\u0119dzy instytucjami, organizacjami oraz osobami zale\u017cnymi i ich rodzinami. Do tego celu zaplanowano przeprowadzenie szeregu spotka\u0144\/szkole\u0144, w efekcie kt\u00f3rych poszczeg\u00f3lne organizacje nawi\u0105\u017c\u0105 wsp\u00f3\u0142prac\u0119 pomi\u0119dzy sob\u0105, a tak\u017ce potencjalnymi beneficjentami ich dzia\u0142a\u0144 pomocowych. Sprawnie dzia\u0142aj\u0105ca sie\u0107 jest jednym z podstawowych za\u0142o\u017ce\u0144 i warunk\u00f3w skuteczno\u015bci innowacji.<\/p>\n<p>&nbsp;<\/p>\n<p>Regionalny O\u015brodek Polityki Spo\u0142ecznej w Bia\u0142ymstoku we wsp\u00f3\u0142pracy z partnerami Projektu opracuje model wsp\u00f3\u0142pracy (partnerstwa) lokalnych instytucji i organizacji \u015bwiadcz\u0105cych us\u0142ugi na rzecz os\u00f3b starszych i zale\u017cnych oraz b\u0119dzie wspiera\u0142 merytorycznie spos\u00f3b wdra\u017cania innowacji. Ponadto jako partner projektu zorganizuje cykl spotka\u0144\/szkole\u0144 na terenie ka\u017cdej z 5 gmin, w kt\u00f3rej dzia\u0142a Lider (Micha\u0142owo, Gr\u00f3dek, Narew, Narewka, Zab\u0142ud\u00f3w) oraz powiatach wojew\u00f3dztwa podlaskiego dla przedstawicieli instytucji pomocy spo\u0142ecznej, opieki medycznej, cz\u0142onk\u00f3w formalnych i nieformalnych spo\u0142ecznych organizacji lokalnych, duchownych, pracownik\u00f3w s\u0142u\u017cb mundurowych, w\u0142adz lokalnych i innych podmiot\u00f3w sektorowych, a tak\u017ce zorganizuje konsultacje og\u00f3lnokrajowe Modelu innowacji w trakcie Konwentu Dyrektor\u00f3w ROPS-\u00f3w i Departament\u00f3w Zdrowia z ca\u0142ego kraju. Na zako\u0144czenie projektu ROPS w Bia\u0142ymstoku, na podstawie efekt\u00f3w testowanej innowacji przygotuje rekomendacje dla po\u017c\u0105danych zmian systemowych.<\/p>\n<p>W ramach realizacji Projektu przeprowadzone b\u0119d\u0105 nast\u0119puj\u0105ce dzia\u0142ania:<\/p>\n<ul>\n<li>budowa sieci partnerstw lokalnych instytucji i organizacji \u015bwiadcz\u0105cych us\u0142ugi na rzecz os\u00f3b starszych i zale\u017cnych,<\/li>\n<li>wypracowanie, konsultacja i doprecyzowanie za\u0142o\u017ce\u0144 koncepcji innowacyjnego Modelu profesjonalnej opieki domowej nad osobami zale\u017cnymi, nieuleczalnie<br \/>\ni przewlekle chorymi oraz wsparcia ich opiekun\u00f3w na terenach wiejskich,<\/li>\n<li>wspieranie i moderowanie sieci partnerstw w trakcie wdra\u017cania Modelu,<\/li>\n<li>organizacja i przeprowadzenie konsultacji warsztatowych z testowanego Modelu Innowacji dla przedstawicieli podmiot\u00f3w spo\u0142ecznych i medycznych w 14 powiatach woj. podlaskiego, w tym wsp\u00f3lne wypracowanie rekomendacji dokumentu Modelu na poziomie wojew\u00f3dzkim,<\/li>\n<li>przeprowadzenie og\u00f3lnokrajowych konsultacji Modelu Innowacji w trakcie dw\u00f3ch spotka\u0144 Konwentu Dyrektor\u00f3w ROPS i Departament\u00f3w Zdrowia z ca\u0142ej Polski oraz wypracowanie rekomendacji dokumentu Modelu na poziomie krajowym,<\/li>\n<li>opracowanie ko\u0144cowej rekomendacji finalnego dokumentu Modelu, w tym rekomendacji reformy systemowej w zakresie publicznej opieki d\u0142ugoterminowej na szczeblu og\u00f3lnokrajowym,<\/li>\n<\/ul>\n<p>&nbsp;<\/p>\n<p>Dzia\u0142ania projektu wpisuj\u0105 si\u0119 w ide\u0119 deinstytucjonalizacji oraz za\u0142o\u017cenia Strategii Wojew\u00f3dztwa Podlaskiego. Ponadto jednym z zada\u0144 ROPS-u w Bia\u0142ymstoku jest inspirowanie i promowanie nowych rozwi\u0105za\u0144 w zakresie pomocy spo\u0142ecznej.<\/p>\n","protected":false},"excerpt":{"rendered":"<p>&nbsp; &nbsp; Regionalny O\u015brodek Polityki Spo\u0142ecznej w Bia\u0142ymstoku jest wsp\u00f3\u0142realizatorem projektu partnerskiego pn.:\u201dDa\u0107 to, czego naprawd\u0119 potrzeba\u201d \u2013 To give what is reallyneeded\u201d Innowacyjny model profesjonalnej opieki domowej nad osobami zale\u017cnymi, nieuleczalnie&nbsp; i przewlekle chorymi oraz wsparcia ich opiekun\u00f3w na terenach wiejskich, finansowanego przez Komisj\u0119 Europejsk\u0105 w ramach Europejskiego programu na rzecz zatrudnienia&nbsp; i innowacji [&hellip;]<\/p>\n","protected":false},"author":15,"featured_media":0,"parent":0,"menu_order":0,"comment_status":"closed","ping_status":"closed","template":"","meta":{"ngg_post_thumbnail":0,"footnotes":""},"class_list":["post-18312","page","type-page","status-publish","hentry"],"_links":{"self":[{"href":"https:\/\/rops-bialystok.pl\/rops\/index.php?rest_route=\/wp\/v2\/pages\/18312","targetHints":{"allow":["GET"]}}],"collection":[{"href":"https:\/\/rops-bialystok.pl\/rops\/index.php?rest_route=\/wp\/v2\/pages"}],"about":[{"href":"https:\/\/rops-bialystok.pl\/rops\/index.php?rest_route=\/wp\/v2\/types\/page"}],"author":[{"embeddable":true,"href":"https:\/\/rops-bialystok.pl\/rops\/index.php?rest_route=\/wp\/v2\/users\/15"}],"replies":[{"embeddable":true,"href":"https:\/\/rops-bialystok.pl\/rops\/index.php?rest_route=%2Fwp%2Fv2%2Fcomments&post=18312"}],"version-history":[{"count":4,"href":"https:\/\/rops-bialystok.pl\/rops\/index.php?rest_route=\/wp\/v2\/pages\/18312\/revisions"}],"predecessor-version":[{"id":21025,"href":"https:\/\/rops-bialystok.pl\/rops\/index.php?rest_route=\/wp\/v2\/pages\/18312\/revisions\/21025"}],"wp:attachment":[{"href":"https:\/\/rops-bialystok.pl\/rops\/index.php?rest_route=%2Fwp%2Fv2%2Fmedia&parent=18312"}],"curies":[{"name":"wp","href":"https:\/\/api.w.org\/{rel}","templated":true}]}}