{"id":19859,"date":"2022-05-24T14:10:12","date_gmt":"2022-05-24T12:10:12","guid":{"rendered":"http:\/\/www.rops-bialystok.pl\/rops\/?page_id=19859"},"modified":"2023-07-13T13:28:46","modified_gmt":"2023-07-13T11:28:46","slug":"nie-ufaj-bez-granicznie-nie-stan-sie-ofiara-handlu-ludzmi","status":"publish","type":"page","link":"https:\/\/rops-bialystok.pl\/rops\/?page_id=19859","title":{"rendered":"Nie ufaj bezgranicznie &#8211; nie sta\u0144 si\u0119 ofiar\u0105 handlu lud\u017ami"},"content":{"rendered":"<h3><strong><span style=\"color: #000000;\">wersja polska:<\/span><\/strong><\/h3>\n<p>wideo:&nbsp;<a href=\"https:\/\/youtu.be\/YMl9s_u65qI\">youtube.com &#8211; Nie ufaj bezgranicznie &#8211; nie sta\u0144 si\u0119 ofiar\u0105 handlu lud\u017ami<\/a><\/p>\n<p><a href=\"https:\/\/www.gov.pl\/web\/mswia\/informacja-dla-uchodzcow-z-ukrainy\">Polska wersja strony MSWiA &#8211; Informacja dla uchod\u017ac\u00f3w z Ukrainy<\/a><\/p>\n<p>&nbsp;<\/p>\n<h3><strong><span style=\"color: #000000;\">wersja ukrai\u0144ska (\u0423\u043a\u0440\u0430\u0457\u043d\u0441\u044c\u043a\u0430 \u0432\u0435\u0440\u0441\u0456\u044f):<\/span><\/strong><\/h3>\n<p>wideo:&nbsp;<a href=\"https:\/\/youtu.be\/l2q3rU0YtyI\">youtube.com &#8211; \u041d\u0435 \u0434\u043e\u0432\u0456\u0440\u044f\u0439\u0442\u0435 \u0431\u0435\u0437\u043c\u0435\u0436\u043d\u043e. \u041d\u0435 \u0441\u0442\u0430\u043d\u044c\u0442\u0435 \u0436\u0435\u0440\u0442\u0432\u043e\u044e \u0442\u043e\u0440\u0433\u0456\u0432\u043b\u0456 \u043b\u044e\u0434\u044c\u043c\u0438<\/a><\/p>\n<p><a href=\"https:\/\/www.gov.pl\/web\/mswia-en\/information-for-refugees-from-ukraine\">English website version of MSWiA &#8211; Information for refugees from Ukraine<\/a><\/p>\n","protected":false},"excerpt":{"rendered":"<p>wersja polska: wideo:&nbsp;youtube.com &#8211; Nie ufaj bezgranicznie &#8211; nie sta\u0144 si\u0119 ofiar\u0105 handlu lud\u017ami Polska wersja strony MSWiA &#8211; Informacja dla uchod\u017ac\u00f3w z Ukrainy &nbsp; wersja ukrai\u0144ska (\u0423\u043a\u0440\u0430\u0457\u043d\u0441\u044c\u043a\u0430 \u0432\u0435\u0440\u0441\u0456\u044f): wideo:&nbsp;youtube.com &#8211; \u041d\u0435 \u0434\u043e\u0432\u0456\u0440\u044f\u0439\u0442\u0435 \u0431\u0435\u0437\u043c\u0435\u0436\u043d\u043e. \u041d\u0435 \u0441\u0442\u0430\u043d\u044c\u0442\u0435 \u0436\u0435\u0440\u0442\u0432\u043e\u044e \u0442\u043e\u0440\u0433\u0456\u0432\u043b\u0456 \u043b\u044e\u0434\u044c\u043c\u0438 English website version of MSWiA &#8211; Information for refugees from Ukraine<\/p>\n","protected":false},"author":16,"featured_media":0,"parent":0,"menu_order":0,"comment_status":"closed","ping_status":"closed","template":"","meta":{"ngg_post_thumbnail":0,"footnotes":""},"class_list":["post-19859","page","type-page","status-publish","hentry"],"_links":{"self":[{"href":"https:\/\/rops-bialystok.pl\/rops\/index.php?rest_route=\/wp\/v2\/pages\/19859","targetHints":{"allow":["GET"]}}],"collection":[{"href":"https:\/\/rops-bialystok.pl\/rops\/index.php?rest_route=\/wp\/v2\/pages"}],"about":[{"href":"https:\/\/rops-bialystok.pl\/rops\/index.php?rest_route=\/wp\/v2\/types\/page"}],"author":[{"embeddable":true,"href":"https:\/\/rops-bialystok.pl\/rops\/index.php?rest_route=\/wp\/v2\/users\/16"}],"replies":[{"embeddable":true,"href":"https:\/\/rops-bialystok.pl\/rops\/index.php?rest_route=%2Fwp%2Fv2%2Fcomments&post=19859"}],"version-history":[{"count":17,"href":"https:\/\/rops-bialystok.pl\/rops\/index.php?rest_route=\/wp\/v2\/pages\/19859\/revisions"}],"predecessor-version":[{"id":21395,"href":"https:\/\/rops-bialystok.pl\/rops\/index.php?rest_route=\/wp\/v2\/pages\/19859\/revisions\/21395"}],"wp:attachment":[{"href":"https:\/\/rops-bialystok.pl\/rops\/index.php?rest_route=%2Fwp%2Fv2%2Fmedia&parent=19859"}],"curies":[{"name":"wp","href":"https:\/\/api.w.org\/{rel}","templated":true}]}}