{"id":19916,"date":"2022-06-02T13:30:32","date_gmt":"2022-06-02T11:30:32","guid":{"rendered":"http:\/\/www.rops-bialystok.pl\/rops\/?page_id=19916"},"modified":"2022-06-02T13:30:32","modified_gmt":"2022-06-02T11:30:32","slug":"szkolenie-pn-prawne-aspekty-dzialan-wynikajacych-z-funduszu-solidarnosciowego-dawniej-sfwon","status":"publish","type":"page","link":"https:\/\/rops-bialystok.pl\/rops\/?page_id=19916","title":{"rendered":"Szkolenie pn. &#8222;Prawne aspekty dzia\u0142a\u0144 wynikaj\u0105cych z Funduszu Solidarno\u015bciowego (dawniej &#8222;SFWON&#8221;)&#8221;"},"content":{"rendered":"<div class='pfpItem entry-content'><h2 class='entry-title'><a href='https:\/\/rops-bialystok.pl\/rops\/?p=20137'>Szkolenie w trybie stacjonarnym pn. \u201ePrawne aspekty dzia\u0142a\u0144 wynikaj\u0105cych z Funduszu Solidarno\u015bciowego (dawniej \u201eSFWON\u201d)\u201d realizowane w ramach projektu partnerskiego pn. \u201eAkademia Pomocy Spo\u0142ecznej\u201d w ramach Programu Operacyjnego Wiedza Edukacja Rozw\u00f3j na lata 2014-2020 wsp\u00f3\u0142finansowanego ze \u015brodk\u00f3w Europejskiego Funduszu Spo\u0142ecznego<\/a><\/h2><div class='entry-meta'>Opublikowane 29 czerwca, 2022 r. <\/div><img loading=\"lazy\" decoding=\"async\" class=\"alignleft wp-image-16714\" src=\"http:\/\/www.rops-bialystok.pl\/rops\/wp-content\/uploads\/2020\/04\/apsloo-150x150.png\" alt=\"Logo Akademii Pomocy Spo\u0142ecznej\" width=\"126\" height=\"95\"\/>W dniach 23 i 24 czerwca 2022 r. odby\u0142y si\u0119 2 jednodniowe szkolenia w trybie stacjonarnym pn. \u201ePrawne aspekty dzia\u0142a\u0144 wynikaj\u0105cych z Funduszu Solidarno\u015bciowego (dawniej \u201eSFWON\u201d)\u201d realizowane w ramach projektu partnerskiego pn. \u201eAkademia Pomocy Spo\u0142ecznej\u201d w ramach Programu Operacyjnego Wiedza Edukacja Rozw\u00f3j na lata 2014-2020 wsp\u00f3\u0142finansowanego ze \u015brodk\u00f3w Europejskiego Funduszu Spo\u0142ecznego. W szkoleniach udzia\u0142 wzi\u0119\u0142o [&hellip;]<a href='https:\/\/rops-bialystok.pl\/rops\/?p=20137' class='pfpReadMore'><br \/>\nPrzeczytaj ca\u0142o\u015b\u0107 \u00bb<\/a><div class='clear'><\/div><hr><\/div><div class='pfpItem entry-content'><h2 class='entry-title'><a href='https:\/\/rops-bialystok.pl\/rops\/?p=19919'>Zaproszenie na szkolenie w trybie stacjonarnym pn. \u201ePrawne aspekty dzia\u0142a\u0144 wynikaj\u0105cych z Funduszu Solidarno\u015bciowego (dawniej \u201eSFWON\u201d)\u201d realizowane w ramach projektu partnerskiego pn. \u201eAkademia Pomocy Spo\u0142ecznej\u201d w ramach Programu Operacyjnego Wiedza Edukacja Rozw\u00f3j na lata 2014-2020 wsp\u00f3\u0142finansowanego ze \u015brodk\u00f3w Europejskiego Funduszu Spo\u0142ecznego<\/a><\/h2><div class='entry-meta'>Opublikowane 2 czerwca, 2022 r. <\/div><img loading=\"lazy\" decoding=\"async\" class=\"alignleft wp-image-16714\" src=\"http:\/\/www.rops-bialystok.pl\/rops\/wp-content\/uploads\/2020\/04\/apsloo-150x150.png\" alt=\"Logo Akademii Pomocy Spo\u0142ecznej\" width=\"126\" height=\"95\"\/>Regionalny O\u015brodek Polityki Spo\u0142ecznej w Bia\u0142ymstoku realizuj\u0105cy projekt partnerski pn. \u201eAkademia Pomocy Spo\u0142ecznej\u201d w ramach Programu Operacyjnego Wiedza Edukacja Rozw\u00f3j na lata 2014-2020 wsp\u00f3\u0142finansowanego ze \u015brodk\u00f3w Europejskiego Funduszu Spo\u0142ecznego serdecznie zaprasza kluczowych pracownik\u00f3w instytucji pomocy i integracji spo\u0142ecznej, czyli osoby \u015bwiadcz\u0105ce us\u0142ugi aktywizacyjne i inne us\u0142ugi spo\u0142eczne bezpo\u015brednio na rzecz os\u00f3b zagro\u017conych ub\u00f3stwem i wykluczeniem [&hellip;]<a href='https:\/\/rops-bialystok.pl\/rops\/?p=19919' class='pfpReadMore'><br \/>\nPrzeczytaj ca\u0142o\u015b\u0107 \u00bb<\/a><div class='clear'><\/div><hr><\/div>\n","protected":false},"excerpt":{"rendered":"","protected":false},"author":16,"featured_media":0,"parent":0,"menu_order":0,"comment_status":"closed","ping_status":"closed","template":"","meta":{"ngg_post_thumbnail":0,"footnotes":""},"class_list":["post-19916","page","type-page","status-publish","hentry"],"_links":{"self":[{"href":"https:\/\/rops-bialystok.pl\/rops\/index.php?rest_route=\/wp\/v2\/pages\/19916","targetHints":{"allow":["GET"]}}],"collection":[{"href":"https:\/\/rops-bialystok.pl\/rops\/index.php?rest_route=\/wp\/v2\/pages"}],"about":[{"href":"https:\/\/rops-bialystok.pl\/rops\/index.php?rest_route=\/wp\/v2\/types\/page"}],"author":[{"embeddable":true,"href":"https:\/\/rops-bialystok.pl\/rops\/index.php?rest_route=\/wp\/v2\/users\/16"}],"replies":[{"embeddable":true,"href":"https:\/\/rops-bialystok.pl\/rops\/index.php?rest_route=%2Fwp%2Fv2%2Fcomments&post=19916"}],"version-history":[{"count":1,"href":"https:\/\/rops-bialystok.pl\/rops\/index.php?rest_route=\/wp\/v2\/pages\/19916\/revisions"}],"predecessor-version":[{"id":19917,"href":"https:\/\/rops-bialystok.pl\/rops\/index.php?rest_route=\/wp\/v2\/pages\/19916\/revisions\/19917"}],"wp:attachment":[{"href":"https:\/\/rops-bialystok.pl\/rops\/index.php?rest_route=%2Fwp%2Fv2%2Fmedia&parent=19916"}],"curies":[{"name":"wp","href":"https:\/\/api.w.org\/{rel}","templated":true}]}}