{"id":2023,"date":"2013-03-09T11:49:42","date_gmt":"2013-03-09T10:49:42","guid":{"rendered":"http:\/\/www.rops-bialystok.pl\/rops\/?page_id=2023"},"modified":"2025-08-29T08:15:30","modified_gmt":"2025-08-29T06:15:30","slug":"strona-glowna-2","status":"publish","type":"page","link":"https:\/\/rops-bialystok.pl\/rops\/","title":{"rendered":"Strona g\u0142\u00f3wna"},"content":{"rendered":"<div class='pfpItem entry-content'><h2 class='entry-title'><a href='https:\/\/rops-bialystok.pl\/rops\/?p=25216'>Program grantowy na popraw\u0119 jako\u015bci \u017cycia grup szczeg\u00f3lnie wra\u017cliwych poprzez wsparcie dzia\u0142a\u0144 spo\u0142ecznych oraz modernizacj\u0119 miejsc, w kt\u00f3rych s\u0105 one realizowane<\/a><\/h2><div class='entry-meta'>Opublikowane 16 kwietnia, 2026 r. <\/div>Regionalny O\u015brodek Polityki Spo\u0142ecznej w Bia\u0142ymstoku informuje o mo\u017cliwo\u015bci skorzystania z programu grantowego \u201eORLEN Wi\u0119cej ciep\u0142a\u201d, realizowanego przez Fundacj\u0119 ORLEN dla Pomorza. Og\u00f3lnopolski program grantowy \u201eORLEN Wi\u0119cej ciep\u0142a\u201d skierowany jest do jednostek samorz\u0105du terytorialnego, ich jednostek organizacyjnych, organizacji pozarz\u0105dowych, sp\u00f3\u0142dzielni socjalnych oraz samodzielnych publicznych zak\u0142ad\u00f3w opieki zdrowotnej. Celem wy\u017cej wspomnianego programu jest poprawa jako\u015bci \u017cycia [&hellip;]<a href='https:\/\/rops-bialystok.pl\/rops\/?p=25216' class='pfpReadMore'><br \/>\nPrzeczytaj ca\u0142o\u015b\u0107 \u00bb<\/a><div class='clear'><\/div><hr><\/div><div class='pfpItem entry-content'><h2 class='entry-title'><a href='https:\/\/rops-bialystok.pl\/rops\/?p=25209'>Spotkanie Wojew\u00f3dzkiej Spo\u0142ecznej Rady ds. Os\u00f3b Niepe\u0142nosprawnych<\/a><\/h2><div class='entry-meta'>Opublikowane 15 kwietnia, 2026 r. <\/div><img decoding=\"async\" src=\"https:\/\/rops-bialystok.pl\/rops\/wp-content\/uploads\/2026\/04\/10.04.2026-Spoleczna-Rada-ds.-Osob-z-Niepelnosprawnosciami-1-150x150.jpg\" \/>W dniu 10 kwietnia 2026 r. odby\u0142o si\u0119 posiedzenie Wojew\u00f3dzkiej Spo\u0142ecznej Rady do Spraw Os\u00f3b Niepe\u0142nosprawnych w sprawie planowania i realizacji dzia\u0142a\u0144 w obszarze bezpiecze\u0144stwa oraz zarz\u0105dzania kryzysowego w wojew\u00f3dztwie podlaskim&nbsp; z uwzgl\u0119dnieniem Konwencji ONZ o prawach os\u00f3b z niepe\u0142nosprawno\u015bciami (KPON). Posiedzenie otworzy\u0142 Przewodnicz\u0105cy Pan Rafa\u0142 \u015aredzi\u0144ski, kt\u00f3ry przywita\u0142 zgromadzonych cz\u0142onk\u00f3w Rady oraz zaproszonych go\u015bci. [&hellip;]<a href='https:\/\/rops-bialystok.pl\/rops\/?p=25209' class='pfpReadMore'><br \/>\nPrzeczytaj ca\u0142o\u015b\u0107 \u00bb<\/a><div class='clear'><\/div><hr><\/div><div class='pfpItem entry-content'><h2 class='entry-title'><a href='https:\/\/rops-bialystok.pl\/rops\/?p=25200'>Konferencja \u201eBezpieczne Starzenie\u201d<\/a><\/h2><div class='entry-meta'>Opublikowane 14 kwietnia, 2026 r. <\/div><img decoding=\"async\" src=\"https:\/\/rops-bialystok.pl\/rops\/wp-content\/uploads\/2026\/04\/seniorzy-150x150.png\" \/>Regionalny O\u015brodek Polityki Spo\u0142ecznej w Bia\u0142ymstoku zaprasza do udzia\u0142u w wyj\u0105tkowej konferencji \u201eBezpieczne Starzenie\u201d w dniu 23.04.2026r. w Urz\u0119dzie Marsza\u0142kowskim Wojew\u00f3dztwa Podlaskiego, ul. Wyszy\u0144skiego 1. Wydarzenie to jest cz\u0119\u015bci\u0105 Krajowego Programu Dzia\u0142ania wobec Chor\u00f3b Ot\u0119piennych na lata 2025-2030, maj\u0105cego na celu zwi\u0119kszenie \u015bwiadomo\u015bci spo\u0142ecznej oraz popraw\u0119 jako\u015bci \u017cycia os\u00f3b dotkni\u0119tych tymi schorzeniami. Podczas konferencji poruszone [&hellip;]<a href='https:\/\/rops-bialystok.pl\/rops\/?p=25200' class='pfpReadMore'><br \/>\nPrzeczytaj ca\u0142o\u015b\u0107 \u00bb<\/a><div class='clear'><\/div><hr><\/div><div class='pfpItem entry-content'><h2 class='entry-title'><a href='https:\/\/rops-bialystok.pl\/rops\/?p=25198'>6 mln z\u0142otych w konkursie na realizacj\u0119 kampanii spo\u0142ecznej promuj\u0105cej rodzicielstwo.<\/a><\/h2><div class='entry-meta'>Opublikowane 9 kwietnia, 2026 r. <\/div>Ministerstwo Rodziny, Pracy i Polityki Spo\u0142ecznej og\u0142osi\u0142o otwarty konkurs na realizacj\u0119 kampanii spo\u0142ecznej promuj\u0105cej rodzicielstwo. Konkurs skierowany jest do organizacji pozarz\u0105dowych (NGO), kt\u00f3rych do\u015bwiadczenie i zasi\u0119g pozwol\u0105 skutecznie promowa\u0107 rodzicielstwo. Termin sk\u0142adania ofert up\u0142ywa 23 kwietnia 2026 r. Zadanie musi zosta\u0107 zrealizowane do 31 grudnia 2026 r. Bud\u017cet jaki zosta\u0142 przeznaczony na realizacj\u0119 zadania wynosi [&hellip;]<a href='https:\/\/rops-bialystok.pl\/rops\/?p=25198' class='pfpReadMore'><br \/>\nPrzeczytaj ca\u0142o\u015b\u0107 \u00bb<\/a><div class='clear'><\/div><hr><\/div><div class='pfpItem entry-content'><h2 class='entry-title'><a href='https:\/\/rops-bialystok.pl\/rops\/?p=25195'>Zaproszenie na wizyt\u0119 studyjn\u0105 do subregionu bielskiego (23\u201324 kwietnia 2026 r.)<\/a><\/h2><div class='entry-meta'>Opublikowane 7 kwietnia, 2026 r. <\/div>Regionalny O\u015brodek Polityki Spo\u0142ecznej w Bia\u0142ymstoku zaprasza pracownik\u00f3w o\u015brodk\u00f3w wsparcia ekonomii spo\u0142ecznej, centr\u00f3w us\u0142ug spo\u0142ecznych, powiatowych urz\u0119d\u00f3w pracy z terenu woj. podlaskiego oraz Regionalnego O\u015brodka Polityki Spo\u0142ecznej w Bia\u0142ymstoku do udzia\u0142u w dwudniowej wizycie studyjnej do subregionu bielskiego. Uczestnikom zapewniony zostanie bezp\u0142atny transport w obie strony, zakwaterowanie w Hotelu UNIBUS w Bielsku Podlaskim oraz pe\u0142ne [&hellip;]<a href='https:\/\/rops-bialystok.pl\/rops\/?p=25195' class='pfpReadMore'><br \/>\nPrzeczytaj ca\u0142o\u015b\u0107 \u00bb<\/a><div class='clear'><\/div><hr><\/div><div class='pfpItem entry-content'><h2 class='entry-title'><a href='https:\/\/rops-bialystok.pl\/rops\/?p=25177'>Wizyta studyjna do woj. mazowieckiego<\/a><\/h2><div class='entry-meta'>Opublikowane 31 marca, 2026 r. <\/div><img decoding=\"async\" src=\"https:\/\/rops-bialystok.pl\/rops\/wp-content\/uploads\/2026\/03\/1000021181-150x150.jpg\" \/>Projekt \u201eKoordynacja dzia\u0142a\u0144 w zakresie polityki spo\u0142ecznej w wojew\u00f3dztwie podlaskim\u201d realizowany w ramach Programu Fundusze Europejskie dla rozwoju Spo\u0142ecznego 2021-2027 wsp\u00f3\u0142finansowanego ze \u015brodk\u00f3w Europejskiego Funduszu Spo\u0142ecznego Plus W dniach 17\u201320 marca 2026 r. Regionalny O\u015brodek Polityki Spo\u0142ecznej w Bia\u0142ymstoku zorganizowa\u0142 czterodniow\u0105 wizyt\u0119 studyjn\u0105 do woj. mazowieckiego dla cz\u0142onk\u00f3w Podlaskich Sieci Wsp\u00f3\u0142pracy. W wydarzeniu udzia\u0142 wzi\u0119\u0142y [&hellip;]<a href='https:\/\/rops-bialystok.pl\/rops\/?p=25177' class='pfpReadMore'><br \/>\nPrzeczytaj ca\u0142o\u015b\u0107 \u00bb<\/a><div class='clear'><\/div><hr><\/div><div class='pfpItem entry-content'><h2 class='entry-title'><a href='https:\/\/rops-bialystok.pl\/rops\/?p=25170'>Bezp\u0142atna us\u0142uga doradcza dla Jednostek Samorz\u0105du Terytorialnego z terenu wojew\u00f3dztwa podlaskiego w zakresie tworzenia i prowadzenia podmiot\u00f3w zatrudnienia socjalnego (PZS)<\/a><\/h2><div class='entry-meta'>Opublikowane 30 marca, 2026 r. <\/div><img loading=\"lazy\" decoding=\"async\" class=\"aligncenter wp-image-22052 size-full\" src=\"https:\/\/rops-bialystok.pl\/rops\/wp-content\/uploads\/2024\/03\/KOLOR-FERS-3-scaled.jpg\" alt=\"Trzy logotypy: Funduszu Europejskiego dla Rozwoju Spo\u0142ecznego, Rzeczpospolita Polska oraz Dofinansowane przez Uni\u0119 Europejsk\u0105.\" width=\"2560\" height=\"365\" srcset=\"https:\/\/rops-bialystok.pl\/rops\/wp-content\/uploads\/2024\/03\/KOLOR-FERS-3-scaled.jpg 2560w, https:\/\/rops-bialystok.pl\/rops\/wp-content\/uploads\/2024\/03\/KOLOR-FERS-3-300x43.jpg 300w, https:\/\/rops-bialystok.pl\/rops\/wp-content\/uploads\/2024\/03\/KOLOR-FERS-3-1024x146.jpg 1024w, https:\/\/rops-bialystok.pl\/rops\/wp-content\/uploads\/2024\/03\/KOLOR-FERS-3-768x110.jpg 768w, https:\/\/rops-bialystok.pl\/rops\/wp-content\/uploads\/2024\/03\/KOLOR-FERS-3-1536x219.jpg 1536w, https:\/\/rops-bialystok.pl\/rops\/wp-content\/uploads\/2024\/03\/KOLOR-FERS-3-2048x292.jpg 2048w\" sizes=\"auto, (max-width: 2560px) 100vw, 2560px\" \/>Projekt \u201eKoordynacja dzia\u0142a\u0144 w zakresie polityki spo\u0142ecznej w wojew\u00f3dztwie podlaskim\u201d realizowany w ramach Programu Fundusze Europejskie dla rozwoju Spo\u0142ecznego 2021-2027 wsp\u00f3\u0142finansowanego ze \u015brodk\u00f3w Europejskiego Funduszu Spo\u0142ecznego Plus Regionalny O\u015brodek Polityki Spo\u0142ecznej w Bia\u0142ymstoku informuje, i\u017c prowadzi bezp\u0142atn\u0105 specjalistyczn\u0105 us\u0142ug\u0119 doradcz\u0105 w zakresie tworzenia i prowadzenia podmiot\u00f3w zatrudnienia socjalnego (PZS). Zakres doradztwa obejmuje m. in.: wsparcie [&hellip;]<a href='https:\/\/rops-bialystok.pl\/rops\/?p=25170' class='pfpReadMore'><br \/>\nPrzeczytaj ca\u0142o\u015b\u0107 \u00bb<\/a><div class='clear'><\/div><hr><\/div><div class='pfpItem entry-content'><h2 class='entry-title'><a href='https:\/\/rops-bialystok.pl\/rops\/?p=25168'>Ekonomia spo\u0142eczna. Tu licz\u0105 si\u0119 warto\u015bci \u2013 wsp\u00f3lne has\u0142o dla sektora<\/a><\/h2><div class='entry-meta'>Opublikowane 30 marca, 2026 r. <\/div><img loading=\"lazy\" decoding=\"async\" class=\"aligncenter wp-image-22052 size-full\" src=\"https:\/\/rops-bialystok.pl\/rops\/wp-content\/uploads\/2024\/03\/KOLOR-FERS-3-scaled.jpg\" alt=\"Trzy logotypy: Funduszu Europejskiego dla Rozwoju Spo\u0142ecznego, Rzeczpospolita Polska oraz Dofinansowane przez Uni\u0119 Europejsk\u0105.\" width=\"2560\" height=\"365\" srcset=\"https:\/\/rops-bialystok.pl\/rops\/wp-content\/uploads\/2024\/03\/KOLOR-FERS-3-scaled.jpg 2560w, https:\/\/rops-bialystok.pl\/rops\/wp-content\/uploads\/2024\/03\/KOLOR-FERS-3-300x43.jpg 300w, https:\/\/rops-bialystok.pl\/rops\/wp-content\/uploads\/2024\/03\/KOLOR-FERS-3-1024x146.jpg 1024w, https:\/\/rops-bialystok.pl\/rops\/wp-content\/uploads\/2024\/03\/KOLOR-FERS-3-768x110.jpg 768w, https:\/\/rops-bialystok.pl\/rops\/wp-content\/uploads\/2024\/03\/KOLOR-FERS-3-1536x219.jpg 1536w, https:\/\/rops-bialystok.pl\/rops\/wp-content\/uploads\/2024\/03\/KOLOR-FERS-3-2048x292.jpg 2048w\" sizes=\"auto, (max-width: 2560px) 100vw, 2560px\" \/>Projekt \u201eKoordynacja dzia\u0142a\u0144 w zakresie polityki spo\u0142ecznej w wojew\u00f3dztwie podlaskim\u201d realizowany w ramach Programu Fundusze Europejskie dla rozwoju Spo\u0142ecznego 2021-2027 wsp\u00f3\u0142finansowanego ze \u015brodk\u00f3w Europejskiego Funduszu Spo\u0142ecznego Plus Has\u0142o \u201eEkonomia spo\u0142eczna. Tu licz\u0105 si\u0119 warto\u015bci\u201d zosta\u0142o og\u0142oszone 13 listopada 2025 r. podczas pierwszego dnia Og\u00f3lnopolskiego Forum Ekonomii Spo\u0142ecznej. Stanowi ono wsp\u00f3lny komunikat dla ca\u0142ego sektora ekonomii [&hellip;]<a href='https:\/\/rops-bialystok.pl\/rops\/?p=25168' class='pfpReadMore'><br \/>\nPrzeczytaj ca\u0142o\u015b\u0107 \u00bb<\/a><div class='clear'><\/div><hr><\/div><div class='pfpItem entry-content'><h2 class='entry-title'><a href='https:\/\/rops-bialystok.pl\/rops\/?p=25160'>Przyj\u0119cie projektu nowelizacji ustawy o opiece nad dzie\u0107mi do lat 3 przez Sta\u0142y Komitet Rady Ministr\u00f3w.<\/a><\/h2><div class='entry-meta'>Opublikowane 23 marca, 2026 r. <\/div>&nbsp; Dnia 5 marca 2026 roku Sta\u0142y Komitet Rady Ministr\u00f3w przyj\u0105\u0142 projekt nowelizacji ustawy o opiece nad dzie\u0107mi do lat 3. Projekt zapewnia lepsze standardy w opiece nad maluchami. Za\u0142o\u017cono zmiany w nast\u0119puj\u0105cych obszarach:&nbsp; Zmiany w kwalifikacjach i szkoleniach&nbsp; ujednolicenie oraz doprecyzowanie wymaga\u0144 kwalifikacyjnych dla opiekun\u00f3w zatrudnionych w \u017c\u0142obkach, klubach dzieci\u0119cych oraz punktach opieki dziennej, [&hellip;]<a href='https:\/\/rops-bialystok.pl\/rops\/?p=25160' class='pfpReadMore'><br \/>\nPrzeczytaj ca\u0142o\u015b\u0107 \u00bb<\/a><div class='clear'><\/div><hr><\/div><div class='pfpItem entry-content'><h2 class='entry-title'><a href='https:\/\/rops-bialystok.pl\/rops\/?p=25152'>Regionalny O\u015brodek Polityki Spo\u0142ecznej w Bia\u0142ymstoku , informuje, \u017ce Minister Rodziny, Pracy i Polityki Spo\u0142ecznej og\u0142osi\u0142a nab\u00f3r ofert w ramach konkursu pn. \u201eRazem Mo\u017cemy Wi\u0119cej\u201d<\/a><\/h2><div class='entry-meta'>Opublikowane 20 marca, 2026 r. <\/div>Regionalny O\u015brodek Polityki Spo\u0142ecznej w Bia\u0142ymstoku , informuje, \u017ce Minister Rodziny, Pracy i Polityki Spo\u0142ecznej og\u0142osi\u0142a nab\u00f3r ofert w ramach konkursu pn. \u201eRazem Mo\u017cemy Wi\u0119cej\u201d, realizowanego w ramach Resortowego Programu Aktywizacyjnego dla Cudzoziemc\u00f3w na rok 2026. Szczeg\u00f3\u0142owe informacje dotycz\u0105ce za\u0142o\u017ce\u0144 Programu, zasad udzia\u0142u w konkursie, kryteri\u00f3w oceny oraz warunk\u00f3w realizacji projekt\u00f3w dost\u0119pne s\u0105 w Regulaminie [&hellip;]<a href='https:\/\/rops-bialystok.pl\/rops\/?p=25152' class='pfpReadMore'><br \/>\nPrzeczytaj ca\u0142o\u015b\u0107 \u00bb<\/a><div class='clear'><\/div><hr><\/div><span class='pfpNav'><a href=\"https:\/\/rops-bialystok.pl\/rops\/index.php?rest_route=%2Fwp%2Fv2%2Fpages%2F2023&#038;paged=2\" >Older Entries &raquo; <\/a><\/span>\n<p style=\"text-align: left;\"><span style=\"color: #800000;\">Aby przeczyta\u0107 wszystkie aktualno\u015bci przejd\u017a do zak\u0142adki<\/span> <strong>Aktualno\u015bci<\/strong> <span style=\"color: #800000;\">lub kliknij<\/span> <span style=\"color: #800000;\">w link <strong><span style=\"color: #000000;\"><a href=\"http:\/\/www.rops-bialystok.pl\/rops\/?page_id=848\">Aktualno\u015bci<\/a> <\/span><\/strong><\/span><\/p>\n","protected":false},"excerpt":{"rendered":"<p>Aby przeczyta\u0107 wszystkie aktualno\u015bci przejd\u017a do zak\u0142adki Aktualno\u015bci lub kliknij w link Aktualno\u015bci<\/p>\n","protected":false},"author":12,"featured_media":0,"parent":0,"menu_order":0,"comment_status":"closed","ping_status":"closed","template":"","meta":{"ngg_post_thumbnail":0,"footnotes":""},"class_list":["post-2023","page","type-page","status-publish","hentry"],"_links":{"self":[{"href":"https:\/\/rops-bialystok.pl\/rops\/index.php?rest_route=\/wp\/v2\/pages\/2023","targetHints":{"allow":["GET"]}}],"collection":[{"href":"https:\/\/rops-bialystok.pl\/rops\/index.php?rest_route=\/wp\/v2\/pages"}],"about":[{"href":"https:\/\/rops-bialystok.pl\/rops\/index.php?rest_route=\/wp\/v2\/types\/page"}],"author":[{"embeddable":true,"href":"https:\/\/rops-bialystok.pl\/rops\/index.php?rest_route=\/wp\/v2\/users\/12"}],"replies":[{"embeddable":true,"href":"https:\/\/rops-bialystok.pl\/rops\/index.php?rest_route=%2Fwp%2Fv2%2Fcomments&post=2023"}],"version-history":[{"count":97,"href":"https:\/\/rops-bialystok.pl\/rops\/index.php?rest_route=\/wp\/v2\/pages\/2023\/revisions"}],"predecessor-version":[{"id":24145,"href":"https:\/\/rops-bialystok.pl\/rops\/index.php?rest_route=\/wp\/v2\/pages\/2023\/revisions\/24145"}],"wp:attachment":[{"href":"https:\/\/rops-bialystok.pl\/rops\/index.php?rest_route=%2Fwp%2Fv2%2Fmedia&parent=2023"}],"curies":[{"name":"wp","href":"https:\/\/api.w.org\/{rel}","templated":true}]}}