{"id":20723,"date":"2023-01-03T14:19:41","date_gmt":"2023-01-03T13:19:41","guid":{"rendered":"http:\/\/www.rops-bialystok.pl\/rops\/?page_id=20723"},"modified":"2023-01-03T14:19:41","modified_gmt":"2023-01-03T13:19:41","slug":"archiwum-polityka-rodzinna-2019","status":"publish","type":"page","link":"https:\/\/rops-bialystok.pl\/rops\/?page_id=20723","title":{"rendered":"Archiwum Polityka Rodzinna 2019"},"content":{"rendered":"<div class='pfpItem entry-content'><h2 class='entry-title'><a href='https:\/\/rops-bialystok.pl\/rops\/?p=15849'>Przekazanie wyprawek szkolnych podopiecznym Stowarzyszenia Pomocy Rodzinie \u201eDroga\u201d<\/a><\/h2><div class='entry-meta'>Opublikowane 23 wrze\u015bnia, 2019 r. <\/div><img decoding=\"async\" width=&quot;160&quot; height=&quot;120&quot; style=\"width:160px; height:120px; border-width: 10px; border-color:#f1f1f1;border: 10px solid #f1f1f1\" alt=\"Mn\u00f3stwo plecak\u00f3w ustawionych na pod\u0142odze w kilku rz\u0119dach.\" title=\"\" src=\"https:\/\/rops-bialystok.pl\/rops\/wp-content\/uploads\/2019\/09\/IMG_20190902_164746-160x120.jpg\" rel=\"https:\/\/rops-bialystok.pl\/rops\/wp-content\/uploads\/2019\/09\/IMG_20190902_164746.jpg\" \/>W dniach 2-3 wrze\u015bnia 2019 roku podopieczni Stowarzyszenia Pomocy Rodzinie \u201eDroga\u201d otrzymali wyprawki szkolne. Regionalny O\u015brodek Polityki Spo\u0142ecznej w Bia\u0142ymstoku zakupi\u0142 53 plecaki wraz z przyborami i artyku\u0142ami szkolnymi, kt\u00f3re trafi\u0142y do dzieci potrzebuj\u0105cych wsparcia z terenu wojew\u00f3dztwa podlaskiego. Dzia\u0142anie zosta\u0142o zrealizowane w ramach XVII Podlaskich Dni Rodziny.<a href='https:\/\/rops-bialystok.pl\/rops\/?p=15849' class='pfpReadMore'> Przeczytaj ca\u0142o\u015b\u0107 \u00bb<\/a><div class='clear'><\/div><hr><\/div><div class='pfpItem entry-content'><h2 class='entry-title'><a href='https:\/\/rops-bialystok.pl\/rops\/?p=15840'>Piknik z okazji Dnia Rodzicielstwa Zast\u0119pczego w ramach XVII Podlaskich Dni Rodziny<\/a><\/h2><div class='entry-meta'>Opublikowane 23 wrze\u015bnia, 2019 r. <\/div><img decoding=\"async\" width=&quot;160&quot; height=&quot;120&quot; style=\"width:160px; height:120px; border-width: 10px; border-color:#f1f1f1;border: 10px solid #f1f1f1\" alt=\"Baner Podlaskich Dni Rodziny rozwieszony na drewnianym p\u0142ocie. W oddali idzie grupa ludzi pomi\u0119dzy starymi budynkami w wiejskiej okolicy.\" title=\"\" src=\"https:\/\/rops-bialystok.pl\/rops\/wp-content\/uploads\/2019\/09\/DSC_0090-160x120.jpg\" rel=\"https:\/\/rops-bialystok.pl\/rops\/wp-content\/uploads\/2019\/09\/DSC_0090.jpg\" \/>Dnia 31 sierpnia 2019 roku, w Podlaskim Muzeum Kultury Ludowej w Wasilkowie odby\u0142 si\u0119 Piknik z okazji Dnia Rodzicielstwa Zast\u0119pczego w ramach XVII Podlaskich Dni Rodziny. Piknik zosta\u0142 zorganizowany w partnerstwie z Fundacj\u0105 Dialog, Fundacj\u0105 im. Rodziny Czarneckich, Miejskim O\u015brodkiem Pomocy Spo\u0142ecznej w Bia\u0142ymstoku, Podlaskim Muzeum Kultury Ludowej oraz Regionalnym O\u015brodkiem Polityki Spo\u0142ecznej w Bia\u0142ymstoku. [&hellip;]<a href='https:\/\/rops-bialystok.pl\/rops\/?p=15840' class='pfpReadMore'> Przeczytaj ca\u0142o\u015b\u0107 \u00bb<\/a><div class='clear'><\/div><hr><\/div><div class='pfpItem entry-content'><h2 class='entry-title'><a href='https:\/\/rops-bialystok.pl\/rops\/?p=15703'>Zaproszenie na Piknik z okazji Dnia Rodzicielstwa Zast\u0119pczego w ramach XVII Podlaskich Dni Rodziny<\/a><\/h2><div class='entry-meta'>Opublikowane 8 sierpnia, 2019 r. <\/div><img loading=\"lazy\" decoding=\"async\" class=\"aligncenter wp-image-15708\" src=\"http:\/\/www.rops-bialystok.pl\/rops\/wp-content\/uploads\/2019\/08\/loga.png\" alt=\"Pasek z pi\u0119cioma logotypami - Fundacja Dialog, Miejski o\u015brodek pomocy rodzinie w Bia\u0142ymstoku, Podlaskie muzeum kultury ludowej, ROPS w Bia\u0142ymstoku, Fundacja im. rodziny Czarneckich.\" width=\"597\" height=\"96\"\/>Regionalny O\u015brodek Polityki Spo\u0142ecznej w Bia\u0142ymstoku wsp\u00f3lnie z Fundacj\u0105 Dialog, Fundacj\u0105 Czarneckich, Miejskim O\u015brodkiem Pomocy Rodzinie w Bia\u0142ymstoku oraz Podlaskim Muzeum Kultury Ludowej serdecznie zaprasza do uczestnictwa w Pikniku z okazji Dnia Rodzicielstwa Zast\u0119pczego w ramach XVII Podlaskich Dni Rodziny skierowanego do wychowank\u00f3w pieczy zast\u0119pczej z terenu wojew\u00f3dztwa podlaskiego. Przedsi\u0119wzi\u0119cie odb\u0119dzie si\u0119 31 sierpnia 2019 [&hellip;]<a href='https:\/\/rops-bialystok.pl\/rops\/?p=15703' class='pfpReadMore'> Przeczytaj ca\u0142o\u015b\u0107 \u00bb<\/a><div class='clear'><\/div><hr><\/div><div class='pfpItem entry-content'><h2 class='entry-title'><a href='https:\/\/rops-bialystok.pl\/rops\/?p=15382'>Program \u201eMALUCH+\u201d 2019<\/a><\/h2><div class='entry-meta'>Opublikowane 7 czerwca, 2019 r. <\/div><img decoding=\"async\" src=\"https:\/\/rops-bialystok.pl\/rops\/wp-content\/uploads\/2019\/06\/maluch-150x150.jpg\" \/>Informujemy, \u017ce w ramach programu &#8222;MALUCH+&#8221; 2019 powsta\u0142y oszcz\u0119dno\u015bci w kwocie 80 mln z\u0142otych. Powy\u017csze \u015brodki mog\u0105 zosta\u0107 przekazane jednostkom samorz\u0105du terytorialnego na zasadzie zg\u0142oszonego zapotrzebowania. Dofinansowanie dotyczy tworzenia miejsc opieki w \u017c\u0142obkach, klubach dzieci\u0119cych i u dziennych opiekun\u00f3w oraz zapewnienia ich funkcjonowania, przy czym dofinansowaniu mo\u017ce podlega\u0107 utworzenie miejsc opieki i ich funkcjonowanie, jak [&hellip;]<a href='https:\/\/rops-bialystok.pl\/rops\/?p=15382' class='pfpReadMore'> Przeczytaj ca\u0142o\u015b\u0107 \u00bb<\/a><div class='clear'><\/div><hr><\/div><div class='pfpItem entry-content'><h2 class='entry-title'><a href='https:\/\/rops-bialystok.pl\/rops\/?p=15311'>Zaproszenie do w\u0142\u0105czenia si\u0119 w XVII Podlaskie Dni Rodziny<\/a><\/h2><div class='entry-meta'>Opublikowane 24 maja, 2019 r. <\/div>Regionalny O\u015brodek Polityki Spo\u0142ecznej w Bia\u0142ymstoku zaprasza samorz\u0105dy lokalne, instytucje administracji rz\u0105dowej wojew\u00f3dztwa, organizacje pozarz\u0105dowe oraz szko\u0142y do aktywnego w\u0142\u0105czenia si\u0119 w realizacj\u0119 idei i misji XVII Podlaskich Dni Rodziny pod has\u0142em \u201eW Rodzinie jest MOC!\u201d. Podlaskie Dni Rodziny stanowi\u0105 atrakcyjn\u0105 form\u0119 promowania najwa\u017cniejszych warto\u015bci w \u017cyciu cz\u0142owieka. \u201eW Rodzinie jest MOC!\u201d- Tegoroczna edycja zwraca [&hellip;]<a href='https:\/\/rops-bialystok.pl\/rops\/?p=15311' class='pfpReadMore'> Przeczytaj ca\u0142o\u015b\u0107 \u00bb<\/a><div class='clear'><\/div><hr><\/div><div class='pfpItem entry-content'><h2 class='entry-title'><a href='https:\/\/rops-bialystok.pl\/rops\/?p=15276'>Sejmik Wojew\u00f3dztwa Podlaskiego uchwali\u0142 Program Wspierania Rodziny i Systemu Pieczy Zast\u0119pczej w Wojew\u00f3dztwie Podlaskim na lata 2019 \u2013 2023<\/a><\/h2><div class='entry-meta'>Opublikowane 21 maja, 2019 r. <\/div>Uchwa\u0142\u0105 NR VIII\/84\/19 z dnia 24 kwietnia 2019 r. Sejmik Wojew\u00f3dztwa Podlaskiego przyj\u0105\u0142 Program Wspierania Rodziny i Systemu Pieczy Zast\u0119pczej w Wojew\u00f3dztwie Podlaskim na lata 2019 \u2013 2023. Prace nad przygotowaniem Programu koordynowa\u0142 Regionalny O\u015brodek Polityki Spo\u0142ecznej w Bia\u0142ymstoku przy merytorycznym wsparciu Zespo\u0142u ds. aktualizacji i monitoringu \u201eStrategii Polityki Spo\u0142ecznej Wojew\u00f3dztwa Podlaskiego do roku 2020\u201d. [&hellip;]<a href='https:\/\/rops-bialystok.pl\/rops\/?p=15276' class='pfpReadMore'> Przeczytaj ca\u0142o\u015b\u0107 \u00bb<\/a><div class='clear'><\/div><hr><\/div><div class='pfpItem entry-content'><h2 class='entry-title'><a href='https:\/\/rops-bialystok.pl\/rops\/?p=14987'>Zaproszenie do konsultacji spo\u0142ecznych projektu \u201eProgramu Wspierania Rodziny  i Systemu Pieczy Zast\u0119pczej w Wojew\u00f3dztwie Podlaskim na lata 2019 \u2013 2023\u201d<\/a><\/h2><div class='entry-meta'>Opublikowane 12 marca, 2019 r. <\/div>Przedmiot konsultacji: projekt \u201eProgramu Wspierania Rodziny i Systemu Pieczy Zast\u0119pczej w Wojew\u00f3dztwie Podlaskim na lata 2019 \u2013 2023\u201d Termin konsultacji: 12.03.2019 r. \u2013 26.03.2019 r. Forma konsultacji: projekt Programu oraz formularz konsultacji zosta\u0142 zamieszczony na stronie internetowej Urz\u0119du Marsza\u0142kowskiego Wojew\u00f3dztwa Podlaskiego w Bia\u0142ymstoku (wrotapodlasia.pl), Regionalnego O\u015brodka Polityki Spo\u0142ecznej w Bia\u0142ymstoku (www.rops-bialystok.pl) oraz Biuletynie Informacji Publicznej [&hellip;]<a href='https:\/\/rops-bialystok.pl\/rops\/?p=14987' class='pfpReadMore'> Przeczytaj ca\u0142o\u015b\u0107 \u00bb<\/a><div class='clear'><\/div><hr><\/div>\n","protected":false},"excerpt":{"rendered":"","protected":false},"author":16,"featured_media":0,"parent":0,"menu_order":0,"comment_status":"closed","ping_status":"closed","template":"","meta":{"ngg_post_thumbnail":0,"footnotes":""},"class_list":["post-20723","page","type-page","status-publish","hentry"],"_links":{"self":[{"href":"https:\/\/rops-bialystok.pl\/rops\/index.php?rest_route=\/wp\/v2\/pages\/20723","targetHints":{"allow":["GET"]}}],"collection":[{"href":"https:\/\/rops-bialystok.pl\/rops\/index.php?rest_route=\/wp\/v2\/pages"}],"about":[{"href":"https:\/\/rops-bialystok.pl\/rops\/index.php?rest_route=\/wp\/v2\/types\/page"}],"author":[{"embeddable":true,"href":"https:\/\/rops-bialystok.pl\/rops\/index.php?rest_route=\/wp\/v2\/users\/16"}],"replies":[{"embeddable":true,"href":"https:\/\/rops-bialystok.pl\/rops\/index.php?rest_route=%2Fwp%2Fv2%2Fcomments&post=20723"}],"version-history":[{"count":1,"href":"https:\/\/rops-bialystok.pl\/rops\/index.php?rest_route=\/wp\/v2\/pages\/20723\/revisions"}],"predecessor-version":[{"id":20724,"href":"https:\/\/rops-bialystok.pl\/rops\/index.php?rest_route=\/wp\/v2\/pages\/20723\/revisions\/20724"}],"wp:attachment":[{"href":"https:\/\/rops-bialystok.pl\/rops\/index.php?rest_route=%2Fwp%2Fv2%2Fmedia&parent=20723"}],"curies":[{"name":"wp","href":"https:\/\/api.w.org\/{rel}","templated":true}]}}