{"id":22169,"date":"2024-04-02T11:27:43","date_gmt":"2024-04-02T09:27:43","guid":{"rendered":"https:\/\/rops-bialystok.pl\/rops\/?page_id=22169"},"modified":"2024-04-02T11:27:48","modified_gmt":"2024-04-02T09:27:48","slug":"projekt-pn-podlaskie-dla-ukrainy","status":"publish","type":"page","link":"https:\/\/rops-bialystok.pl\/rops\/?page_id=22169","title":{"rendered":"Projekt pn. \u201ePodlaskie dla Ukrainy\u201d"},"content":{"rendered":"<p><img loading=\"lazy\" decoding=\"async\" class=\"wp-image-22170 size-full\" src=\"https:\/\/rops-bialystok.pl\/rops\/wp-content\/uploads\/2024\/04\/6_b_logotypy_EFRR_kolor_07_08_2018-scaled.jpg\" alt=\"Pasek z czterema logotypami, Fundusze Europejskie, Rzeczpospolita Polska, Podlaskie oraz Unia Europejska.\" width=\"2560\" height=\"222\" srcset=\"https:\/\/rops-bialystok.pl\/rops\/wp-content\/uploads\/2024\/04\/6_b_logotypy_EFRR_kolor_07_08_2018-scaled.jpg 2560w, https:\/\/rops-bialystok.pl\/rops\/wp-content\/uploads\/2024\/04\/6_b_logotypy_EFRR_kolor_07_08_2018-300x26.jpg 300w, https:\/\/rops-bialystok.pl\/rops\/wp-content\/uploads\/2024\/04\/6_b_logotypy_EFRR_kolor_07_08_2018-1024x89.jpg 1024w, https:\/\/rops-bialystok.pl\/rops\/wp-content\/uploads\/2024\/04\/6_b_logotypy_EFRR_kolor_07_08_2018-768x67.jpg 768w, https:\/\/rops-bialystok.pl\/rops\/wp-content\/uploads\/2024\/04\/6_b_logotypy_EFRR_kolor_07_08_2018-1536x133.jpg 1536w, https:\/\/rops-bialystok.pl\/rops\/wp-content\/uploads\/2024\/04\/6_b_logotypy_EFRR_kolor_07_08_2018-2048x178.jpg 2048w\" sizes=\"auto, (max-width: 2560px) 100vw, 2560px\" \/><\/p>\n<p style=\"text-align: center;\">Projekt pn. \u201ePodlaskie dla Ukrainy\u201d realizowany w ramach Regionalnego Programu Operacyjnego Wojew\u00f3dztwa Podlaskiego na lata 2014-2020, Osi Priorytetowej VIII Infrastruktura dla us\u0142ug u\u017cyteczno\u015bci publicznej, Dzia\u0142ania 8.4 Infrastruktura spo\u0142eczna, Poddzia\u0142ania 8.4.1 Infrastruktura ochrony zdrowia i us\u0142ug socjalnych, Typ projektu: Projekt z zakresu wsparcia na rzecz uchod\u017ac\u00f3w z Ukrainy.<\/p>\n<hr \/>\n<p>&nbsp;<\/p>\n","protected":false},"excerpt":{"rendered":"<p>Projekt pn. \u201ePodlaskie dla Ukrainy\u201d realizowany w ramach Regionalnego Programu Operacyjnego Wojew\u00f3dztwa Podlaskiego na lata 2014-2020, Osi Priorytetowej VIII Infrastruktura dla us\u0142ug u\u017cyteczno\u015bci publicznej, Dzia\u0142ania 8.4 Infrastruktura spo\u0142eczna, Poddzia\u0142ania 8.4.1 Infrastruktura ochrony zdrowia i us\u0142ug socjalnych, Typ projektu: Projekt z zakresu wsparcia na rzecz uchod\u017ac\u00f3w z Ukrainy. &nbsp;<\/p>\n","protected":false},"author":16,"featured_media":0,"parent":0,"menu_order":0,"comment_status":"closed","ping_status":"closed","template":"","meta":{"ngg_post_thumbnail":0,"footnotes":""},"class_list":["post-22169","page","type-page","status-publish","hentry"],"_links":{"self":[{"href":"https:\/\/rops-bialystok.pl\/rops\/index.php?rest_route=\/wp\/v2\/pages\/22169","targetHints":{"allow":["GET"]}}],"collection":[{"href":"https:\/\/rops-bialystok.pl\/rops\/index.php?rest_route=\/wp\/v2\/pages"}],"about":[{"href":"https:\/\/rops-bialystok.pl\/rops\/index.php?rest_route=\/wp\/v2\/types\/page"}],"author":[{"embeddable":true,"href":"https:\/\/rops-bialystok.pl\/rops\/index.php?rest_route=\/wp\/v2\/users\/16"}],"replies":[{"embeddable":true,"href":"https:\/\/rops-bialystok.pl\/rops\/index.php?rest_route=%2Fwp%2Fv2%2Fcomments&post=22169"}],"version-history":[{"count":1,"href":"https:\/\/rops-bialystok.pl\/rops\/index.php?rest_route=\/wp\/v2\/pages\/22169\/revisions"}],"predecessor-version":[{"id":22171,"href":"https:\/\/rops-bialystok.pl\/rops\/index.php?rest_route=\/wp\/v2\/pages\/22169\/revisions\/22171"}],"wp:attachment":[{"href":"https:\/\/rops-bialystok.pl\/rops\/index.php?rest_route=%2Fwp%2Fv2%2Fmedia&parent=22169"}],"curies":[{"name":"wp","href":"https:\/\/api.w.org\/{rel}","templated":true}]}}