{"id":22251,"date":"2024-04-10T14:59:56","date_gmt":"2024-04-10T12:59:56","guid":{"rendered":"https:\/\/rops-bialystok.pl\/rops\/?page_id=22251"},"modified":"2024-10-25T10:12:00","modified_gmt":"2024-10-25T08:12:00","slug":"konkursy-w-sferze-wspierania-rodziny-i-systemu-pieczy-zastepczej-2024","status":"publish","type":"page","link":"https:\/\/rops-bialystok.pl\/rops\/?page_id=22251","title":{"rendered":"Konkursy w sferze wspierania rodziny i systemu pieczy zast\u0119pczej w 2024 r."},"content":{"rendered":"<p><a href=\"https:\/\/bip-rops.wrotapodlasia.pl\/uchwaly_zarzadu\/uchwaly-zarzadu-dotyczace-rops-2024\/uchwala-nr-40178832024-zarzadu-wojewodztwa-podlaskiego-z-dnia-18-kwietnia-2024-r.html\">Uchwa\u0142a i og\u0142oszenie konkursowe<\/a><\/p>\n<p><a href=\"https:\/\/bip-rops.wrotapodlasia.pl\/uchwaly_zarzadu\/uchwaly-zarzadu-dotyczace-rops-2024\/uchwala-nr-111732024-zarzadu-wojewodztwa-podlaskiego-z-dnia-17-czerwca-2024-roku.html?vid=1151790\">Wyniki<\/a><\/p>\n<p>Osob\u0105 do kontaktu w sprawie konkursu dotycz\u0105cego wspierania rodziny i systemu pieczy zast\u0119pczej jest p. Monika Karolak, tel. 85 744 73 33<\/p>\n","protected":false},"excerpt":{"rendered":"<p>Uchwa\u0142a i og\u0142oszenie konkursowe Wyniki Osob\u0105 do kontaktu w sprawie konkursu dotycz\u0105cego wspierania rodziny i systemu pieczy zast\u0119pczej jest p. Monika Karolak, tel. 85 744 73 33<\/p>\n","protected":false},"author":15,"featured_media":0,"parent":0,"menu_order":0,"comment_status":"closed","ping_status":"closed","template":"","meta":{"ngg_post_thumbnail":0,"footnotes":""},"class_list":["post-22251","page","type-page","status-publish","hentry"],"_links":{"self":[{"href":"https:\/\/rops-bialystok.pl\/rops\/index.php?rest_route=\/wp\/v2\/pages\/22251","targetHints":{"allow":["GET"]}}],"collection":[{"href":"https:\/\/rops-bialystok.pl\/rops\/index.php?rest_route=\/wp\/v2\/pages"}],"about":[{"href":"https:\/\/rops-bialystok.pl\/rops\/index.php?rest_route=\/wp\/v2\/types\/page"}],"author":[{"embeddable":true,"href":"https:\/\/rops-bialystok.pl\/rops\/index.php?rest_route=\/wp\/v2\/users\/15"}],"replies":[{"embeddable":true,"href":"https:\/\/rops-bialystok.pl\/rops\/index.php?rest_route=%2Fwp%2Fv2%2Fcomments&post=22251"}],"version-history":[{"count":6,"href":"https:\/\/rops-bialystok.pl\/rops\/index.php?rest_route=\/wp\/v2\/pages\/22251\/revisions"}],"predecessor-version":[{"id":23005,"href":"https:\/\/rops-bialystok.pl\/rops\/index.php?rest_route=\/wp\/v2\/pages\/22251\/revisions\/23005"}],"wp:attachment":[{"href":"https:\/\/rops-bialystok.pl\/rops\/index.php?rest_route=%2Fwp%2Fv2%2Fmedia&parent=22251"}],"curies":[{"name":"wp","href":"https:\/\/api.w.org\/{rel}","templated":true}]}}