{"id":22369,"date":"2024-04-22T10:35:30","date_gmt":"2024-04-22T08:35:30","guid":{"rendered":"https:\/\/rops-bialystok.pl\/rops\/?page_id=22369"},"modified":"2024-04-25T12:57:16","modified_gmt":"2024-04-25T10:57:16","slug":"centrum-integracji-spolecznej","status":"publish","type":"page","link":"https:\/\/rops-bialystok.pl\/rops\/?page_id=22369","title":{"rendered":"Centrum Integracji Spo\u0142ecznej"},"content":{"rendered":"<p><img loading=\"lazy\" decoding=\"async\" class=\"aligncenter wp-image-22052 size-full\" src=\"https:\/\/rops-bialystok.pl\/rops\/wp-content\/uploads\/2024\/03\/KOLOR-FERS-3-scaled.jpg\" alt=\"Trzy logotypy: Funduszu Europejskiego dla Rozwoju Spo\u0142ecznego, Rzeczpospolita Polska oraz Dofinansowane przez Uni\u0119 Europejsk\u0105.\" width=\"2560\" height=\"365\" srcset=\"https:\/\/rops-bialystok.pl\/rops\/wp-content\/uploads\/2024\/03\/KOLOR-FERS-3-scaled.jpg 2560w, https:\/\/rops-bialystok.pl\/rops\/wp-content\/uploads\/2024\/03\/KOLOR-FERS-3-300x43.jpg 300w, https:\/\/rops-bialystok.pl\/rops\/wp-content\/uploads\/2024\/03\/KOLOR-FERS-3-1024x146.jpg 1024w, https:\/\/rops-bialystok.pl\/rops\/wp-content\/uploads\/2024\/03\/KOLOR-FERS-3-768x110.jpg 768w, https:\/\/rops-bialystok.pl\/rops\/wp-content\/uploads\/2024\/03\/KOLOR-FERS-3-1536x219.jpg 1536w, https:\/\/rops-bialystok.pl\/rops\/wp-content\/uploads\/2024\/03\/KOLOR-FERS-3-2048x292.jpg 2048w\" sizes=\"auto, (max-width: 2560px) 100vw, 2560px\" \/><\/p>\n<p style=\"text-align: center;\">Projekt \u201eKoordynacja dzia\u0142a\u0144 w zakresie polityki spo\u0142ecznej w wojew\u00f3dztwie podlaskim\u201d realizowany w ramach<br \/>\nProgramu Fundusze Europejskie dla rozwoju Spo\u0142ecznego 2021-2027 wsp\u00f3\u0142finansowanego ze \u015brodk\u00f3w Europejskiego Funduszu Spo\u0142ecznego Plus<\/p>\n<p>&nbsp;<\/p>\n<hr \/>\n<h1 style=\"text-align: left;\"><strong><span style=\"color: #000000;\">Centra Integracji Spo\u0142ecznej w woj. podlaskim w 2023 r.<\/span><\/strong><\/h1>\n<p style=\"text-align: left;\"><strong>Centrum Integracji Spo\u0142ecznej (CIS)<\/strong> to jednostka organizacyjna utworzona przez jednostk\u0119 samorz\u0105du terytorialnego lub organizacj\u0119 pozarz\u0105dow\u0105, realizuj\u0105c\u0105 reintegracj\u0119 zawodow\u0105 i spo\u0142eczn\u0105 poprzez prowadzenie dla os\u00f3b zagro\u017conych wykluczeniem spo\u0142ecznym program\u00f3w edukacyjnych, obejmuj\u0105cych m.in. nabywanie umiej\u0119tno\u015bci zawodowych, przekwalifikowanie lub podwy\u017cszanie kwalifikacji zawodowych oraz nabywanie innych umiej\u0119tno\u015bci niezb\u0119dnych do codziennego \u017cycia. CIS nie jest samodzielnym podmiotem prawnym lecz form\u0105 prawn\u0105 adresowan\u0105 do instytucji oraz organizacji pozarz\u0105dowych pracuj\u0105cych z osobami zagro\u017conymi wykluczeniem spo\u0142ecznym<a href=\"#_ftn1\" name=\"_ftnref1\">[1]<\/a>. G\u0142\u00f3wnym celem CIS jest aktywizacja zawodowa i spo\u0142eczna os\u00f3b d\u0142ugotrwale bezrobotnych, zagro\u017conych wykluczeniem spo\u0142ecznym. CIS jest miejscem, kt\u00f3re daje szans\u0119 na ponowne w\u0142\u0105czenie si\u0119 do \u017cycia spo\u0142ecznego oraz prawid\u0142owe pe\u0142nienie r\u00f3l zawodowych i rodzinnych przez jego uczestnik\u00f3w. Podejmowane przez CIS dzia\u0142ania z&nbsp;zakresu reintegracji spo\u0142ecznej i&nbsp;zawodowej d\u0105\u017c\u0105 do usamodzielnienia uczestnik\u00f3w i&nbsp;wyprowadzenia ich poza system pomocy spo\u0142ecznej.<\/p>\n<p><img loading=\"lazy\" decoding=\"async\" class=\"aligncenter wp-image-22370\" src=\"https:\/\/rops-bialystok.pl\/rops\/wp-content\/uploads\/2024\/04\/CIS-2023-907x1024.jpg\" alt=\"Mapa subregion\u00f3w wojew\u00f3dztwa podlaskiego z zaznaczonymi centrami integracji spo\u0142ecznej 2023 r.\" width=\"641\" height=\"724\" srcset=\"https:\/\/rops-bialystok.pl\/rops\/wp-content\/uploads\/2024\/04\/CIS-2023-907x1024.jpg 907w, https:\/\/rops-bialystok.pl\/rops\/wp-content\/uploads\/2024\/04\/CIS-2023-266x300.jpg 266w, https:\/\/rops-bialystok.pl\/rops\/wp-content\/uploads\/2024\/04\/CIS-2023-768x867.jpg 768w, https:\/\/rops-bialystok.pl\/rops\/wp-content\/uploads\/2024\/04\/CIS-2023-1360x1536.jpg 1360w, https:\/\/rops-bialystok.pl\/rops\/wp-content\/uploads\/2024\/04\/CIS-2023.jpg 1406w\" sizes=\"auto, (max-width: 641px) 100vw, 641px\" \/><\/p>\n<table width=\"850\">\n<caption style=\"text-align: left;\">Tabela 1. Centra Integracji Spo\u0142ecznej w woj. podlaskim w 2023 r.<\/caption>\n<thead>\n<tr>\n<th width=\"28\"><strong>Lp.<\/strong><\/th>\n<th width=\"172\"><strong>Nazwa <\/strong><\/th>\n<th width=\"161\"><strong>Adres<\/strong><\/th>\n<th width=\"90\"><strong>Telefon <\/strong><\/th>\n<th width=\"214\"><strong>E-mail<\/strong><\/th>\n<\/tr>\n<\/thead>\n<tbody>\n<tr>\n<td width=\"28\"><strong>1.<\/strong><\/td>\n<td width=\"172\"><strong>Centrum Integracji Spo\u0142ecznej \u201ePrzysta\u0144\u201d w&nbsp;\u0141apach<\/strong><\/td>\n<td width=\"161\">ul. Che\u0142mo\u0144skiego 2, 18-100 \u0141apy<\/td>\n<td width=\"90\">691&nbsp;533 804<\/td>\n<td width=\"214\"><a href=\"mailto:ania1509@wp.pl\">ania1509@wp.pl<\/a><\/td>\n<\/tr>\n<tr>\n<td width=\"28\"><strong>2.<\/strong><\/td>\n<td width=\"172\"><strong>Centrum Integracji Spo\u0142ecznej \u201e\u017belazna\u201d w&nbsp;Bia\u0142ymstoku<\/strong><\/td>\n<td width=\"161\">ul. Grunwaldzka 76, 15-893 Bia\u0142ystok<\/td>\n<td width=\"90\">881&nbsp;321 900<\/td>\n<td width=\"214\"><a href=\"mailto:jolanta@kdn.bialystok.pl\">jolanta@kdn.bialystok.pl<\/a><\/td>\n<\/tr>\n<tr>\n<td width=\"28\"><strong>3.<\/strong><\/td>\n<td width=\"172\"><strong>Centrum Integracji Spo\u0142ecznej z siedzib\u0105 w&nbsp;Pi\u0105tnicy <\/strong><\/td>\n<td width=\"161\">ul. Stawiskowa 6, 18-421 Pi\u0105tnica<\/td>\n<td width=\"90\">513&nbsp;088 286<\/td>\n<td width=\"214\"><a href=\"mailto:cis-lomza@o2.pl\">cis-lomza@o2.pl<\/a><\/td>\n<\/tr>\n<tr>\n<td width=\"28\"><strong>4.<\/strong><\/td>\n<td width=\"172\"><strong>Centrum Integracji Spo\u0142ecznej HOLOS w&nbsp;Bia\u0142ymstoku<\/strong><\/td>\n<td width=\"161\">ul. Baranowicka 79\/1, 15-554 Bia\u0142ystok<\/td>\n<td width=\"90\">509&nbsp;165 356<\/td>\n<td width=\"214\"><a href=\"mailto:holos.biuro@gmail.com\">holos.biuro@gmail.com<\/a><\/td>\n<\/tr>\n<tr>\n<td width=\"28\"><strong>5.<\/strong><\/td>\n<td width=\"172\"><strong>Centrum Integracji Spo\u0142ecznej w&nbsp;Augustowie<\/strong><\/td>\n<td width=\"161\">\n<ol>\n<li>ul. Wojska Polskiego 7, 16-300 August\u00f3w<\/li>\n<li>Kurianka 43,<br \/>\n16-315 Lipsk<\/li>\n<\/ol>\n<\/td>\n<td width=\"90\">87&nbsp;643 01 00<\/td>\n<td width=\"214\"><a href=\"mailto:sisg@sisg.org.pl\">sisg@sisg.org.pl<\/a><\/td>\n<\/tr>\n<tr>\n<td width=\"28\"><strong>6.<\/strong><\/td>\n<td width=\"172\"><strong>Centrum Integracji Spo\u0142ecznej w Bia\u0142ymstoku<\/strong><\/td>\n<td width=\"161\">ul. Kolejowa 26 A, 15-701 Bia\u0142ystok<\/td>\n<td width=\"90\">85 742 40 90<\/td>\n<td width=\"214\"><a href=\"mailto:cis@fundacjadialog.pl\">cis@fundacjadialog.pl<\/a><\/td>\n<\/tr>\n<tr>\n<td width=\"28\"><strong>7.<\/strong><\/td>\n<td width=\"172\"><strong>CIS w Bo\u0107kach<\/strong><\/td>\n<td width=\"161\">ul. Plac Armii Krajowej 5,<br \/>\n17-111 Bo\u0107ki<\/td>\n<td width=\"90\">857&nbsp;319 610<\/td>\n<td width=\"214\"><a href=\"mailto:m.korniluk@gminabocki.pl\">m.korniluk@gminabocki.pl<\/a><\/td>\n<\/tr>\n<tr>\n<td width=\"28\"><strong>8.<\/strong><\/td>\n<td width=\"172\"><strong>Centrum Integracji Spo\u0142ecznej w Grajewie<\/strong><\/td>\n<td width=\"161\">ul. Os. Po\u0142udnie 36\/1, 19-200 Grajewo<\/td>\n<td width=\"90\">794&nbsp;670 100,<\/p>\n<p>86 261 12 50<\/td>\n<td width=\"214\"><a href=\"mailto:kontakt@cisgrajewo.pl\">kontakt@cisgrajewo.pl<\/a><\/td>\n<\/tr>\n<tr>\n<td width=\"28\"><strong>9.<\/strong><\/td>\n<td width=\"172\"><strong>Centrum Integracji Spo\u0142ecznej w Hajn\u00f3wce<\/strong><\/td>\n<td width=\"161\">ul. 3 Maja 42, 17-200 Hajn\u00f3wka<\/td>\n<td width=\"90\">729&nbsp;888 753<\/td>\n<td width=\"214\"><a href=\"mailto:cishajnowka@fir.org.pl\">cishajnowka@fir.org.pl<\/a><\/td>\n<\/tr>\n<tr>\n<td width=\"28\"><strong>10.<\/strong><\/td>\n<td width=\"172\"><strong>Centrum Integracji Spo\u0142ecznej w Kolnie<\/strong><\/td>\n<td width=\"161\">ul. Marii Konopnickiej 4,<br \/>\n18-500 Kolno<\/td>\n<td width=\"90\">729&nbsp;888 796<\/td>\n<td width=\"214\"><a href=\"mailto:ciskolno@fir.org.pl\">ciskolno@fir.org.pl<\/a><\/td>\n<\/tr>\n<tr>\n<td width=\"28\"><strong>11.<\/strong><\/td>\n<td width=\"172\"><strong>Centrum Integracji Spo\u0142ecznej w \u0141om\u017cy<\/strong><\/td>\n<td width=\"161\">\n<ol>\n<li>ul. Dworna 13, 18-400 \u0141om\u017ca<\/li>\n<li>ul. Farna 1,<br \/>\n18-400 \u0141om\u017ca<\/li>\n<li>ul. Zielona 21,<br \/>\n18-400 \u0141om\u017ca<\/li>\n<\/ol>\n<\/td>\n<td width=\"90\">602&nbsp;720 633<\/td>\n<td width=\"214\"><a href=\"mailto:cislomza@onet.pl\">cislomza@onet.pl<\/a><\/td>\n<\/tr>\n<tr>\n<td width=\"28\"><strong>12.<\/strong><\/td>\n<td width=\"172\"><strong>Centrum Integracji Spo\u0142ecznej w&nbsp;Siemiatyczach<\/strong><\/td>\n<td width=\"161\">ul. Ko\u015bciuszki 88, 17-300 Siemiatycze<\/td>\n<td width=\"90\">729&nbsp;888 751<\/td>\n<td width=\"214\"><a href=\"mailto:cissiemiatycze@fir.org.pl\">cissiemiatycze@fir.org.pl<\/a><\/td>\n<\/tr>\n<tr>\n<td width=\"28\"><strong>13.<\/strong><\/td>\n<td width=\"172\"><strong>Centrum Integracji Spo\u0142ecznej w Soko\u0142ach<\/strong><\/td>\n<td width=\"161\">ul. Kolejowa 3, 18-218 Soko\u0142y<\/td>\n<td width=\"90\">531&nbsp;306 823<\/td>\n<td width=\"214\"><a href=\"mailto:cis@sokoly.pl\">cis@sokoly.pl<\/a><\/td>\n<\/tr>\n<tr>\n<td width=\"28\"><strong>14.<\/strong><\/td>\n<td width=\"172\"><strong>Centrum Integracji Spo\u0142ecznej w&nbsp;Szczepankowie<\/strong><\/td>\n<td width=\"161\">Szczepankowo 60, 18-411 \u015aniadowo<\/td>\n<td width=\"90\">729&nbsp;888 794<\/td>\n<td width=\"214\"><a href=\"mailto:cisszczepankowo@fir.org.pl\">cisszczepankowo@fir.org.pl<\/a><\/td>\n<\/tr>\n<tr>\n<td width=\"28\"><strong>15.<\/strong><\/td>\n<td width=\"172\"><strong>Centrum Integracji Spo\u0142ecznej w Wysokiem Mazowieckiem<\/strong><\/td>\n<td width=\"161\">ul. 1 Maja 8, 18-200 Wysokie Mazowieckie<\/td>\n<td width=\"90\">729&nbsp;888 793<\/td>\n<td width=\"214\"><a href=\"mailto:ciswysokiemazowieckie@fir.org.pl\">ciswysokiemazowieckie@fir.org.pl<\/a><\/td>\n<\/tr>\n<tr>\n<td width=\"28\"><strong>16.<\/strong><\/td>\n<td width=\"172\"><strong>Centrum Integracji Spo\u0142ecznej w Zambrowie<\/strong><\/td>\n<td width=\"161\">ul. Obwodowa 2, 18-300 Zambr\u00f3w<\/td>\n<td width=\"90\">729&nbsp;888 791<\/td>\n<td width=\"214\"><a href=\"mailto:ciszambrow@fir.org.pl\">ciszambrow@fir.org.pl<\/a><\/td>\n<\/tr>\n<tr>\n<td width=\"28\"><strong>17.<\/strong><\/td>\n<td width=\"172\"><strong>Centrum Integracji Spo\u0142ecznej Fundacji L z&nbsp;siedzib\u0105 w \u0141om\u017cy<\/strong><\/td>\n<td width=\"161\">ul. Kard. St. Wyszy\u0144skiego 30, 18-400 \u0141om\u017ca<\/td>\n<td width=\"90\">507&nbsp;645 900<\/td>\n<td width=\"214\"><a href=\"mailto:fundacja.lektor@gmail.com\">fundacja.lektor@gmail.com<\/a><\/td>\n<\/tr>\n<tr>\n<td width=\"28\"><strong>18.<\/strong><\/td>\n<td width=\"172\"><strong>Centrum Integracji Spo\u0142ecznej FAMA w Kolnie<\/strong><\/td>\n<td width=\"161\">ul. M. D\u0105browskiej 4 pok. 104, 18-500 Kolno<\/td>\n<td width=\"90\">572&nbsp;206 700<\/td>\n<td width=\"214\"><a href=\"mailto:cis.fama.kolno@wp.pl\">cis.fama.kolno@wp.pl<\/a><\/td>\n<\/tr>\n<\/tbody>\n<\/table>\n<p>&nbsp;<\/p>\n<p><a href=\"#_ftnref1\" name=\"_ftn1\">[1]<\/a> <a href=\"http:\/\/rynekpracy.org\/x\/413658\">http:\/\/rynekpracy.org\/x\/413658<\/a><\/p>\n","protected":false},"excerpt":{"rendered":"<p>Projekt \u201eKoordynacja dzia\u0142a\u0144 w zakresie polityki spo\u0142ecznej w wojew\u00f3dztwie podlaskim\u201d realizowany w ramach Programu Fundusze Europejskie dla rozwoju Spo\u0142ecznego 2021-2027 wsp\u00f3\u0142finansowanego ze \u015brodk\u00f3w Europejskiego Funduszu Spo\u0142ecznego Plus &nbsp; Centra Integracji Spo\u0142ecznej w woj. podlaskim w 2023 r. Centrum Integracji Spo\u0142ecznej (CIS) to jednostka organizacyjna utworzona przez jednostk\u0119 samorz\u0105du terytorialnego lub organizacj\u0119 pozarz\u0105dow\u0105, realizuj\u0105c\u0105 reintegracj\u0119 zawodow\u0105 [&hellip;]<\/p>\n","protected":false},"author":16,"featured_media":0,"parent":0,"menu_order":0,"comment_status":"closed","ping_status":"closed","template":"","meta":{"ngg_post_thumbnail":0,"footnotes":""},"class_list":["post-22369","page","type-page","status-publish","hentry"],"_links":{"self":[{"href":"https:\/\/rops-bialystok.pl\/rops\/index.php?rest_route=\/wp\/v2\/pages\/22369","targetHints":{"allow":["GET"]}}],"collection":[{"href":"https:\/\/rops-bialystok.pl\/rops\/index.php?rest_route=\/wp\/v2\/pages"}],"about":[{"href":"https:\/\/rops-bialystok.pl\/rops\/index.php?rest_route=\/wp\/v2\/types\/page"}],"author":[{"embeddable":true,"href":"https:\/\/rops-bialystok.pl\/rops\/index.php?rest_route=\/wp\/v2\/users\/16"}],"replies":[{"embeddable":true,"href":"https:\/\/rops-bialystok.pl\/rops\/index.php?rest_route=%2Fwp%2Fv2%2Fcomments&post=22369"}],"version-history":[{"count":11,"href":"https:\/\/rops-bialystok.pl\/rops\/index.php?rest_route=\/wp\/v2\/pages\/22369\/revisions"}],"predecessor-version":[{"id":22434,"href":"https:\/\/rops-bialystok.pl\/rops\/index.php?rest_route=\/wp\/v2\/pages\/22369\/revisions\/22434"}],"wp:attachment":[{"href":"https:\/\/rops-bialystok.pl\/rops\/index.php?rest_route=%2Fwp%2Fv2%2Fmedia&parent=22369"}],"curies":[{"name":"wp","href":"https:\/\/api.w.org\/{rel}","templated":true}]}}