{"id":22955,"date":"2024-10-21T09:10:05","date_gmt":"2024-10-21T07:10:05","guid":{"rendered":"https:\/\/rops-bialystok.pl\/rops\/?page_id=22955"},"modified":"2024-10-21T09:10:05","modified_gmt":"2024-10-21T07:10:05","slug":"aktualnosci-pomocy-spolecznej-2022","status":"publish","type":"page","link":"https:\/\/rops-bialystok.pl\/rops\/?page_id=22955","title":{"rendered":"Aktualno\u015bci pomocy spo\u0142ecznej 2022"},"content":{"rendered":"<div class='pfpItem entry-content'><h2 class='entry-title'><a href='https:\/\/rops-bialystok.pl\/rops\/?p=20577'>Zaproszenie na szkolenia w trybie zdalnym \u201ePraca socjalna z osobami starszymi\u201d skierowane do pracownik\u00f3w socjalnych z terenu wojew\u00f3dztwa podlaskiego \u2013 Rekrutacja<\/a><\/h2><div class='entry-meta'>Opublikowane 3 listopada, 2022 r. <\/div>Regionalny O\u015brodek Polityki Spo\u0142ecznej w Bia\u0142ymstoku serdecznie zaprasza pracownik\u00f3w socjalnych z terenu wojew\u00f3dztwa podlaskiego na bezp\u0142atne szkolenia w trybie zdalnym pn. \u201ePraca socjalna z osobami starszymi\u201d. Szkolenia prowadzone b\u0119d\u0105 w formie zdalnej, w czasie rzeczywistym z wykorzystaniem po\u0142\u0105cze\u0144 on-line, w formie umo\u017cliwiaj\u0105cej przekazanie i utrwalenie tre\u015bci okre\u015blonych w programie szkolenia, aktywizuj\u0105cej uczestnik\u00f3w, w grupach do [&hellip;]<a href='https:\/\/rops-bialystok.pl\/rops\/?p=20577' class='pfpReadMore'>Przeczytaj ca\u0142o\u015b\u0107 \u00bb<\/a><div class='clear'><\/div><hr><\/div><div class='pfpItem entry-content'><h2 class='entry-title'><a href='https:\/\/rops-bialystok.pl\/rops\/?p=20531'>Zaproszenie na szkolenia w trybie stacjonarnym \u201eRadzenie sobie ze stresem i przeciwdzia\u0142anie wypaleniu zawodowemu\u201d skierowane do pracownik\u00f3w jednostek pomocy spo\u0142ecznej z terenu wojew\u00f3dztwa podlaskiego \u2013 REKRUTACJA<\/a><\/h2><div class='entry-meta'>Opublikowane 12 pa\u017adziernika, 2022 r. <\/div>Regionalny O\u015brodek Polityki Spo\u0142ecznej w Bia\u0142ymstoku zaprasza pracownik\u00f3w jednostek pomocy spo\u0142ecznej z terenu wojew\u00f3dztwa podlaskiego na bezp\u0142atne szkolenia w trybie stacjonarnym pn. \u201eRadzenie sobie ze stresem i przeciwdzia\u0142anie wypaleniu zawodowemu\u201d. Szkolenie b\u0119dzie realizowane w uk\u0142adzie 8 godzinnym, w grupach szkoleniowych do 15 os\u00f3b. Szkolenie prowadzone b\u0119dzie w formie warsztatowej, aktywizuj\u0105cej uczestnik\u00f3w. Cel szkolenia: poznanie metod [&hellip;]<a href='https:\/\/rops-bialystok.pl\/rops\/?p=20531' class='pfpReadMore'>Przeczytaj ca\u0142o\u015b\u0107 \u00bb<\/a><div class='clear'><\/div><hr><\/div><div class='pfpItem entry-content'><h2 class='entry-title'><a href='https:\/\/rops-bialystok.pl\/rops\/?p=20345'>Piknik Integracyjny dla Os\u00f3b z Niepe\u0142nosprawno\u015bci\u0105 i ich Rodzin \u2013 4 wrzesie\u0144 2022 rok<\/a><\/h2><div class='entry-meta'>Opublikowane 9 wrze\u015bnia, 2022 r. <\/div><img decoding=\"async\" width=&quot;160&quot; height=&quot;120&quot; style=\"width:160px; height:120px; border-width: 10px; border-color:#f1f1f1;border: 10px solid #f1f1f1\" alt=\"Piknik integracyjny dla os\u00f3b niepe\u0142nosprawnych i ich rodzin. Liczna grupa os\u00f3b na w\u00f3zkach inwalidzkich oraz ich rodziny wok\u00f3\u0142 domu krytego strzech\u0105.\" title=\"\" src=\"https:\/\/rops-bialystok.pl\/rops\/wp-content\/uploads\/2022\/09\/DSC_0320-160x120.jpg\" rel=\"https:\/\/rops-bialystok.pl\/rops\/wp-content\/uploads\/2022\/09\/DSC_0320-scaled.jpg\" \/>Kontakty spo\u0142eczne i dobre relacje z innymi lud\u017ami pomagaj\u0105 lepiej radzi\u0107 sobie ze stresem i trudno\u015bciami dnia codziennego. Organizowanie spotka\u0144 jest antidotum na poczucie osamotnienia wynikaj\u0105ce z izolacji oraz barier z jakimi borykaj\u0105 si\u0119 osoby z niepe\u0142nosprawno\u015bci\u0105. W dniu 4 wrze\u015bnia 2022 roku Regionalny O\u015brodek Polityki Spo\u0142ecznej w Bia\u0142ymstoku wraz z Fundacj\u0105 Aktywnej Rehabilitacji \u201eFAR\u201d [&hellip;]<a href='https:\/\/rops-bialystok.pl\/rops\/?p=20345' class='pfpReadMore'>Przeczytaj ca\u0142o\u015b\u0107 \u00bb<\/a><div class='clear'><\/div><hr><\/div><div class='pfpItem entry-content'><h2 class='entry-title'><a href='https:\/\/rops-bialystok.pl\/rops\/?p=20260'>Szkolenia w trybie zdalnym pn.: \u201eZmiany przepis\u00f3w prawnych w zakresie pomocy spo\u0142ecznej wprowadzone w zwi\u0105zku z konfliktem zbrojnym w Ukrainie\u201d skierowane do pracownik\u00f3w jednostek pomocy spo\u0142ecznej z terenu wojew\u00f3dztwa podlaskiego<\/a><\/h2><div class='entry-meta'>Opublikowane 10 sierpnia, 2022 r. <\/div>W dniach 27, 28 i 29 czerwca 2022 r. oraz 12 i 13 lipca 2022 r. odby\u0142o si\u0119 5 jednodniowych szkole\u0144 w trybie zdalnym pn.: \u201eZmiany przepis\u00f3w prawnych w zakresie pomocy spo\u0142ecznej wprowadzone w zwi\u0105zku z konfliktem zbrojnym w Ukrainie\u201d. W szkoleniach udzia\u0142 wzi\u0119\u0142o \u0142\u0105cznie 99 pracownik\u00f3w jednostek pomocy spo\u0142ecznej z terenu wojew\u00f3dztwa podlaskiego. Celem [&hellip;]<a href='https:\/\/rops-bialystok.pl\/rops\/?p=20260' class='pfpReadMore'>Przeczytaj ca\u0142o\u015b\u0107 \u00bb<\/a><div class='clear'><\/div><hr><\/div><div class='pfpItem entry-content'><h2 class='entry-title'><a href='https:\/\/rops-bialystok.pl\/rops\/?p=19982'>Zaproszenie na szkolenia w trybie zdalnym \u201eZmiany przepis\u00f3w prawnych w zakresie pomocy spo\u0142ecznej wprowadzone w zwi\u0105zku z konfliktem zbrojnym w Ukrainie\u201d skierowane do pracownik\u00f3w jednostek pomocy spo\u0142ecznej z terenu wojew\u00f3dztwa podlaskiego \u2013 REKRUTACJA<\/a><\/h2><div class='entry-meta'>Opublikowane 6 czerwca, 2022 r. <\/div>Regionalny O\u015brodek Polityki Spo\u0142ecznej w Bia\u0142ymstoku serdecznie zaprasza pracownik\u00f3w jednostek pomocy spo\u0142ecznej z terenu wojew\u00f3dztwa podlaskiego na bezp\u0142atne szkolenia w trybie zdalnym pn. \u201eZmiany przepis\u00f3w prawnych w zakresie pomocy spo\u0142ecznej wprowadzone w zwi\u0105zku z konfliktem zbrojnym w Ukrainie\u201d. Szkolenia prowadzone b\u0119d\u0105 w formie zdalnej, w czasie rzeczywistym z wykorzystaniem po\u0142\u0105cze\u0144 on-line, w formie umo\u017cliwiaj\u0105cej przekazanie [&hellip;]<a href='https:\/\/rops-bialystok.pl\/rops\/?p=19982' class='pfpReadMore'>Przeczytaj ca\u0142o\u015b\u0107 \u00bb<\/a><div class='clear'><\/div><hr><\/div><div class='pfpItem entry-content'><h2 class='entry-title'><a href='https:\/\/rops-bialystok.pl\/rops\/?p=19483'>Trwa rekrutacja na bezp\u0142atne szkolenia oraz superwizj\u0119 pracy socjalnej, kt\u00f3re realizowane s\u0105 w ramach projektu \u201eNowe specjalno\u015bci II stopnia specjalizacji w zawodzie pracownik socjalny odpowiedzi\u0105 na nowe wyzwania\u201d!<\/a><\/h2><div class='entry-meta'>Opublikowane 4 lutego, 2022 r. <\/div>Szanowni Pa\u0144stwo, serdecznie zapraszamy na bezp\u0142atne szkolenia oraz superwizj\u0119 pracy socjalnej, kt\u00f3re realizowane s\u0105 w ramach projektu \u201eNowe specjalno\u015bci II stopnia specjalizacji w zawodzie pracownik socjalny odpowiedzi\u0105 na nowe wyzwania\u201d, wsp\u00f3\u0142finansowanego ze \u015brodk\u00f3w Europejskiego Funduszu Spo\u0142ecznego realizowanego w Programie Operacyjnym Wiedza Edukacja Rozw\u00f3j 2014-2020 przez Ministerstwo Rodziny i Polityki Spo\u0142ecznej wraz z partnerami: Uczelni\u0105 Korczaka [&hellip;]<a href='https:\/\/rops-bialystok.pl\/rops\/?p=19483' class='pfpReadMore'>Przeczytaj ca\u0142o\u015b\u0107 \u00bb<\/a><div class='clear'><\/div><hr><\/div><div class='pfpItem entry-content'><h2 class='entry-title'><a href='https:\/\/rops-bialystok.pl\/rops\/?p=19465'>Zmiany w uzyskaniu certyfikatu superwizora pracy socjalnej<\/a><\/h2><div class='entry-meta'>Opublikowane 14 stycznia, 2022 r. <\/div>W dniu 30 maja 2021 r. wszed\u0142 w \u017cycie zapis art. 11 ustawy z dnia 15 kwietnia 2021 r. o zmianie ustawy o pomocy spo\u0142ecznej oraz ustawy o zmianie ustawy o pomocy spo\u0142ecznej oraz ustawy o ochronie zdrowia psychicznego (Dz. U. z 2021r., poz. 803), zgodnie z kt\u00f3rym istnieje mo\u017cliwo\u015b\u0107 przyst\u0105pienia do egzaminu na superwizora [&hellip;]<a href='https:\/\/rops-bialystok.pl\/rops\/?p=19465' class='pfpReadMore'>Przeczytaj ca\u0142o\u015b\u0107 \u00bb<\/a><div class='clear'><\/div><hr><\/div>\n","protected":false},"excerpt":{"rendered":"","protected":false},"author":16,"featured_media":0,"parent":0,"menu_order":0,"comment_status":"closed","ping_status":"closed","template":"","meta":{"ngg_post_thumbnail":0,"footnotes":""},"class_list":["post-22955","page","type-page","status-publish","hentry"],"_links":{"self":[{"href":"https:\/\/rops-bialystok.pl\/rops\/index.php?rest_route=\/wp\/v2\/pages\/22955","targetHints":{"allow":["GET"]}}],"collection":[{"href":"https:\/\/rops-bialystok.pl\/rops\/index.php?rest_route=\/wp\/v2\/pages"}],"about":[{"href":"https:\/\/rops-bialystok.pl\/rops\/index.php?rest_route=\/wp\/v2\/types\/page"}],"author":[{"embeddable":true,"href":"https:\/\/rops-bialystok.pl\/rops\/index.php?rest_route=\/wp\/v2\/users\/16"}],"replies":[{"embeddable":true,"href":"https:\/\/rops-bialystok.pl\/rops\/index.php?rest_route=%2Fwp%2Fv2%2Fcomments&post=22955"}],"version-history":[{"count":1,"href":"https:\/\/rops-bialystok.pl\/rops\/index.php?rest_route=\/wp\/v2\/pages\/22955\/revisions"}],"predecessor-version":[{"id":22956,"href":"https:\/\/rops-bialystok.pl\/rops\/index.php?rest_route=\/wp\/v2\/pages\/22955\/revisions\/22956"}],"wp:attachment":[{"href":"https:\/\/rops-bialystok.pl\/rops\/index.php?rest_route=%2Fwp%2Fv2%2Fmedia&parent=22955"}],"curies":[{"name":"wp","href":"https:\/\/api.w.org\/{rel}","templated":true}]}}