{"id":22964,"date":"2024-10-21T15:06:47","date_gmt":"2024-10-21T13:06:47","guid":{"rendered":"https:\/\/rops-bialystok.pl\/rops\/?page_id=22964"},"modified":"2024-10-21T15:10:42","modified_gmt":"2024-10-21T13:10:42","slug":"archiwum-polityka-rodzinna-2021","status":"publish","type":"page","link":"https:\/\/rops-bialystok.pl\/rops\/?page_id=22964","title":{"rendered":"Archiwum Polityka Rodzinna 2021"},"content":{"rendered":"<div class='pfpItem entry-content'><h2 class='entry-title'><a href='https:\/\/rops-bialystok.pl\/rops\/?p=18328'>Og\u00f3lnopolska kampania informacyjna pod has\u0142em \u201eRodzice Kangury\u201d<\/a><\/h2><div class='entry-meta'>Opublikowane 28 czerwca, 2021 r. <\/div>Regionalny O\u015brodek Polityki Spo\u0142ecznej w Bia\u0142ymstoku informuje, i\u017c trwa Og\u00f3lnopolska kampania informacyjna pod has\u0142em \u201eRodzice Kangury\u201d Celem kampanii jest: szerzenie \u015bwiadomo\u015bci i znaczenia kangurowania zgodnie z zaleceniami WHO, wzrost poziomu \u015bwiadomo\u015bci kontaktu \u201esk\u00f3ra do sk\u00f3ry\u201d po urodzeniu dziecka, uwra\u017cliwienie rodzic\u00f3w na znaczenie tego rodzaju kontaktu w rozwoju dziecka ju\u017c od pierwszych chwil po narodzinach, u\u015bwiadomienie [&hellip;]<a href='https:\/\/rops-bialystok.pl\/rops\/?p=18328' class='pfpReadMore'> Przeczytaj ca\u0142o\u015b\u0107 \u00bb<\/a><div class='clear'><\/div><hr><\/div><div class='pfpItem entry-content'><h2 class='entry-title'><a href='https:\/\/rops-bialystok.pl\/rops\/?p=18325'>Projekt pn. \u201eRozw\u00f3j kadr systemu rodziny i pieczy zast\u0119pczej.\u201d<\/a><\/h2><div class='entry-meta'>Opublikowane 28 czerwca, 2021 r. <\/div>Regionalny O\u015brodek Polityki Spo\u0142ecznej w Bia\u0142ymstoku informuje, i\u017c Lubelski Park Naukowo-Technologiczny S.A. w ramach Osi Priorytetowej II. Efektywne polityki publiczne dla rynku pracy, gospodarki i edukacji, Dzia\u0142anie 2.8 Rozw\u00f3j us\u0142ug spo\u0142ecznych \u015bwiadczonych w \u015brodowisku lokalnym realizuje Projekt pn. \u201eRozw\u00f3j kadr systemu rodziny i pieczy zast\u0119pczej.\u201d Celem projektu jest podniesienie kompetencji przedstawicieli jednostek samorz\u0105du terytorialnego i [&hellip;]<a href='https:\/\/rops-bialystok.pl\/rops\/?p=18325' class='pfpReadMore'> Przeczytaj ca\u0142o\u015b\u0107 \u00bb<\/a><div class='clear'><\/div><hr><\/div><div class='pfpItem entry-content'><h2 class='entry-title'><a href='https:\/\/rops-bialystok.pl\/rops\/?p=17838'>Zaproszenie do udzia\u0142u w III Konkursie \"Pisanka Wielkanocna\"<\/a><\/h2><div class='entry-meta'>Opublikowane 26 lutego, 2021 r. <\/div>Regionalny O\u015brodek Polityki Spo\u0142ecznej w Bia\u0142ymstoku zaprasza do udzia\u0142u w III Konkursie &#8222;Pisanka Wielkanocna&#8221; organizowanym przez Fundacj\u0119 na rzecz budowy otwartego spo\u0142ecze\u0144stwa ONI \u2013 TO MY oraz Powiatowe Centrum Pomocy Rodzinie w Hajn\u00f3wce. Celem konkursu jest kultywowanie wielkanocnej tradycji wykonywania ozd\u00f3b \u015bwi\u0105tecznych oraz umo\u017cliwienie prezentacji w\u0142asnych dokona\u0144 tw\u00f3rczych. Konkurs skierowany jest do: podopiecznych plac\u00f3wek opieku\u0144czo-wychowawczych, [&hellip;]<a href='https:\/\/rops-bialystok.pl\/rops\/?p=17838' class='pfpReadMore'> Przeczytaj ca\u0142o\u015b\u0107 \u00bb<\/a><div class='clear'><\/div><hr><\/div>\n","protected":false},"excerpt":{"rendered":"","protected":false},"author":16,"featured_media":0,"parent":0,"menu_order":0,"comment_status":"closed","ping_status":"closed","template":"","meta":{"ngg_post_thumbnail":0,"footnotes":""},"class_list":["post-22964","page","type-page","status-publish","hentry"],"_links":{"self":[{"href":"https:\/\/rops-bialystok.pl\/rops\/index.php?rest_route=\/wp\/v2\/pages\/22964","targetHints":{"allow":["GET"]}}],"collection":[{"href":"https:\/\/rops-bialystok.pl\/rops\/index.php?rest_route=\/wp\/v2\/pages"}],"about":[{"href":"https:\/\/rops-bialystok.pl\/rops\/index.php?rest_route=\/wp\/v2\/types\/page"}],"author":[{"embeddable":true,"href":"https:\/\/rops-bialystok.pl\/rops\/index.php?rest_route=\/wp\/v2\/users\/16"}],"replies":[{"embeddable":true,"href":"https:\/\/rops-bialystok.pl\/rops\/index.php?rest_route=%2Fwp%2Fv2%2Fcomments&post=22964"}],"version-history":[{"count":1,"href":"https:\/\/rops-bialystok.pl\/rops\/index.php?rest_route=\/wp\/v2\/pages\/22964\/revisions"}],"predecessor-version":[{"id":22965,"href":"https:\/\/rops-bialystok.pl\/rops\/index.php?rest_route=\/wp\/v2\/pages\/22964\/revisions\/22965"}],"wp:attachment":[{"href":"https:\/\/rops-bialystok.pl\/rops\/index.php?rest_route=%2Fwp%2Fv2%2Fmedia&parent=22964"}],"curies":[{"name":"wp","href":"https:\/\/api.w.org\/{rel}","templated":true}]}}