{"id":22974,"date":"2024-10-22T08:25:01","date_gmt":"2024-10-22T06:25:01","guid":{"rendered":"https:\/\/rops-bialystok.pl\/rops\/?page_id=22974"},"modified":"2024-10-22T08:25:05","modified_gmt":"2024-10-22T06:25:05","slug":"aktualnosci-seniorzy-2020","status":"publish","type":"page","link":"https:\/\/rops-bialystok.pl\/rops\/?page_id=22974","title":{"rendered":"Aktualno\u015bci seniorzy 2020"},"content":{"rendered":"<div class='pfpItem entry-content'><h2 class='entry-title'><a href='https:\/\/rops-bialystok.pl\/rops\/?p=17558'>Nab\u00f3r zg\u0142osze\u0144 na nowatorskie rozwi\u0105zania na rzecz os\u00f3b starszych.<\/a><\/h2><div class='entry-meta'>Opublikowane 21 pa\u017adziernika, 2020 r. <\/div>Regionalny O\u015brodek Polityki Spo\u0142ecznej w Bia\u0142ymstoku zaprasza do zg\u0142oszenia nowatorskich rozwi\u0105za\u0144 na rzecz os\u00f3b starszych w ramach projektu \u201eGenerator Innowacji. Sieci Wsparcia2\u201d. Materia\u0142y do pobrania: Innowacyjne rozwi\u0105zania na rzecz os\u00f3b starszych.<a href='https:\/\/rops-bialystok.pl\/rops\/?p=17558' class='pfpReadMore'> Czytaj ca\u0142o\u015b\u0107 \u00bb<\/a><div class='clear'><\/div><hr><\/div><div class='pfpItem entry-content'><h2 class='entry-title'><a href='https:\/\/rops-bialystok.pl\/rops\/?p=17041'>Konkurs fotograficzny dla senior\u00f3w \u201ePodlaskie \u015blady - cz\u0142owiek, miejsce, kultura\u201d - druga edycja<\/a><\/h2><div class='entry-meta'>Opublikowane 11 sierpnia, 2020 r. <\/div>&nbsp; &nbsp; Seniorzy lubi\u0105 fotografowa\u0107, zapisywa\u0107 &#8222;\u015blady&#8221; swoich refleksji, w\u0119dr\u00f3wek, wydarze\u0144, spotka\u0144 z lud\u017ami,&nbsp; pi\u0119kno i wyj\u0105tkowo\u015b\u0107 naszego regionu. Ich prace trafiaj\u0105 cz\u0119sto do szuflady lub do plik\u00f3w zagubionych w pami\u0119ci komputera lub &#8222;chmurze&#8221; i nie maj\u0105 szansy na publiczn\u0105 prezentacj\u0119. Chcemy tak\u0105 szans\u0119 tworzy\u0107, tym bardziej, \u017ce opr\u00f3cz wystawy mamy \u0142atwo dost\u0119pne dla wszystkich [&hellip;]<a href='https:\/\/rops-bialystok.pl\/rops\/?p=17041' class='pfpReadMore'> Czytaj ca\u0142o\u015b\u0107 \u00bb<\/a><div class='clear'><\/div><hr><\/div>\n","protected":false},"excerpt":{"rendered":"","protected":false},"author":16,"featured_media":0,"parent":0,"menu_order":0,"comment_status":"closed","ping_status":"closed","template":"","meta":{"ngg_post_thumbnail":0,"footnotes":""},"class_list":["post-22974","page","type-page","status-publish","hentry"],"_links":{"self":[{"href":"https:\/\/rops-bialystok.pl\/rops\/index.php?rest_route=\/wp\/v2\/pages\/22974","targetHints":{"allow":["GET"]}}],"collection":[{"href":"https:\/\/rops-bialystok.pl\/rops\/index.php?rest_route=\/wp\/v2\/pages"}],"about":[{"href":"https:\/\/rops-bialystok.pl\/rops\/index.php?rest_route=\/wp\/v2\/types\/page"}],"author":[{"embeddable":true,"href":"https:\/\/rops-bialystok.pl\/rops\/index.php?rest_route=\/wp\/v2\/users\/16"}],"replies":[{"embeddable":true,"href":"https:\/\/rops-bialystok.pl\/rops\/index.php?rest_route=%2Fwp%2Fv2%2Fcomments&post=22974"}],"version-history":[{"count":1,"href":"https:\/\/rops-bialystok.pl\/rops\/index.php?rest_route=\/wp\/v2\/pages\/22974\/revisions"}],"predecessor-version":[{"id":22975,"href":"https:\/\/rops-bialystok.pl\/rops\/index.php?rest_route=\/wp\/v2\/pages\/22974\/revisions\/22975"}],"wp:attachment":[{"href":"https:\/\/rops-bialystok.pl\/rops\/index.php?rest_route=%2Fwp%2Fv2%2Fmedia&parent=22974"}],"curies":[{"name":"wp","href":"https:\/\/api.w.org\/{rel}","templated":true}]}}