{"id":22983,"date":"2024-10-22T14:18:34","date_gmt":"2024-10-22T12:18:34","guid":{"rendered":"https:\/\/rops-bialystok.pl\/rops\/?page_id=22983"},"modified":"2024-10-22T14:18:34","modified_gmt":"2024-10-22T12:18:34","slug":"aktualnosci-seniorzy-2023","status":"publish","type":"page","link":"https:\/\/rops-bialystok.pl\/rops\/?page_id=22983","title":{"rendered":"Aktualno\u015bci seniorzy 2023"},"content":{"rendered":"<div class='pfpItem entry-content'><h2 class='entry-title'><a href='https:\/\/rops-bialystok.pl\/rops\/?p=21805'>Warsztaty pn. \u201eKomunikacja-wyzwania dla senior\u00f3w we wsp\u00f3\u0142czesnym \u015bwiecie\u201d<\/a><\/h2><div class='entry-meta'>Opublikowane 15 grudnia, 2023 r. <\/div><img decoding=\"async\" width=&quot;160&quot; height=&quot;120&quot; style=\"width:160px; height:120px; border-width: 10px; border-color:#f1f1f1;border: 10px solid #f1f1f1\" alt=\"Sala konferencyjna z sto\u0142em. Przy stole siedzi kobieta i czyta notatki. Na przeciwko stoi kobieta prowadz\u0105ca spotkanie.\" title=\"\" src=\"https:\/\/rops-bialystok.pl\/rops\/wp-content\/uploads\/2023\/12\/IMG_20231212_100811516-160x120.jpg\" rel=\"https:\/\/rops-bialystok.pl\/rops\/wp-content\/uploads\/2023\/12\/IMG_20231212_100811516-scaled.jpg\" \/>W dniach 12 oraz 13 grudnia 2023 r. odby\u0142y si\u0119 dwa warsztaty stacjonarne dla senior\u00f3w z terenu wojew\u00f3dztwa podlaskiego pn. \u201eKomunikacja-wyzwania dla senior\u00f3w we wsp\u00f3\u0142czesnym \u015bwiecie\u201d organizowane przez Regionalny O\u015brodek Polityki Spo\u0142ecznej w Bia\u0142ymstoku. Celem warsztat\u00f3w by\u0142o podniesienie umiej\u0119tno\u015bci porozumiewania si\u0119 senior\u00f3w mi\u0119dzy sob\u0105, otoczeniem oraz aktywizowanie senior\u00f3w do dzielenia si\u0119 do\u015bwiadczeniami i dalszego uczenia [&hellip;]<a href='https:\/\/rops-bialystok.pl\/rops\/?p=21805' class='pfpReadMore'> Czytaj ca\u0142o\u015b\u0107 \u00bb<\/a><div class='clear'><\/div><hr><\/div><div class='pfpItem entry-content'><h2 class='entry-title'><a href='https:\/\/rops-bialystok.pl\/rops\/?p=21774'>Otwarty konkurs ofertowy w ramach Programu Wieloletniego \u201eSenior+\u201d na lata 2021-2025, edycja 2024<\/a><\/h2><div class='entry-meta'>Opublikowane 30 listopada, 2023 r. <\/div>Szanowni Pa\u0144stwo, Uprzejmie informujemy, i\u017c Minister Rodziny i Polityki Spo\u0142ecznej og\u0142osi\u0142 otwarty konkurs ofertowy w ramach Programu Wieloletniego \u201eSenior+\u201d na lata 2021 -2025, edycja 2024. Dofinansowanie w tegorocznej edycji mog\u0105 otrzyma\u0107 najlepsze projekty polegaj\u0105ce na utworzeniu o\u015brodk\u00f3w wsparcia \u201eSenior+\u201d, w tym Dziennych Dom\u00f3w \u201eSenior+\u201d i Klub\u00f3w \u201eSenior+\u201d oraz wsparciu funkcjonowania ju\u017c istniej\u0105cych o\u015brodk\u00f3w wsparcia utworzonych [&hellip;]<a href='https:\/\/rops-bialystok.pl\/rops\/?p=21774' class='pfpReadMore'> Czytaj ca\u0142o\u015b\u0107 \u00bb<\/a><div class='clear'><\/div><hr><\/div><div class='pfpItem entry-content'><h2 class='entry-title'><a href='https:\/\/rops-bialystok.pl\/rops\/?p=21770'>Zaproszenie na warsztaty w trybie stacjonarnym pn. \u201eKomunikacja-wyzwania dla senior\u00f3w we wsp\u00f3\u0142czesnym \u015bwiecie\u201d skierowane do senior\u00f3w z terenu wojew\u00f3dztwa podlaskiego \u2013 Rekrutacja<\/a><\/h2><div class='entry-meta'>Opublikowane 30 listopada, 2023 r. <\/div>Regionalny O\u015brodek Polityki Spo\u0142ecznej w Bia\u0142ymstoku serdecznie zaprasza senior\u00f3w z terenu wojew\u00f3dztwa podlaskiego na bezp\u0142atne warsztaty w trybie stacjonarnym pn. \u201eKomunikacja-wyzwania dla senior\u00f3w we wsp\u00f3\u0142czesnym \u015bwiecie\u201d. Warsztaty prowadzone b\u0119d\u0105 w formie stacjonarnej, w grupach do 12 os\u00f3b. Uczestnikom warsztat\u00f3w zapewnione zostan\u0105: materia\u0142y warsztatowe\/dydaktyczne, za\u015bwiadczenie o uko\u0144czeniu warsztatu. Cel warsztatu: Celem warsztat\u00f3w jest podniesienie umiej\u0119tno\u015bci porozumiewania [&hellip;]<a href='https:\/\/rops-bialystok.pl\/rops\/?p=21770' class='pfpReadMore'> Czytaj ca\u0142o\u015b\u0107 \u00bb<\/a><div class='clear'><\/div><hr><\/div><div class='pfpItem entry-content'><h2 class='entry-title'><a href='https:\/\/rops-bialystok.pl\/rops\/?p=21625'>Nowy Klub Seniora w Bia\u0142ymstoku<\/a><\/h2><div class='entry-meta'>Opublikowane 20 wrze\u015bnia, 2023 r. <\/div>Szanowni Pa\u0144stwo, W pa\u017adzierniku w Bia\u0142ymstoku zostanie otwarty nowy klub seniora. Zaj\u0119cia b\u0119d\u0105 odbywa\u0142y si\u0119 w nowoczesnym wyposa\u017conym budynku PCK przy ul. Warszawskiej 29. W planach s\u0105 r\u00f3wnie\u017c spotkania w innych punktach miasta, jak muzea, kina, baseny czy po prostu parki, gdzie mo\u017cna uprawia\u0107 aktywno\u015b\u0107 fizyczn\u0105. By wst\u0105pi\u0107 do klubu seniora, trzeba spe\u0142ni\u0107 trzy warunki: [&hellip;]<a href='https:\/\/rops-bialystok.pl\/rops\/?p=21625' class='pfpReadMore'> Czytaj ca\u0142o\u015b\u0107 \u00bb<\/a><div class='clear'><\/div><hr><\/div><div class='pfpItem entry-content'><h2 class='entry-title'><a href='https:\/\/rops-bialystok.pl\/rops\/?p=21545'>Zaproszenie na webinarium dla senior\u00f3w i os\u00f3b opiekuj\u0105cych si\u0119 seniorami pt. \u201eCyberbezpiecze\u0144stwo podczas zawierania transakcji elektronicznych z podmiotami rynku finansowego, ochrona konsument\u00f3w na rynku finansowym, w szczeg\u00f3lno\u015bci przed dzia\u0142alno\u015bci\u0105 cyberprzest\u0119pc\u00f3w, uwzgl\u0119dniaj\u0105c takie metody oszustw, jak vishing i spoofing\u201d.<\/a><\/h2><div class='entry-meta'>Opublikowane 28 sierpnia, 2023 r. <\/div>Szanowni Pa\u0144stwo, W imieniu Urz\u0119du Komisji Nadzoru Finansowego, serdecznie zapraszamy do udzia\u0142u w bezp\u0142atnym webinarium organizowanym przez UKFN w ramach projektu edukacyjnego \u201eCentrum Edukacji dla Uczestnik\u00f3w Rynku \u2013 CEDUR\u201d we wsp\u00f3\u0142pracy z Komend\u0105 G\u0142\u00f3wn\u0105 Policji oraz Ministerstwem Rodziny i Polityki Spo\u0142ecznej, pt. \u201eCyberbezpiecze\u0144stwo podczas zawierania transakcji elektronicznych z podmiotami rynku finansowego, ochrona konsument\u00f3w na rynku [&hellip;]<a href='https:\/\/rops-bialystok.pl\/rops\/?p=21545' class='pfpReadMore'> Czytaj ca\u0142o\u015b\u0107 \u00bb<\/a><div class='clear'><\/div><hr><\/div><div class='pfpItem entry-content'><h2 class='entry-title'><a href='https:\/\/rops-bialystok.pl\/rops\/?p=21236'>Wojew\u00f3dzki Przegl\u0105d Artystyczny Ruchu Senior\u00f3w ARS 2023<\/a><\/h2><div class='entry-meta'>Opublikowane 25 maja, 2023 r. <\/div><img decoding=\"async\" width=&quot;160&quot; height=&quot;120&quot; style=\"width:160px; height:120px; border-width: 10px; border-color:#f1f1f1;border: 10px solid #f1f1f1\" alt=\"Wojew\u00f3dzki Przegl\u0105d Artystyczny Ruchu Senior\u00f3w. Starszy m\u0119\u017cczyzna przy kt\u00f3rym stoi kobieta z teczk\u0105 przemawia na scenie. Za nim stoj\u0105 statywy na nuty a po prawej stronie obok banera ROPS Bia\u0142ystok na pod\u0142odze stoi akordeon.\" title=\"\" src=\"https:\/\/rops-bialystok.pl\/rops\/wp-content\/uploads\/2023\/05\/IMG_20230509_090903-160x120.jpg\" rel=\"https:\/\/rops-bialystok.pl\/rops\/wp-content\/uploads\/2023\/05\/IMG_20230509_090903-scaled.jpg\" \/>W dniu 9 maja 2023 roku odby\u0142 si\u0119 Wojew\u00f3dzki Przegl\u0105d Artystyczny Ruchu Senior\u00f3w ARS 2023 zorganizowany przez Oddzia\u0142 Okr\u0119gowy Polskiego Zwi\u0105zku Emeryt\u00f3w, Rencist\u00f3w i Inwalid\u00f3w w Bia\u0142ymstoku we wsp\u00f3\u0142pracy z Regionalnym O\u015brodkiem Polityki Spo\u0142ecznej w Bia\u0142ymstoku. Wojew\u00f3dzki Przegl\u0105d Artystyczny Ruchu Senior\u00f3w ARS 2023 odby\u0142 si\u0119 w Bia\u0142ostockim O\u015brodku Kultury. Wzi\u0119li w nim udzia\u0142 cz\u0142onkowie Oddzia\u0142u [&hellip;]<a href='https:\/\/rops-bialystok.pl\/rops\/?p=21236' class='pfpReadMore'> Czytaj ca\u0142o\u015b\u0107 \u00bb<\/a><div class='clear'><\/div><hr><\/div><div class='pfpItem entry-content'><h2 class='entry-title'><a href='https:\/\/rops-bialystok.pl\/rops\/?p=21186'>OBCHODY \u015aWIATOWEGO DNIA INWALIDY<\/a><\/h2><div class='entry-meta'>Opublikowane 24 kwietnia, 2023 r. <\/div><img decoding=\"async\" width=&quot;160&quot; height=&quot;120&quot; style=\"width:160px; height:120px; border-width: 10px; border-color:#f1f1f1;border: 10px solid #f1f1f1\" alt=\"Obchody \u015awiatowego Dnia Inwalidy przemawia Dyrektor Regionalnego O\u015brodka Polityki Spo\u0142ecznej w Bia\u0142ymstoku El\u017cbieta Rajewska-Nikonowicz\" title=\"\" src=\"https:\/\/rops-bialystok.pl\/rops\/wp-content\/uploads\/2023\/04\/IMG_20230420_103829-160x120.jpg\" rel=\"https:\/\/rops-bialystok.pl\/rops\/wp-content\/uploads\/2023\/04\/IMG_20230420_103829-scaled.jpg\" \/>W dniu 20 kwietnia 2023 roku odby\u0142y si\u0119 Obchody \u015awiatowego Dnia Inwalidy zorganizowane przez Oddzia\u0142 Okr\u0119gowy Polskiego Zwi\u0105zku Emeryt\u00f3w, Rencist\u00f3w i Inwalid\u00f3w w Bia\u0142ymstoku we wsp\u00f3\u0142pracy z Regionalnym O\u015brodkiem Polityki Spo\u0142ecznej w Bia\u0142ymstoku. Obchody \u015awiatowego Dnia Inwalidy odby\u0142y si\u0119 w Bia\u0142ostockim O\u015brodku Kultury. Wzi\u0119li w nich udzia\u0142 cz\u0142onkowie Oddzia\u0142u Okr\u0119gowego Polskiego Zwi\u0105zku Emeryt\u00f3w, Rencist\u00f3w i [&hellip;]<a href='https:\/\/rops-bialystok.pl\/rops\/?p=21186' class='pfpReadMore'> Czytaj ca\u0142o\u015b\u0107 \u00bb<\/a><div class='clear'><\/div><hr><\/div>\n","protected":false},"excerpt":{"rendered":"","protected":false},"author":16,"featured_media":0,"parent":0,"menu_order":0,"comment_status":"closed","ping_status":"closed","template":"","meta":{"ngg_post_thumbnail":0,"footnotes":""},"class_list":["post-22983","page","type-page","status-publish","hentry"],"_links":{"self":[{"href":"https:\/\/rops-bialystok.pl\/rops\/index.php?rest_route=\/wp\/v2\/pages\/22983","targetHints":{"allow":["GET"]}}],"collection":[{"href":"https:\/\/rops-bialystok.pl\/rops\/index.php?rest_route=\/wp\/v2\/pages"}],"about":[{"href":"https:\/\/rops-bialystok.pl\/rops\/index.php?rest_route=\/wp\/v2\/types\/page"}],"author":[{"embeddable":true,"href":"https:\/\/rops-bialystok.pl\/rops\/index.php?rest_route=\/wp\/v2\/users\/16"}],"replies":[{"embeddable":true,"href":"https:\/\/rops-bialystok.pl\/rops\/index.php?rest_route=%2Fwp%2Fv2%2Fcomments&post=22983"}],"version-history":[{"count":1,"href":"https:\/\/rops-bialystok.pl\/rops\/index.php?rest_route=\/wp\/v2\/pages\/22983\/revisions"}],"predecessor-version":[{"id":22984,"href":"https:\/\/rops-bialystok.pl\/rops\/index.php?rest_route=\/wp\/v2\/pages\/22983\/revisions\/22984"}],"wp:attachment":[{"href":"https:\/\/rops-bialystok.pl\/rops\/index.php?rest_route=%2Fwp%2Fv2%2Fmedia&parent=22983"}],"curies":[{"name":"wp","href":"https:\/\/api.w.org\/{rel}","templated":true}]}}