{"id":22987,"date":"2024-10-23T08:37:42","date_gmt":"2024-10-23T06:37:42","guid":{"rendered":"https:\/\/rops-bialystok.pl\/rops\/?page_id=22987"},"modified":"2024-10-23T08:37:42","modified_gmt":"2024-10-23T06:37:42","slug":"aktualnosci-dzialu-badan-i-analiz-2022","status":"publish","type":"page","link":"https:\/\/rops-bialystok.pl\/rops\/?page_id=22987","title":{"rendered":"Aktualno\u015bci Dzia\u0142u Bada\u0144 i Analiz 2022"},"content":{"rendered":"<div class='pfpItem entry-content'><h2 class='entry-title'><a href='https:\/\/rops-bialystok.pl\/rops\/?p=20678'>Us\u0142ugi opieku\u0144cze \u2013 analiza jako\u015bciowa na podstawie wybranych gmin z terenu wojew\u00f3dztwa podlaskiego<\/a><\/h2><div class='entry-meta'>Opublikowane 14 grudnia, 2022 r. <\/div>Regionalny O\u015brodek Polityki Spo\u0142ecznej w Bia\u0142ymstoku, maj\u0105c na uwadze proces deinstytucjonalizacji, zleci\u0142 Pracowni Rozwoju Przemys\u0142awa Kozaka w Warszawie, przeprowadzenie ekspertyzy \u201eUs\u0142ugi opieku\u0144cze \u2013 analiza jako\u015bciowa na podstawie wybranych gmin z terenu woj. podlaskiego\u201d. Przedmiotem ekspertyzy by\u0142o rozpoznanie uwarunkowa\u0144 realizacji us\u0142ug opieku\u0144czych, w tym specjalistycznych us\u0142ug opieku\u0144czych (bez specjalistycznych us\u0142ug opieku\u0144czych dla os\u00f3b z zaburzeniami psychicznymi) [&hellip;]<a href='https:\/\/rops-bialystok.pl\/rops\/?p=20678' class='pfpReadMore'><br \/>\nPrzeczytaj ca\u0142o\u015b\u0107 \u00bb<\/a><div class='clear'><\/div><hr><\/div><div class='pfpItem entry-content'><h2 class='entry-title'><a href='https:\/\/rops-bialystok.pl\/rops\/?p=20233'>Wyniki badania  \u201eDomy Pomocy Spo\u0142ecznej  z wojew\u00f3dztwa podlaskiego w kontek\u015bcie  usamodzielnienia mieszka\u0144c\u00f3w i procesu deinstytucjonalizacji\u201d<\/a><\/h2><div class='entry-meta'>Opublikowane 22 lipca, 2022 r. <\/div>Regionalny O\u015brodek Polityki Spo\u0142ecznej w Bia\u0142ymstoku przeprowadzi\u0142 badanie z przedstawicielami Dom\u00f3w Pomocy Spo\u0142ecznej funkcjonuj\u0105cych na terenie wojew\u00f3dztwa podlaskiego, pod k\u0105tem mo\u017cliwo\u015bci usamodzielnienia si\u0119 mieszka\u0144c\u00f3w i procesu deinstytucjonalizacji. W za\u0142\u0105czeniu przekazujemy Pa\u0144stwu wyniki przedmiotowego badania. Do pobrania: Wyniki badania &#8222;Domy Pomocy Spo\u0142ecznej z wojew\u00f3dztwa podlaskiego w kontek\u015bcie usamodzielnienia mieszka\u0144c\u00f3w i procesu deinstytucjonalizacji\u201d<a href='https:\/\/rops-bialystok.pl\/rops\/?p=20233' class='pfpReadMore'><br \/>\nPrzeczytaj ca\u0142o\u015b\u0107 \u00bb<\/a><div class='clear'><\/div><hr><\/div><div class='pfpItem entry-content'><h2 class='entry-title'><a href='https:\/\/rops-bialystok.pl\/rops\/?p=20115'>Raport pn. \u201eOcena Zasob\u00f3w Pomocy Spo\u0142ecznej w wojew\u00f3dztwie podlaskim w roku 2021\u201d,<\/a><\/h2><div class='entry-meta'>Opublikowane 29 czerwca, 2022 r. <\/div>Regionalny O\u015brodek Polityki Spo\u0142ecznej w Bia\u0142ymstoku przedstawia Pa\u0144stwu raport pn. \u201eOcena Zasob\u00f3w Pomocy Spo\u0142ecznej w wojew\u00f3dztwie podlaskim w roku 2021\u201d, kt\u00f3ry jest dokumentem opracowanym na podstawie analizy danych umieszczonych w formularzach OZPS przez gminne i powiatowe jednostki pomocy spo\u0142ecznej z terenu wojew\u00f3dztwa podlaskiego. Materia\u0142 zawiera informacj\u0119 zbiorcz\u0105 na temat sytuacji demograficznej i spo\u0142ecznej oraz o [&hellip;]<a href='https:\/\/rops-bialystok.pl\/rops\/?p=20115' class='pfpReadMore'><br \/>\nPrzeczytaj ca\u0142o\u015b\u0107 \u00bb<\/a><div class='clear'><\/div><hr><\/div><div class='pfpItem entry-content'><h2 class='entry-title'><a href='https:\/\/rops-bialystok.pl\/rops\/?p=19460'>Analiza poziomu ub\u00f3stwa w wojew\u00f3dztwie podlaskim w latach 2019-2020<\/a><\/h2><div class='entry-meta'>Opublikowane 10 stycznia, 2022 r. <\/div>Przekazujemy Pa\u0144stwu raport badawczy \u201eAnaliza poziomu ub\u00f3stwa w wojew\u00f3dztwie podlaskim w latach 2019-2020\u201d. Dokument ten jest wynikiem analizy stopnia zagro\u017cenia ub\u00f3stwem poszczeg\u00f3lnych powiat\u00f3w z terenu wojew\u00f3dztwa podlaskiego. W zwi\u0105zku z powy\u017cszym Regionalny O\u015brodek Polityki Spo\u0142ecznej w Bia\u0142ymstoku zaprasza osoby zainteresowane przedmiotow\u0105 tematyk\u0105 do zapoznania si\u0119 z za\u0142\u0105czonym materia\u0142em. Materia\u0142 do pobrania: Analiza poziomu ub\u00f3stwa w [&hellip;]<a href='https:\/\/rops-bialystok.pl\/rops\/?p=19460' class='pfpReadMore'><br \/>\nPrzeczytaj ca\u0142o\u015b\u0107 \u00bb<\/a><div class='clear'><\/div><hr><\/div>\n","protected":false},"excerpt":{"rendered":"","protected":false},"author":16,"featured_media":0,"parent":0,"menu_order":0,"comment_status":"closed","ping_status":"closed","template":"","meta":{"ngg_post_thumbnail":0,"footnotes":""},"class_list":["post-22987","page","type-page","status-publish","hentry"],"_links":{"self":[{"href":"https:\/\/rops-bialystok.pl\/rops\/index.php?rest_route=\/wp\/v2\/pages\/22987","targetHints":{"allow":["GET"]}}],"collection":[{"href":"https:\/\/rops-bialystok.pl\/rops\/index.php?rest_route=\/wp\/v2\/pages"}],"about":[{"href":"https:\/\/rops-bialystok.pl\/rops\/index.php?rest_route=\/wp\/v2\/types\/page"}],"author":[{"embeddable":true,"href":"https:\/\/rops-bialystok.pl\/rops\/index.php?rest_route=\/wp\/v2\/users\/16"}],"replies":[{"embeddable":true,"href":"https:\/\/rops-bialystok.pl\/rops\/index.php?rest_route=%2Fwp%2Fv2%2Fcomments&post=22987"}],"version-history":[{"count":1,"href":"https:\/\/rops-bialystok.pl\/rops\/index.php?rest_route=\/wp\/v2\/pages\/22987\/revisions"}],"predecessor-version":[{"id":22988,"href":"https:\/\/rops-bialystok.pl\/rops\/index.php?rest_route=\/wp\/v2\/pages\/22987\/revisions\/22988"}],"wp:attachment":[{"href":"https:\/\/rops-bialystok.pl\/rops\/index.php?rest_route=%2Fwp%2Fv2%2Fmedia&parent=22987"}],"curies":[{"name":"wp","href":"https:\/\/api.w.org\/{rel}","templated":true}]}}