{"id":23087,"date":"2024-10-29T08:28:15","date_gmt":"2024-10-29T07:28:15","guid":{"rendered":"https:\/\/rops-bialystok.pl\/rops\/?page_id=23087"},"modified":"2024-10-29T08:28:15","modified_gmt":"2024-10-29T07:28:15","slug":"regionalna-komisja-egzaminacyjna-archiwum","status":"publish","type":"page","link":"https:\/\/rops-bialystok.pl\/rops\/?page_id=23087","title":{"rendered":"Regionalna Komisja Egzaminacyjna &#8211; Archiwum"},"content":{"rendered":"<p style=\"text-align: justify;\"><span style=\"font-size: 14pt; color: #000080;\"><strong>Aktualno\u015bci &#8211; archiwum:<\/strong><\/span><\/p>\n<p style=\"text-align: justify;\"><div class='pfpItem entry-content'><h2 class='entry-title'><a href='https:\/\/rops-bialystok.pl\/rops\/?p=12970'>Informacja o rozpocz\u0119ciu procedury powo\u0142ywania nowego sk\u0142adu regionalnej komisji egzaminacyjnej ds. Stopni specjalizacji zawodowej pracownik\u00f3w socjalnych<\/a><\/h2><div class='entry-meta'>Opublikowane 1 grudnia, 2017 r. <\/div>23 stycznia 2018 r. up\u0142ywa termin zako\u0144czenia kadencji 2013-2018 Regionalnej Komisji Egzaminacyjnej ds. stopni specjalizacji zawodowej pracownik\u00f3w socjalnych w wojew\u00f3dztwie podlaskim. Wobec powy\u017cszego, Centralna Komisja Egzaminacyjna ds. stopni specjalizacji zawodowej pracownik\u00f3w socjalnych odpowiedzialna, na mocy \u00a7 4 ust. 3 w\/w rozporz\u0105dzenia Ministra Pracy i Polityki Spo\u0142ecznej z dnia 17 kwietnia 2012 r. w sprawie specjalizacji [&hellip;]<a href='https:\/\/rops-bialystok.pl\/rops\/?p=12970' class='pfpReadMore'> Przeczytaj ca\u0142o\u015b\u0107 \u00bb<\/a><div class='clear'><\/div><hr><\/div><div class='pfpItem entry-content'><h2 class='entry-title'><a href='https:\/\/rops-bialystok.pl\/rops\/?p=12764'>Informacja dotycz\u0105ca egzaminu na i stopie\u0144 specjalizacji w zawodzie pracownik socjalny<\/a><\/h2><div class='entry-meta'>Opublikowane 9 listopada, 2017 r. <\/div>Zgodnie z art. 118 ust. 2 pkt 1 ustawy z dnia 12 marca 2004 roku o pomocy spo\u0142ecznej (t.j. Dz.U. z 2017 r., poz. 1769 ) przeprowadzanie post\u0119powania w zakresie nadawania stopni specjalizacji zawodowej oraz egzaminu dla pracownik\u00f3w socjalnych ubiegaj\u0105cych si\u0119 o I stopie\u0144 specjalizacji zawodowej nale\u017cy do zada\u0144 Regionalnej Komisji Egzaminacyjnej ds. stopni specjalizacji [&hellip;]<a href='https:\/\/rops-bialystok.pl\/rops\/?p=12764' class='pfpReadMore'> Przeczytaj ca\u0142o\u015b\u0107 \u00bb<\/a><div class='clear'><\/div><hr><\/div><div class='pfpItem entry-content'><h2 class='entry-title'><a href='https:\/\/rops-bialystok.pl\/rops\/?p=12000'>Informacja dotycz\u0105ca egzaminu  na i stopie\u0144 specjalizacji  w zawodzie pracownik socjalny<\/a><\/h2><div class='entry-meta'>Opublikowane 9 czerwca, 2017 r. <\/div>Zgodnie z art. 118 ust. 2 pkt 1 ustawy z dnia 12 marca 2004 roku o pomocy spo\u0142ecznej (Dz. U.&nbsp; z 2016 r. poz. 930 z p\u00f3\u017an. zm.) przeprowadzanie post\u0119powania w zakresie nadawania stopni specjalizacji zawodowej oraz egzaminu dla pracownik\u00f3w socjalnych ubiegaj\u0105cych si\u0119 o I stopie\u0144 specjalizacji zawodowej nale\u017cy do zada\u0144 &nbsp;Regionalnej Komisji Egzaminacyjnej ds. [&hellip;]<a href='https:\/\/rops-bialystok.pl\/rops\/?p=12000' class='pfpReadMore'> Przeczytaj ca\u0142o\u015b\u0107 \u00bb<\/a><div class='clear'><\/div><hr><\/div><div class='pfpItem entry-content'><h2 class='entry-title'><a href='https:\/\/rops-bialystok.pl\/rops\/?p=11148'>Informacja Regionalnej Komisji Egzaminacyjnej ds. stopni specjalizacji zawodowej pracownik\u00f3w socjalnych w wojew\u00f3dztwie podlaskim<\/a><\/h2><div class='entry-meta'>Opublikowane 11 stycznia, 2017 r. <\/div>Regionalna Komisja Egzaminacyjna ds. stopni specjalizacji zawodowej pracownik\u00f3w socjalnych w wojew\u00f3dztwie podlaskim informuje, i\u017c w dniu 10 stycznia 2017 r. zweryfikowa\u0142a i dopu\u015bci\u0142a do egzaminu 72 osoby, kt\u00f3re uko\u0144czy\u0142y szkolenie z zakresu I stopnia specjalizacji w zawodzie pracownik socjalny. Terminy egzamin\u00f3w: 4 lutego 2017 r.&nbsp;&nbsp;&nbsp; godz. 11,00&nbsp;&nbsp; grupa III (mazowiecko-\u0142\u00f3dzka) 5 lutego 2017 r.&nbsp;&nbsp;&nbsp; godz.10,00&nbsp;&nbsp;&nbsp; [&hellip;]<a href='https:\/\/rops-bialystok.pl\/rops\/?p=11148' class='pfpReadMore'> Przeczytaj ca\u0142o\u015b\u0107 \u00bb<\/a><div class='clear'><\/div><hr><\/div><div class='pfpItem entry-content'><h2 class='entry-title'><a href='https:\/\/rops-bialystok.pl\/rops\/?p=10980'>Informacja dotycz\u0105ca egzaminu na I stopie\u0144 specjalizacji  w zawodzie pracownik socjalny<\/a><\/h2><div class='entry-meta'>Opublikowane 12 grudnia, 2016 r. <\/div>Materia\u0142y do pobrania: Informacja dotycz\u0105ca egzaminu na I stopie\u0144 specjalizacji\u00a0 w zawodzie pracownik socjalny<a href='https:\/\/rops-bialystok.pl\/rops\/?p=10980' class='pfpReadMore'> Przeczytaj ca\u0142o\u015b\u0107 \u00bb<\/a><div class='clear'><\/div><hr><\/div><div class='pfpItem entry-content'><h2 class='entry-title'><a href='https:\/\/rops-bialystok.pl\/rops\/?p=9544'>Szkolenie   \u201especjalizacja II stopnia w zawodzie pracownik socjalny\u201d<\/a><\/h2><div class='entry-meta'>Opublikowane 17 maja, 2016 r. <\/div>Grupa Olszty\u0144ska Szko\u0142a Biznesu w partnerstwie\u00a0 z Instytutem Rozwoju S\u0142u\u017cb Spo\u0142ecznych b\u0119dzie realizowa\u0107 specjalizacj\u0119 II stopnia w zawodzie pracownik socjalny dla pracownik\u00f3w instytucji pomocy i integracji spo\u0142ecznej z terenu wojew\u00f3dztw warmi\u0144sko \u2013 mazurskiego, podlaskiego, mazowieckiego i \u0142\u00f3dzkiego. Szkolenia realizowane s\u0105 w ramach projektu dofinansowanego z Programu Operacyjnego Wiedza Edukacja Rozw\u00f3j 2014 \u2013 2020, Dzia\u0142anie 2.5 [&hellip;]<a href='https:\/\/rops-bialystok.pl\/rops\/?p=9544' class='pfpReadMore'> Przeczytaj ca\u0142o\u015b\u0107 \u00bb<\/a><div class='clear'><\/div><hr><\/div><div class='pfpItem entry-content'><h2 class='entry-title'><a href='https:\/\/rops-bialystok.pl\/rops\/?p=9360'>Szkolenie \u201eSpecjalizacja I stopnia w zawodzie pracownika socjalnego\u201d<\/a><\/h2><div class='entry-meta'>Opublikowane 8 marca, 2016 r. <\/div>Uprzejmie informujemy, \u017ce Wy\u017csza Szko\u0142a Finans\u00f3w i Zarz\u0105dzania w Bia\u0142ymstoku realizuje projekt \u201eWysoko wykwalifikowana kadra s\u0142u\u017cb pomocy i integracji spo\u0142ecznej na terenie II makroregionu\u201d w ramach Programu Operacyjnego Wiedza Edukacja Rozw\u00f3j 2014-2020, II O\u015b priorytetowa Efektywne polityki publiczne dla rynku pracy, gospodarki i edukacji PO WER \u2013 Dzia\u0142anie 2.5 Skuteczna pomoc spo\u0142eczna. Projekt jest realizowany [&hellip;]<a href='https:\/\/rops-bialystok.pl\/rops\/?p=9360' class='pfpReadMore'> Przeczytaj ca\u0142o\u015b\u0107 \u00bb<\/a><div class='clear'><\/div><hr><\/div><div class='pfpItem entry-content'><h2 class='entry-title'><a href='https:\/\/rops-bialystok.pl\/rops\/?p=8565'>Uroczyste wr\u0119czenie dyplom\u00f3w pracownikom socjalnym<\/a><\/h2><div class='entry-meta'>Opublikowane 20 pa\u017adziernika, 2015 r. <\/div><img\n\t\t\t\t\ttitle=\"IMG_2949\"\n\t\t\t\t\talt=\"IMG_2949\"\n\t\t\t\t\tsrc=\"https:\/\/rops-bialystok.pl\/rops\/wp-content\/gallery\/uroczyste-wreczenie-dyplomow-pracownikom-socjalnym\/thumbs\/thumbs_IMG_2949.JPG\"\n\t\t\t\t\twidth=\"200\"\n\t\t\t\t\theight=\"150\"\n\t\t\t\t\tstyle=\"max-width:100%;\"\n\t\t\t\t\/>W dniu 28.09.2015 r. przed rozpocz\u0119ciem XIV sesji Sejmiku Wojew\u00f3dztwa Podlaskiego, odby\u0142o si\u0119 wr\u0119czenie Dyplom\u00f3w Uzyskania I Stopnia Specjalizacji w Zawodzie Pracownik Socjalny. Dyplomy odebra\u0142o 29 pracownik\u00f3w socjalnych, kt\u00f3rzy przyst\u0105pili i zaliczyli egzamin wynikiem pozytywnym w dniu 9 maja 2015 r., przed Regionaln\u0105 Komisj\u0105 Egzaminacyjn\u0105 w Bia\u0142ymstoku. Dyplomy wr\u0119cza\u0142 Marsza\u0142ek Wojew\u00f3dztwa Podlaskiego Mieczys\u0142aw Baszko i [&hellip;]<a href='https:\/\/rops-bialystok.pl\/rops\/?p=8565' class='pfpReadMore'> Przeczytaj ca\u0142o\u015b\u0107 \u00bb<\/a><div class='clear'><\/div><hr><\/div><div class='pfpItem entry-content'><h2 class='entry-title'><a href='https:\/\/rops-bialystok.pl\/rops\/?p=7592'>Informacja dotycz\u0105ca egzaminu na i stopie\u0144 specjalizacji  w zawodzie pracownik socjalny<\/a><\/h2><div class='entry-meta'>Opublikowane 3 marca, 2015 r. <\/div>Materia\u0142y do pobrania: Informacja dotycz\u0105ca egzaminu na i stopie\u0144 specjalizacji w zawodzie pracownik socjalny<a href='https:\/\/rops-bialystok.pl\/rops\/?p=7592' class='pfpReadMore'> Przeczytaj ca\u0142o\u015b\u0107 \u00bb<\/a><div class='clear'><\/div><hr><\/div><\/p>\n<hr \/>\n<p style=\"text-align: justify;\">Zgodnie z art. 118 ustawy z dnia 12 marca 2004 r. o pomocy spo\u0142ecznej (Dz. U. z 2023 r., poz. 901) Regionalne Komisje Egzaminacyjne ds. stopni specjalizacji zawodowej pracownik\u00f3w socjalnych dzia\u0142aj\u0105 przy urz\u0119dach marsza\u0142kowskich lub na mocy decyzji marsza\u0142ka wojew\u00f3dztwa przy regionalnym o\u015brodku polityki spo\u0142ecznej lub innym podmiocie, kt\u00f3rego organem prowadz\u0105cym jest marsza\u0142ek wojew\u00f3dztwa.<\/p>\n<p style=\"text-align: justify;\">Do zada\u0144 RKE nale\u017cy m. in. przeprowadzenie post\u0119powania w zakresie nadawania stopni specjalizacji zawodowej oraz egzaminu dla pracownik\u00f3w socjalnych, ubiegaj\u0105cych si\u0119 o I stopie\u0144 specjalizacji zawodowej.<\/p>\n<p style=\"text-align: justify;\">W dniu 19 maja 2023 roku Centralna Komisja Egzaminacyjna ds. stopni specjalizacji zawodowej pracownik\u00f3w socjalnych na podstawie \u00a7 4 ust. 3 rozporz\u0105dzenia Ministra Pracy i Polityki Spo\u0142ecznej z dnia 17 kwietnia 2012 r. w sprawie specjalizacji w zawodzie pracownik socjalny (Dz. U. z 2012 r., poz. 486) dokona\u0142a wyboru cz\u0142onk\u00f3w Regionalnej Komisji Egzaminacyjnej w wojew\u00f3dztwie podlaskim spo\u015br\u00f3d kandydat\u00f3w zg\u0142oszonych przez Marsza\u0142ka Wojew\u00f3dztwa.<\/p>\n<p><strong>Sk\u0142ad Regionalnej Komisji Egzaminacyjnej<\/strong> ds. stopni specjalizacji zawodowej pracownik\u00f3w socjalnych w wojew\u00f3dztwie podlaskim na lata 2023-2028:<\/p>\n<ol>\n<li><strong>Pani Krystyna Dackiewicz<\/strong><\/li>\n<li><strong>Pani Iwona Kalinowska<\/strong><\/li>\n<li><strong>Pani Marzena Kry\u0144ska<\/strong><\/li>\n<li><strong>Pani El\u017cbieta Potoniec<\/strong><\/li>\n<li><strong>Pani Joanna Szymanowska \u2013 Przewodnicz\u0105ca RKE<\/strong><\/li>\n<\/ol>\n<p><strong>Osoba do kontaktu:<\/strong><\/p>\n<p style=\"text-align: justify;\">Koordynatorem zada\u0144 Regionalnej Komisji Egzaminacyjnej w wojew\u00f3dztwie podlaskim, przy Regionalnym O\u015brodku Polityki Spo\u0142ecznej w Bia\u0142ymstoku jest <strong>Pani Anna Nazaruk \u2013 Saczko<\/strong><\/p>\n<p><strong>tel. 85 744 71 43<\/strong><\/p>\n<p><strong>e-mail: <a href=\"mailto:anna.nazaruk@rops-bialystok.pl\">anna.nazaruk@rops-bialystok.pl<\/a><\/strong><\/p>\n<p>&nbsp;<\/p>\n<p>Wykaz podmiot\u00f3w szkol\u0105cych, kt\u00f3re otrzyma\u0142y zgod\u0119 Ministra w\u0142a\u015bciwego ds. zabezpieczenia spo\u0142ecznego na prowadzenie I i II stopnia specjalizacji w zawodzie pracownik socjalny, znajduje si\u0119 na stronie internetowej Ministerstwa Rodziny, Pracy i Polityki Spo\u0142ecznej.<\/p>\n<p>link do strony: <a href=\"https:\/\/www.gov.pl\/web\/rodzina\/specjalizacja-w-zawodzie-pracownik-socjalny\">Specjalizacja w zawodzie pracownik socjalny (gov.pl)<\/a><\/p>\n","protected":false},"excerpt":{"rendered":"<p>Aktualno\u015bci &#8211; archiwum: Zgodnie z art. 118 ustawy z dnia 12 marca 2004 r. o pomocy spo\u0142ecznej (Dz. U. z 2023 r., poz. 901) Regionalne Komisje Egzaminacyjne ds. stopni specjalizacji zawodowej pracownik\u00f3w socjalnych dzia\u0142aj\u0105 przy urz\u0119dach marsza\u0142kowskich lub na mocy decyzji marsza\u0142ka wojew\u00f3dztwa przy regionalnym o\u015brodku polityki spo\u0142ecznej lub innym podmiocie, kt\u00f3rego organem prowadz\u0105cym jest [&hellip;]<\/p>\n","protected":false},"author":16,"featured_media":0,"parent":0,"menu_order":0,"comment_status":"closed","ping_status":"closed","template":"","meta":{"ngg_post_thumbnail":0,"footnotes":""},"class_list":["post-23087","page","type-page","status-publish","hentry"],"_links":{"self":[{"href":"https:\/\/rops-bialystok.pl\/rops\/index.php?rest_route=\/wp\/v2\/pages\/23087","targetHints":{"allow":["GET"]}}],"collection":[{"href":"https:\/\/rops-bialystok.pl\/rops\/index.php?rest_route=\/wp\/v2\/pages"}],"about":[{"href":"https:\/\/rops-bialystok.pl\/rops\/index.php?rest_route=\/wp\/v2\/types\/page"}],"author":[{"embeddable":true,"href":"https:\/\/rops-bialystok.pl\/rops\/index.php?rest_route=\/wp\/v2\/users\/16"}],"replies":[{"embeddable":true,"href":"https:\/\/rops-bialystok.pl\/rops\/index.php?rest_route=%2Fwp%2Fv2%2Fcomments&post=23087"}],"version-history":[{"count":1,"href":"https:\/\/rops-bialystok.pl\/rops\/index.php?rest_route=\/wp\/v2\/pages\/23087\/revisions"}],"predecessor-version":[{"id":23089,"href":"https:\/\/rops-bialystok.pl\/rops\/index.php?rest_route=\/wp\/v2\/pages\/23087\/revisions\/23089"}],"wp:attachment":[{"href":"https:\/\/rops-bialystok.pl\/rops\/index.php?rest_route=%2Fwp%2Fv2%2Fmedia&parent=23087"}],"curies":[{"name":"wp","href":"https:\/\/api.w.org\/{rel}","templated":true}]}}