{"id":23396,"date":"2025-02-13T14:42:32","date_gmt":"2025-02-13T13:42:32","guid":{"rendered":"https:\/\/rops-bialystok.pl\/rops\/?page_id=23396"},"modified":"2025-02-13T14:42:32","modified_gmt":"2025-02-13T13:42:32","slug":"sklad-rady-seniorow-przy-marszalku-wojewodztwa-podlaskiego-ii-kadencji","status":"publish","type":"page","link":"https:\/\/rops-bialystok.pl\/rops\/?page_id=23396","title":{"rendered":"Sk\u0142ad Rady Senior\u00f3w przy Marsza\u0142ku Wojew\u00f3dztwa Podlaskiego II kadencji"},"content":{"rendered":"<p>Sk\u0142ad Rady Senior\u00f3w przy Marsza\u0142ku Wojew\u00f3dztwa Podlaskiego II kadencji:<\/p>\n<ol>\n<li>Janina Czy\u017cewska \u2013 przedstawiciel organizacji pozarz\u0105dowej;<\/li>\n<li>Walentyna Gryc \u2013 przedstawiciel Polskiego Zwi\u0105zku Emeryt\u00f3w, Rencist\u00f3w i Inwalid\u00f3w Bia\u0142ymstoku;<\/li>\n<li>Stanis\u0142aw Danilewicz \u2013 przedstawiciel Gminnej Rady Senior\u00f3w;<\/li>\n<li>Danuta Karniewicz \u2013 przedstawiciel Gminnej Rady Senior\u00f3w;<\/li>\n<li>Gra\u017cyna Czajkowska \u2013 przedstawiciel Gminnej Rady Senior\u00f3w;<\/li>\n<li>Danuta Z\u0142otnik &#8211; przedstawiciel Uniwersytetu Trzeciego Wieku;<\/li>\n<li>Barbara Bajda &#8211; przedstawiciel Uniwersytetu Trzeciego Wieku;<\/li>\n<li>Danuta Ambro\u017cewska \u2013 przedstawiciel podmiotu dzia\u0142aj\u0105cego w obszarze us\u0142ugowo-opieku\u0144czym na rzecz os\u00f3b starszych;<\/li>\n<li>Leszek Lewoc &#8211; przedstawiciel podmiotu dzia\u0142aj\u0105cego w obszarze us\u0142ugowo-opieku\u0144czym na rzecz os\u00f3b starszych;<\/li>\n<li>Danuta Roszkowska \u2013 przedstawiciel \u015brodowiska naukowego i medycznego znaj\u0105cy problematyk\u0119 os\u00f3b starszych;<\/li>\n<li>El\u017cbieta Rajewska-Nikonowicz \u2013 Zast\u0119pca Dyrektor Regionalnego O\u015brodka Polityki Spo\u0142ecznej w Bia\u0142ymstoku;<\/li>\n<li>Agata Puchalska \u2013 przedstawiciel Urz\u0119du Marsza\u0142kowskiego Wojew\u00f3dztwa Podlaskiego;<\/li>\n<li>Krzysztof Nowakowski \u2013 przedstawiciel Urz\u0119du Marsza\u0142kowskiego Wojew\u00f3dztwa Podlaskiego.<\/li>\n<\/ol>\n<p>Prezydium Rady stanowi\u0105:<\/p>\n<ol>\n<li>Janina Czy\u017cewska- Przewodnicz\u0105ca<\/li>\n<li>Danuta Roszkowska- Wiceprzewodnicz\u0105ca<\/li>\n<li>Danuta Karniewicz- Sekretarz<\/li>\n<\/ol>\n<p>Piecz\u0119 nad dzia\u0142alno\u015bci\u0105 rady sprawuje Departament Kultury i Dziedzictwa Narodowego Urz\u0119du Marsza\u0142kowskiego Wojew\u00f3dztwa Podlaskiego.<\/p>\n<p><strong>Za\u0142\u0105czniki:<\/strong><\/p>\n<ul>\n<li><a href=\"https:\/\/rops-bialystok.pl\/rops\/wp-content\/uploads\/2025\/02\/zalnr1douchwaly_nr_315_4601_2018_bip.pdf\">Statut Rady Senior\u00f3w przy Marsza\u0142ku Wojew\u00f3dztwa Podlaskiego<\/a><\/li>\n<li><a href=\"https:\/\/rops-bialystok.pl\/rops\/wp-content\/uploads\/2025\/02\/uchwala-zarzadu-woj-podlaskiego-z-dnia-4-marca-2020.pdf\">Uchwa\u0142a w sprawie ustanowienia Pe\u0142nomocnika Zarz\u0105du Wojew\u00f3dztwa Podlaskiego ds. Senior\u00f3w<\/a><\/li>\n<\/ul>\n","protected":false},"excerpt":{"rendered":"<p>Sk\u0142ad Rady Senior\u00f3w przy Marsza\u0142ku Wojew\u00f3dztwa Podlaskiego II kadencji: Janina Czy\u017cewska \u2013 przedstawiciel organizacji pozarz\u0105dowej; Walentyna Gryc \u2013 przedstawiciel Polskiego Zwi\u0105zku Emeryt\u00f3w, Rencist\u00f3w i Inwalid\u00f3w Bia\u0142ymstoku; Stanis\u0142aw Danilewicz \u2013 przedstawiciel Gminnej Rady Senior\u00f3w; Danuta Karniewicz \u2013 przedstawiciel Gminnej Rady Senior\u00f3w; Gra\u017cyna Czajkowska \u2013 przedstawiciel Gminnej Rady Senior\u00f3w; Danuta Z\u0142otnik &#8211; przedstawiciel Uniwersytetu Trzeciego Wieku; Barbara [&hellip;]<\/p>\n","protected":false},"author":16,"featured_media":0,"parent":0,"menu_order":0,"comment_status":"closed","ping_status":"closed","template":"","meta":{"ngg_post_thumbnail":0,"footnotes":""},"class_list":["post-23396","page","type-page","status-publish","hentry"],"_links":{"self":[{"href":"https:\/\/rops-bialystok.pl\/rops\/index.php?rest_route=\/wp\/v2\/pages\/23396","targetHints":{"allow":["GET"]}}],"collection":[{"href":"https:\/\/rops-bialystok.pl\/rops\/index.php?rest_route=\/wp\/v2\/pages"}],"about":[{"href":"https:\/\/rops-bialystok.pl\/rops\/index.php?rest_route=\/wp\/v2\/types\/page"}],"author":[{"embeddable":true,"href":"https:\/\/rops-bialystok.pl\/rops\/index.php?rest_route=\/wp\/v2\/users\/16"}],"replies":[{"embeddable":true,"href":"https:\/\/rops-bialystok.pl\/rops\/index.php?rest_route=%2Fwp%2Fv2%2Fcomments&post=23396"}],"version-history":[{"count":1,"href":"https:\/\/rops-bialystok.pl\/rops\/index.php?rest_route=\/wp\/v2\/pages\/23396\/revisions"}],"predecessor-version":[{"id":23397,"href":"https:\/\/rops-bialystok.pl\/rops\/index.php?rest_route=\/wp\/v2\/pages\/23396\/revisions\/23397"}],"wp:attachment":[{"href":"https:\/\/rops-bialystok.pl\/rops\/index.php?rest_route=%2Fwp%2Fv2%2Fmedia&parent=23396"}],"curies":[{"name":"wp","href":"https:\/\/api.w.org\/{rel}","templated":true}]}}