{"id":23438,"date":"2025-03-10T15:19:33","date_gmt":"2025-03-10T14:19:33","guid":{"rendered":"https:\/\/rops-bialystok.pl\/rops\/?page_id=23438"},"modified":"2025-05-23T09:54:31","modified_gmt":"2025-05-23T07:54:31","slug":"konkursy-w-sferze-wspierania-rodziny-i-systemu-pieczy-zastepczej-w-2025-r","status":"publish","type":"page","link":"https:\/\/rops-bialystok.pl\/rops\/?page_id=23438","title":{"rendered":"Konkursy w sferze wspierania rodziny i systemu pieczy zast\u0119pczej w 2025 r."},"content":{"rendered":"<ul>\n<li><a href=\"https:\/\/bip-rops.podlaskie.eu\/uchwaly_zarzadu\/uchwaly-zarzadu-dotyczace-rops-2024\/uchwala-nr-7214412025-zarzadu-wojewodztwa-podlaskiego-z-dnia-11-marca-2025-r.html\">Uchwa\u0142a i og\u0142oszenie konkursowe<\/a><\/li>\n<\/ul>\n<ul>\n<li>&nbsp;<a href=\"https:\/\/bip-rops.podlaskie.eu\/uchwaly_zarzadu\/uchwaly-zarzadu-dotyczace-rops-2024\/uchwala-nr-8717632025-zarzadu-wojewodztwa-podlaskiego-z-dnia-21-maja-2025-roku.html?vid=1152077\">Wyniki<\/a><\/li>\n<\/ul>\n<p><b>Osob\u0105 do kontaktu w sprawie konkursu dotycz\u0105cego wspierania rodziny i systemu pieczy zast\u0119pczej jest p. Monika Karolak, tel. 85 744 73 33<\/b><\/p>\n","protected":false},"excerpt":{"rendered":"<p>Uchwa\u0142a i og\u0142oszenie konkursowe &nbsp;Wyniki Osob\u0105 do kontaktu w sprawie konkursu dotycz\u0105cego wspierania rodziny i systemu pieczy zast\u0119pczej jest p. Monika Karolak, tel. 85 744 73 33<\/p>\n","protected":false},"author":15,"featured_media":0,"parent":0,"menu_order":0,"comment_status":"closed","ping_status":"closed","template":"","meta":{"ngg_post_thumbnail":0,"footnotes":""},"class_list":["post-23438","page","type-page","status-publish","hentry"],"_links":{"self":[{"href":"https:\/\/rops-bialystok.pl\/rops\/index.php?rest_route=\/wp\/v2\/pages\/23438","targetHints":{"allow":["GET"]}}],"collection":[{"href":"https:\/\/rops-bialystok.pl\/rops\/index.php?rest_route=\/wp\/v2\/pages"}],"about":[{"href":"https:\/\/rops-bialystok.pl\/rops\/index.php?rest_route=\/wp\/v2\/types\/page"}],"author":[{"embeddable":true,"href":"https:\/\/rops-bialystok.pl\/rops\/index.php?rest_route=\/wp\/v2\/users\/15"}],"replies":[{"embeddable":true,"href":"https:\/\/rops-bialystok.pl\/rops\/index.php?rest_route=%2Fwp%2Fv2%2Fcomments&post=23438"}],"version-history":[{"count":4,"href":"https:\/\/rops-bialystok.pl\/rops\/index.php?rest_route=\/wp\/v2\/pages\/23438\/revisions"}],"predecessor-version":[{"id":23457,"href":"https:\/\/rops-bialystok.pl\/rops\/index.php?rest_route=\/wp\/v2\/pages\/23438\/revisions\/23457"}],"wp:attachment":[{"href":"https:\/\/rops-bialystok.pl\/rops\/index.php?rest_route=%2Fwp%2Fv2%2Fmedia&parent=23438"}],"curies":[{"name":"wp","href":"https:\/\/api.w.org\/{rel}","templated":true}]}}