{"id":5707,"date":"2014-02-25T08:37:37","date_gmt":"2014-02-25T07:37:37","guid":{"rendered":"http:\/\/www.rops-bialystok.pl\/rops\/?page_id=5707"},"modified":"2024-10-29T08:28:39","modified_gmt":"2024-10-29T07:28:39","slug":"regionalna-komisja-egzaminacyjna","status":"publish","type":"page","link":"https:\/\/rops-bialystok.pl\/rops\/?page_id=5707","title":{"rendered":"Regionalna Komisja Egzaminacyjna"},"content":{"rendered":"<p style=\"text-align: justify;\"><span style=\"font-size: 14pt; color: #000080;\"><strong>Aktualno\u015bci:<\/strong><\/span><\/p>\n<p style=\"text-align: justify;\"><div class='pfpItem entry-content'><h2 class='entry-title'><a href='https:\/\/rops-bialystok.pl\/rops\/?p=21791'>Szkolenia w zakresie I i II stopnia specjalizacji w zawodzie pracownik socjalny oraz organizacji pomocy spo\u0142ecznej w Skar\u017cysku-Kamiennej.<\/a><\/h2><div class='entry-meta'>Opublikowane 11 grudnia, 2023 r. <\/div>Szanowni Pa\u0144stwo, Uprzejmie informujemy, \u017ce Kolegium Pracownik\u00f3w S\u0142u\u017cb Spo\u0142ecznych w Skar\u017cysku-Kamiennej prowadzi nab\u00f3r na szkolenia w zakresie: I stopnia specjalizacji w zawodzie pracownik socjalny, II stopnia specjalizacji w zawodzie pracownik socjalny, organizacji pomocy spo\u0142ecznej. Termin rozpocz\u0119cia szkole\u0144: luty 2024 r. Miejsce prowadzenia zaj\u0119\u0107: Centrum Kszta\u0142cenia Zawodowego i Ustawicznego w Skar\u017cysku-Kamiennej, ul. Legion\u00f3w 124. Szczeg\u00f3\u0142owe informacje [&hellip;]<a href='https:\/\/rops-bialystok.pl\/rops\/?p=21791' class='pfpReadMore'> Przeczytaj ca\u0142o\u015b\u0107 \u00bb<\/a><div class='clear'><\/div><hr><\/div><div class='pfpItem entry-content'><h2 class='entry-title'><a href='https:\/\/rops-bialystok.pl\/rops\/?p=21450'>Informacja o powo\u0142aniu sk\u0142adu Regionalnej Komisji Egzaminacyjnej ds. stopni specjalizacji zawodowej pracownik\u00f3w socjalnych w wojew\u00f3dztwie podlaskim na lata 2023-2028<\/a><\/h2><div class='entry-meta'>Opublikowane 20 lipca, 2023 r. <\/div><img decoding=\"async\" width=&quot;160&quot; height=&quot;120&quot; style=\"width:160px; height:120px; border-width: 10px; border-color:#f1f1f1;border: 10px solid #f1f1f1\" alt=\"Powo\u0142anie sk\u0142adu Regionalnej Komisji Egzaminacyjnej. Sze\u015b\u0107 u\u015bmiechni\u0119tych kobiet stoi przy banerze ROPS w Bia\u0142ymstoku, po trzy osoby z obu stron. W\u015br\u00f3d nich jest obecna dyrektor ROPS w Bia\u0142ymstoku El\u017cbieta Rajewska-Nikonowicz.\" title=\"\" src=\"https:\/\/rops-bialystok.pl\/rops\/wp-content\/uploads\/2023\/07\/RKE-17.07.2023-1-160x120.jpg\" rel=\"https:\/\/rops-bialystok.pl\/rops\/wp-content\/uploads\/2023\/07\/RKE-17.07.2023-1-scaled.jpg\" \/>Centralna Komisja Egzaminacyjna ds. stopni specjalizacji zawodowej pracownik\u00f3w socjalnych powo\u0142a\u0142a w sk\u0142ad Regionalnej Komisji Egzaminacyjnej ds. stopni specjalizacji zawodowej pracownik\u00f3w socjalnych w wojew\u00f3dztwie podlaskim na lata 2023-2028, spo\u015br\u00f3d kandydat\u00f3w zg\u0142oszonych przez Marsza\u0142ka Wojew\u00f3dztwa Podlaskiego, ni\u017cej wymienione osoby: Pani\u0105 Krystyn\u0119 Dackiewicz, Pani\u0105 Iwon\u0119 Kalinowsk\u0105, Pani\u0105 Marzen\u0119 Kry\u0144sk\u0105, Pani\u0105 El\u017cbiet\u0119 Potoniec, Pani\u0105 Joann\u0119 Szymanowsk\u0105. Podczas pierwszego posiedzenia [&hellip;]<a href='https:\/\/rops-bialystok.pl\/rops\/?p=21450' class='pfpReadMore'> Przeczytaj ca\u0142o\u015b\u0107 \u00bb<\/a><div class='clear'><\/div><hr><\/div><div class='pfpItem entry-content'><h2 class='entry-title'><a href='https:\/\/rops-bialystok.pl\/rops\/?p=20853'>Informacja o rozpocz\u0119ciu procedury powo\u0142ywania nowego sk\u0142adu Regionalnej Komisji Egzaminacyjnej ds. stopni specjalizacji zawodowej pracownik\u00f3w socjalnych na lata 2023-2028<\/a><\/h2><div class='entry-meta'>Opublikowane 17 marca, 2023 r. <\/div>W zwi\u0105zku z zako\u0144czeniem kadencji 2018-2023 Regionalnej Komisji Egzaminacyjnej ds. stopni specjalizacji zawodowej pracownik\u00f3w socjalnych w wojew\u00f3dztwie podlaskim, Centralna Komisja Egzaminacyjna ds. stopni specjalizacji zawodowej pracownik\u00f3w socjalnych odpowiedzialna, na mocy art. 117 ust. 3 pkt 4 ustawy z dnia 12 marca 2004 r. o pomocy spo\u0142ecznej (Dz. U. z 2021 r. poz. 2268 z p\u00f3\u017an. [&hellip;]<a href='https:\/\/rops-bialystok.pl\/rops\/?p=20853' class='pfpReadMore'> Przeczytaj ca\u0142o\u015b\u0107 \u00bb<\/a><div class='clear'><\/div><hr><\/div><\/p>\n<div>&nbsp;<\/div>\n<div class=\"wpi_text\"><a href='https:\/\/rops-bialystok.pl\/rops\/?page_id=23087' onclick='' class='wpi_designer_button   wpi_shadow wpi_shadow_1px wpi_text_shadow_no wpi_texture_no wpi_border_all wpi_padding_10px wpi_5px wpi_designer_button_11174 wpi_icon wpi_icon_no wpi_icon_left  ' target='' rel=''><i class=''><\/i><span class='wpi_text'>Archiwum<\/span><\/a><\/div>\n<hr \/>\n<p style=\"text-align: justify;\">Zgodnie z art. 118 ustawy z dnia 12 marca 2004 r. o pomocy spo\u0142ecznej (Dz. U. z 2023 r., poz. 901) Regionalne Komisje Egzaminacyjne ds. stopni specjalizacji zawodowej pracownik\u00f3w socjalnych dzia\u0142aj\u0105 przy urz\u0119dach marsza\u0142kowskich lub na mocy decyzji marsza\u0142ka wojew\u00f3dztwa przy regionalnym o\u015brodku polityki spo\u0142ecznej lub innym podmiocie, kt\u00f3rego organem prowadz\u0105cym jest marsza\u0142ek wojew\u00f3dztwa.<\/p>\n<p style=\"text-align: justify;\">Do zada\u0144 RKE nale\u017cy m. in. przeprowadzenie post\u0119powania w zakresie nadawania stopni specjalizacji zawodowej oraz egzaminu dla pracownik\u00f3w socjalnych, ubiegaj\u0105cych si\u0119 o I stopie\u0144 specjalizacji zawodowej.<\/p>\n<p style=\"text-align: justify;\">W dniu 19 maja 2023 roku Centralna Komisja Egzaminacyjna ds. stopni specjalizacji zawodowej pracownik\u00f3w socjalnych na podstawie \u00a7 4 ust. 3 rozporz\u0105dzenia Ministra Pracy i Polityki Spo\u0142ecznej z dnia 17 kwietnia 2012 r. w sprawie specjalizacji w zawodzie pracownik socjalny (Dz. U. z 2012 r., poz. 486) dokona\u0142a wyboru cz\u0142onk\u00f3w Regionalnej Komisji Egzaminacyjnej w wojew\u00f3dztwie podlaskim spo\u015br\u00f3d kandydat\u00f3w zg\u0142oszonych przez Marsza\u0142ka Wojew\u00f3dztwa.<\/p>\n<p><strong>Sk\u0142ad Regionalnej Komisji Egzaminacyjnej<\/strong> ds. stopni specjalizacji zawodowej pracownik\u00f3w socjalnych w wojew\u00f3dztwie podlaskim na lata 2023-2028:<\/p>\n<ol>\n<li><strong>Pani Krystyna Dackiewicz<\/strong><\/li>\n<li><strong>Pani Iwona Kalinowska<\/strong><\/li>\n<li><strong>Pani Marzena Kry\u0144ska<\/strong><\/li>\n<li><strong>Pani El\u017cbieta Potoniec<\/strong><\/li>\n<li><strong>Pani Joanna Szymanowska \u2013 Przewodnicz\u0105ca RKE<\/strong><\/li>\n<\/ol>\n<p><strong>Osoba do kontaktu:<\/strong><\/p>\n<p style=\"text-align: justify;\">Koordynatorem zada\u0144 Regionalnej Komisji Egzaminacyjnej w wojew\u00f3dztwie podlaskim, przy Regionalnym O\u015brodku Polityki Spo\u0142ecznej w Bia\u0142ymstoku jest <strong>Pani Anna Nazaruk \u2013 Saczko<\/strong><\/p>\n<p><strong>tel. 85 744 71 43<\/strong><\/p>\n<p><strong>e-mail: <a href=\"mailto:anna.nazaruk@rops-bialystok.pl\">anna.nazaruk@rops-bialystok.pl<\/a><\/strong><\/p>\n<p>&nbsp;<\/p>\n<p>Wykaz podmiot\u00f3w szkol\u0105cych, kt\u00f3re otrzyma\u0142y zgod\u0119 Ministra w\u0142a\u015bciwego ds. zabezpieczenia spo\u0142ecznego na prowadzenie I i II stopnia specjalizacji w zawodzie pracownik socjalny, znajduje si\u0119 na stronie internetowej Ministerstwa Rodziny, Pracy i Polityki Spo\u0142ecznej.<\/p>\n<p>link do strony: <a href=\"https:\/\/www.gov.pl\/web\/rodzina\/specjalizacja-w-zawodzie-pracownik-socjalny\">Specjalizacja w zawodzie pracownik socjalny (gov.pl)<\/a><\/p>\n","protected":false},"excerpt":{"rendered":"<p>Aktualno\u015bci: &nbsp; Zgodnie z art. 118 ustawy z dnia 12 marca 2004 r. o pomocy spo\u0142ecznej (Dz. U. z 2023 r., poz. 901) Regionalne Komisje Egzaminacyjne ds. stopni specjalizacji zawodowej pracownik\u00f3w socjalnych dzia\u0142aj\u0105 przy urz\u0119dach marsza\u0142kowskich lub na mocy decyzji marsza\u0142ka wojew\u00f3dztwa przy regionalnym o\u015brodku polityki spo\u0142ecznej lub innym podmiocie, kt\u00f3rego organem prowadz\u0105cym jest marsza\u0142ek [&hellip;]<\/p>\n","protected":false},"author":12,"featured_media":0,"parent":0,"menu_order":0,"comment_status":"closed","ping_status":"closed","template":"","meta":{"ngg_post_thumbnail":0,"footnotes":""},"class_list":["post-5707","page","type-page","status-publish","hentry"],"_links":{"self":[{"href":"https:\/\/rops-bialystok.pl\/rops\/index.php?rest_route=\/wp\/v2\/pages\/5707","targetHints":{"allow":["GET"]}}],"collection":[{"href":"https:\/\/rops-bialystok.pl\/rops\/index.php?rest_route=\/wp\/v2\/pages"}],"about":[{"href":"https:\/\/rops-bialystok.pl\/rops\/index.php?rest_route=\/wp\/v2\/types\/page"}],"author":[{"embeddable":true,"href":"https:\/\/rops-bialystok.pl\/rops\/index.php?rest_route=\/wp\/v2\/users\/12"}],"replies":[{"embeddable":true,"href":"https:\/\/rops-bialystok.pl\/rops\/index.php?rest_route=%2Fwp%2Fv2%2Fcomments&post=5707"}],"version-history":[{"count":28,"href":"https:\/\/rops-bialystok.pl\/rops\/index.php?rest_route=\/wp\/v2\/pages\/5707\/revisions"}],"predecessor-version":[{"id":23090,"href":"https:\/\/rops-bialystok.pl\/rops\/index.php?rest_route=\/wp\/v2\/pages\/5707\/revisions\/23090"}],"wp:attachment":[{"href":"https:\/\/rops-bialystok.pl\/rops\/index.php?rest_route=%2Fwp%2Fv2%2Fmedia&parent=5707"}],"curies":[{"name":"wp","href":"https:\/\/api.w.org\/{rel}","templated":true}]}}