{"id":5958,"date":"2014-04-10T09:45:30","date_gmt":"2014-04-10T07:45:30","guid":{"rendered":"http:\/\/www.rops-bialystok.pl\/rops\/?page_id=5958"},"modified":"2016-01-25T10:40:58","modified_gmt":"2016-01-25T09:40:58","slug":"konkursy-2014-rok","status":"publish","type":"page","link":"https:\/\/rops-bialystok.pl\/rops\/?page_id=5958","title":{"rendered":"Konkursy 2014 rok"},"content":{"rendered":"<h4><a href='https:\/\/www.rops-bialystok.pl\/rops\/?p=5960' onclick='' class='wpi_designer_button   wpi_shadow wpi_shadow_1px wpi_text_shadow_no wpi_texture_no wpi_border_bottom wpi_padding_10px wpi_5px wpi_designer_button_9202 wpi_icon wpi_icon_no wpi_icon_left  ' target='' rel=''><i class=''><\/i><span class='wpi_text'>Konkursy w sferze pomocy spo\u0142ecznej<\/span><\/a><\/h4>\n<a href='https:\/\/www.rops-bialystok.pl\/rops\/?p=5962' onclick='' class='wpi_designer_button   wpi_shadow wpi_shadow_1px wpi_text_shadow_no wpi_texture_no wpi_border_bottom wpi_padding_10px wpi_5px wpi_designer_button_9203 wpi_icon wpi_icon_no wpi_icon_left  ' target='' rel=''><i class=''><\/i><span class='wpi_text'>Konkursy w sferze dzia\u0142a\u0144 na rzecz os\u00f3b niepe\u0142nosprawnych<\/span><\/a>\n<a href='https:\/\/www.rops-bialystok.pl\/rops\/?p=5964' onclick='' class='wpi_designer_button   wpi_shadow wpi_shadow_1px wpi_text_shadow_no wpi_texture_no wpi_border_bottom wpi_padding_10px wpi_5px wpi_designer_button_9204 wpi_icon wpi_icon_no wpi_icon_left  ' target='' rel=''><i class=''><\/i><span class='wpi_text'>Konkursy w sferze przeciwdzia\u0142ania uzale\u017cnieniom i patologiom spo\u0142ecznym<\/span><\/a>\n","protected":false},"excerpt":{"rendered":"","protected":false},"author":12,"featured_media":0,"parent":0,"menu_order":0,"comment_status":"closed","ping_status":"closed","template":"","meta":{"ngg_post_thumbnail":0,"footnotes":""},"class_list":["post-5958","page","type-page","status-publish","hentry"],"_links":{"self":[{"href":"https:\/\/rops-bialystok.pl\/rops\/index.php?rest_route=\/wp\/v2\/pages\/5958","targetHints":{"allow":["GET"]}}],"collection":[{"href":"https:\/\/rops-bialystok.pl\/rops\/index.php?rest_route=\/wp\/v2\/pages"}],"about":[{"href":"https:\/\/rops-bialystok.pl\/rops\/index.php?rest_route=\/wp\/v2\/types\/page"}],"author":[{"embeddable":true,"href":"https:\/\/rops-bialystok.pl\/rops\/index.php?rest_route=\/wp\/v2\/users\/12"}],"replies":[{"embeddable":true,"href":"https:\/\/rops-bialystok.pl\/rops\/index.php?rest_route=%2Fwp%2Fv2%2Fcomments&post=5958"}],"version-history":[{"count":9,"href":"https:\/\/rops-bialystok.pl\/rops\/index.php?rest_route=\/wp\/v2\/pages\/5958\/revisions"}],"predecessor-version":[{"id":9181,"href":"https:\/\/rops-bialystok.pl\/rops\/index.php?rest_route=\/wp\/v2\/pages\/5958\/revisions\/9181"}],"wp:attachment":[{"href":"https:\/\/rops-bialystok.pl\/rops\/index.php?rest_route=%2Fwp%2Fv2%2Fmedia&parent=5958"}],"curies":[{"name":"wp","href":"https:\/\/api.w.org\/{rel}","templated":true}]}}