{"id":7250,"date":"2014-11-18T09:27:46","date_gmt":"2014-11-18T08:27:46","guid":{"rendered":"http:\/\/www.rops-bialystok.pl\/rops\/?page_id=7250"},"modified":"2021-07-07T09:32:23","modified_gmt":"2021-07-07T07:32:23","slug":"strategia-polityki-spolecznej","status":"publish","type":"page","link":"https:\/\/rops-bialystok.pl\/rops\/?page_id=7250","title":{"rendered":"Strategia Polityki Spo\u0142ecznej"},"content":{"rendered":"<h2>Aktualne:<\/h2>\n<p><a href=\"http:\/\/www.rops-bialystok.pl\/rops\/wp-content\/uploads\/2021\/07\/Strategia-Polityki-Spolecznej-Wojewodztwa-Podlaskiego-do-roku-2030-2.pdf\">Strategia Polityki Spo\u0142ecznej Wojew\u00f3dztwa Podlaskiego do roku 2030<\/a><\/p>\n<p>&nbsp;<\/p>\n<hr \/>\n<h2>&nbsp;Archiwum:<\/h2>\n<p><a href=\"http:\/\/www.rops-bialystok.pl\/rops\/wp-content\/uploads\/2014\/11\/Strategia-Polityki-Spo\u0142ecznej-Wojew\u00f3dztwa-Podlaskiego-do-roku-20201.pdf\">Strategia Polityki Spo\u0142ecznej Wojew\u00f3dztwa Podlaskiego do roku 2020<\/a><\/p>\n<p><a href=\"http:\/\/www.rops-bialystok.pl\/rops\/wp-content\/uploads\/2019\/02\/Diagnoza-SPSWP_19.05.2014.pdf\">Strategia Polityki Spo\u0142ecznej Wojew\u00f3dztwa Podlaskiego do roku 2020 &#8211; diagnoza<\/a><\/p>\n<p><a href=\"http:\/\/www.rops-bialystok.pl\/rops\/wp-content\/uploads\/2014\/11\/Wojew\u00f3dzka-Strategia-Polityki-Spo\u0142ecznej-2010-2018.pdf\">Wojew\u00f3dzka Strategia Polityki Spo\u0142ecznej na lata 2010-2018<\/a><\/p>\n","protected":false},"excerpt":{"rendered":"<p>Aktualne: Strategia Polityki Spo\u0142ecznej Wojew\u00f3dztwa Podlaskiego do roku 2030 &nbsp; &nbsp;Archiwum: Strategia Polityki Spo\u0142ecznej Wojew\u00f3dztwa Podlaskiego do roku 2020 Strategia Polityki Spo\u0142ecznej Wojew\u00f3dztwa Podlaskiego do roku 2020 &#8211; diagnoza Wojew\u00f3dzka Strategia Polityki Spo\u0142ecznej na lata 2010-2018<\/p>\n","protected":false},"author":12,"featured_media":0,"parent":0,"menu_order":0,"comment_status":"closed","ping_status":"closed","template":"","meta":{"ngg_post_thumbnail":0,"footnotes":""},"class_list":["post-7250","page","type-page","status-publish","hentry"],"_links":{"self":[{"href":"https:\/\/rops-bialystok.pl\/rops\/index.php?rest_route=\/wp\/v2\/pages\/7250","targetHints":{"allow":["GET"]}}],"collection":[{"href":"https:\/\/rops-bialystok.pl\/rops\/index.php?rest_route=\/wp\/v2\/pages"}],"about":[{"href":"https:\/\/rops-bialystok.pl\/rops\/index.php?rest_route=\/wp\/v2\/types\/page"}],"author":[{"embeddable":true,"href":"https:\/\/rops-bialystok.pl\/rops\/index.php?rest_route=\/wp\/v2\/users\/12"}],"replies":[{"embeddable":true,"href":"https:\/\/rops-bialystok.pl\/rops\/index.php?rest_route=%2Fwp%2Fv2%2Fcomments&post=7250"}],"version-history":[{"count":6,"href":"https:\/\/rops-bialystok.pl\/rops\/index.php?rest_route=\/wp\/v2\/pages\/7250\/revisions"}],"predecessor-version":[{"id":18356,"href":"https:\/\/rops-bialystok.pl\/rops\/index.php?rest_route=\/wp\/v2\/pages\/7250\/revisions\/18356"}],"wp:attachment":[{"href":"https:\/\/rops-bialystok.pl\/rops\/index.php?rest_route=%2Fwp%2Fv2%2Fmedia&parent=7250"}],"curies":[{"name":"wp","href":"https:\/\/api.w.org\/{rel}","templated":true}]}}