{"id":9058,"date":"2015-12-21T21:18:24","date_gmt":"2015-12-21T20:18:24","guid":{"rendered":"http:\/\/www.rops-bialystok.pl\/rops\/?page_id=9058"},"modified":"2016-10-11T14:55:08","modified_gmt":"2016-10-11T12:55:08","slug":"konkursy-2016-roku","status":"publish","type":"page","link":"https:\/\/rops-bialystok.pl\/rops\/?page_id=9058","title":{"rendered":"Konkursy 2016 roku"},"content":{"rendered":"<p style=\"text-align: justify;\"><strong><span style=\"color: #ff0000;\">Informujemy, i\u017c Zarz\u0105d Wojew\u00f3dztwa Podlaskiego podj\u0105\u0142 decyzj\u0119 o wprowadzeniu elektronicznego systemu obs\u0142ugi otwartych konkurs\u00f3w ofert zlecanych dla organizacji pozarz\u0105dowych i innych podmiot\u00f3w prowadz\u0105cych dzia\u0142alno\u015b\u0107 po\u017cytku publicznego przez Urz\u0105d Marsza\u0142kowski Wojew\u00f3dztwa Podlaskiego i Regionalny O\u015brodek Polityki Spo\u0142ecznej w\u00a0Bia\u0142ymstoku.<\/span> <\/strong><\/p>\n<p style=\"text-align: justify;\">W tym celu zosta\u0142a zakupiona licencja systemu pod nazw\u0105 <a href=\"http:\/\/www.WITKAC.pl\">www.WITKAC.pl<\/a>. System realizuje us\u0142ug\u0119 e-administracji (cyfrowy urz\u0105d), kt\u00f3ra polega na zast\u0105pieniu procedur papierowych nowoczesnymi narz\u0119dziami elektronicznymi. Aplikacje internetowe usprawni\u0105 dotychczasow\u0105 procedur\u0119 zlecania zada\u0144 organizacjom pozarz\u0105dowym, kt\u00f3ra sk\u0142ada si\u0119 z wielu etap\u00f3w m. in.: naboru ofert, oceny ofert przez komisje konkursowe, podpisywaniu um\u00f3w dotacyjnych, sprawozdawczo\u015bci i archiwizacji.<\/p>\n<p style=\"text-align: justify;\">System Witkac.pl spe\u0142nia oczekiwania organizacji aplikuj\u0105cych w konkursach samorz\u0105du \u2013 generator ofert pomaga w unikni\u0119ciu b\u0142\u0119d\u00f3w formalnych, zapewnia szybkie zarejestrowanie danych organizacji i przede wszystkim daje mo\u017cliwo\u015b\u0107 przes\u0142ania oferty bez konieczno\u015bci wychodzenia z domu, czy biura. Natomiast dla urz\u0119du pozwala na usprawnienie procedur, sprawny kontakt z wnioskodawcami, szybsze za\u0142atwienie spraw.<\/p>\n<p style=\"text-align: justify;\"><span style=\"color: #ff0000;\"><strong><u>W zwi\u0105zku z powy\u017cszym od 1 stycznia 2016 roku wszystkie konkursy og\u0142aszane przez Regionalny O\u015brodek Polityki Spo\u0142ecznej w Bia\u0142ymstoku b\u0119d\u0105 obs\u0142ugiwane w systemie witkac.pl.<\/u><\/strong><\/span><\/p>\n<p style=\"text-align: justify;\">Warunkiem rozpatrzenia oferty jest dostarczenie do siedziby Regionalnego O\u015brodka Polityki Spo\u0142ecznej w Bia\u0142ymstoku, ul. Kombatant\u00f3w 7, 15 \u2013 110 Bia\u0142ystok (II pi\u0119tro \u2013 pok\u00f3j 116) lub przes\u0142anie poczt\u0105 na ten adres (liczy si\u0119 data stempla pocztowego) wersji papierowej <em>\u201epotwierdzenia z\u0142o\u017cenia oferty\u201d<\/em>, podpisanej przez osoby upowa\u017cnione do reprezentowania podmiotu zgodnie z wpisem w KRS lub innym dokumentem potwierdzaj\u0105cym status prawny oferenta i umocowanie os\u00f3b go reprezentuj\u0105cych wraz z obowi\u0105zuj\u0105cymi za\u0142\u0105cznikami wskazanymi w og\u0142oszeniach konkursowych.<\/p>\n<h4><a href='https:\/\/www.rops-bialystok.pl\/rops\/?p=10568' onclick='' class='wpi_designer_button   wpi_shadow wpi_shadow_1px wpi_text_shadow_no wpi_texture_no wpi_border_bottom wpi_padding_10px wpi_5px wpi_designer_button_10572 wpi_icon wpi_icon_no wpi_icon_left  ' target='' rel=''><i class=''><\/i><span class='wpi_text'>Og\u0142oszenia<\/span><\/a><\/h4>\n<h4><a href='https:\/\/www.rops-bialystok.pl\/rops\/?p=9061' onclick='' class='wpi_designer_button   wpi_shadow wpi_shadow_1px wpi_text_shadow_no wpi_texture_no wpi_border_bottom wpi_padding_10px wpi_5px wpi_designer_button_9202 wpi_icon wpi_icon_no wpi_icon_left  ' target='' rel=''><i class=''><\/i><span class='wpi_text'>Konkursy w sferze pomocy spo\u0142ecznej<\/span><\/a><\/h4>\n<a href='https:\/\/www.rops-bialystok.pl\/rops\/?p=9064' onclick='' class='wpi_designer_button   wpi_shadow wpi_shadow_1px wpi_text_shadow_no wpi_texture_no wpi_border_bottom wpi_padding_10px wpi_5px wpi_designer_button_9203 wpi_icon wpi_icon_no wpi_icon_left  ' target='' rel=''><i class=''><\/i><span class='wpi_text'>Konkursy w sferze dzia\u0142a\u0144 na rzecz os\u00f3b niepe\u0142nosprawnych<\/span><\/a>\n<a href='https:\/\/www.rops-bialystok.pl\/rops\/?p=9067' onclick='' class='wpi_designer_button   wpi_shadow wpi_shadow_1px wpi_text_shadow_no wpi_texture_no wpi_border_bottom wpi_padding_10px wpi_5px wpi_designer_button_9204 wpi_icon wpi_icon_no wpi_icon_left  ' target='' rel=''><i class=''><\/i><span class='wpi_text'>Konkursy w sferze przeciwdzia\u0142ania uzale\u017cnieniom i patologiom spo\u0142ecznym<\/span><\/a>\n<p style=\"text-align: justify;\"><strong>Harmonogram otwartych konkurs\u00f3w ofert na realizacj\u0119 zada\u0144 publicznych nale\u017c\u0105cych do Samorz\u0105du Wojew\u00f3dztwa Podlaskiego w 2016 r. w sferze pomocy spo\u0142ecznej, dzia\u0142a\u0144 na rzecz os\u00f3b niepe\u0142nosprawnych oraz przeciwdzia\u0142ania uzale\u017cnieniom i patologiom spo\u0142ecznym stanowi Za\u0142\u0105cznik Nr 2 \u201eProgramu wsp\u00f3\u0142pracy Samorz\u0105du Wojew\u00f3dztwa Podlaskiego z organizacjami pozarz\u0105dowymi oraz podmiotami wymienionymi w art. 3 ust. 3 ustawy z dnia 24 kwietnia 2003 r. o dzia\u0142alno\u015bci po\u017cytku publicznego i o wolontariacie w 2016 roku\u201d <\/strong>(<a href=\"http:\/\/bip.umwp.wrotapodlasia.pl\/wojewodztwo\/akty_prawne1\/uchwaly_sej\/uchwaly_sejmiku_od_2008\/uchwala-nr-xv-124-15-sejmiku-wojewodztwa-podlaskiego-z-dnia-2015-10-26.html\">link<\/a>)<\/p>\n<p>&nbsp;<\/p>\n","protected":false},"excerpt":{"rendered":"<p>Informujemy, i\u017c Zarz\u0105d Wojew\u00f3dztwa Podlaskiego podj\u0105\u0142 decyzj\u0119 o wprowadzeniu elektronicznego systemu obs\u0142ugi otwartych konkurs\u00f3w ofert zlecanych dla organizacji pozarz\u0105dowych i innych podmiot\u00f3w prowadz\u0105cych dzia\u0142alno\u015b\u0107 po\u017cytku publicznego przez Urz\u0105d Marsza\u0142kowski Wojew\u00f3dztwa Podlaskiego i Regionalny O\u015brodek Polityki Spo\u0142ecznej w\u00a0Bia\u0142ymstoku. W tym celu zosta\u0142a zakupiona licencja systemu pod nazw\u0105 www.WITKAC.pl. System realizuje us\u0142ug\u0119 e-administracji (cyfrowy urz\u0105d), kt\u00f3ra polega [&hellip;]<\/p>\n","protected":false},"author":12,"featured_media":0,"parent":0,"menu_order":0,"comment_status":"closed","ping_status":"closed","template":"","meta":{"ngg_post_thumbnail":0,"footnotes":""},"class_list":["post-9058","page","type-page","status-publish","hentry"],"_links":{"self":[{"href":"https:\/\/rops-bialystok.pl\/rops\/index.php?rest_route=\/wp\/v2\/pages\/9058","targetHints":{"allow":["GET"]}}],"collection":[{"href":"https:\/\/rops-bialystok.pl\/rops\/index.php?rest_route=\/wp\/v2\/pages"}],"about":[{"href":"https:\/\/rops-bialystok.pl\/rops\/index.php?rest_route=\/wp\/v2\/types\/page"}],"author":[{"embeddable":true,"href":"https:\/\/rops-bialystok.pl\/rops\/index.php?rest_route=\/wp\/v2\/users\/12"}],"replies":[{"embeddable":true,"href":"https:\/\/rops-bialystok.pl\/rops\/index.php?rest_route=%2Fwp%2Fv2%2Fcomments&post=9058"}],"version-history":[{"count":7,"href":"https:\/\/rops-bialystok.pl\/rops\/index.php?rest_route=\/wp\/v2\/pages\/9058\/revisions"}],"predecessor-version":[{"id":10570,"href":"https:\/\/rops-bialystok.pl\/rops\/index.php?rest_route=\/wp\/v2\/pages\/9058\/revisions\/10570"}],"wp:attachment":[{"href":"https:\/\/rops-bialystok.pl\/rops\/index.php?rest_route=%2Fwp%2Fv2%2Fmedia&parent=9058"}],"curies":[{"name":"wp","href":"https:\/\/api.w.org\/{rel}","templated":true}]}}